{"id":9982,"date":"2023-08-22T09:53:19","date_gmt":"2023-08-22T07:53:19","guid":{"rendered":"https:\/\/php74.dfirma.pl\/vyrobky\/nezarazene\/svorka-sestipolova-135-x-18-mm-v-183-mm\/"},"modified":"2023-08-22T10:08:52","modified_gmt":"2023-08-22T08:08:52","slug":"svorka-sestipolova-135-x-18-mm-v-183-mm","status":"publish","type":"product","link":"https:\/\/php74.dfirma.pl\/en\/vyrobky\/elektrokeramika\/svorky-svorkovnice\/svorka-sestipolova-135-x-18-mm-v-183-mm\/","title":{"rendered":"SVORKA \u0160ESTIP\u00d3LOV\u00c1, 135 x 18 mm, V 18,3 mm"},"content":{"rendered":"","protected":false},"excerpt":{"rendered":"<p>SVORKA \u0160ESTIP\u00d3LOV\u00c1 135 x 18 mm, V 18,3 mm<\/p>\n","protected":false},"featured_media":9992,"comment_status":"open","ping_status":"closed","template":"","meta":[],"product_cat":[94,104],"product_tag":[],"class_list":["post-9982","product","type-product","status-publish","has-post-thumbnail","hentry","product_cat-elektrokeramika","product_cat-svorky-svorkovnice"],"acf":[],"_links":{"self":[{"href":"https:\/\/php74.dfirma.pl\/en\/wp-json\/wp\/v2\/product\/9982","targetHints":{"allow":["GET"]}}],"collection":[{"href":"https:\/\/php74.dfirma.pl\/en\/wp-json\/wp\/v2\/product"}],"about":[{"href":"https:\/\/php74.dfirma.pl\/en\/wp-json\/wp\/v2\/types\/product"}],"replies":[{"embeddable":true,"href":"https:\/\/php74.dfirma.pl\/en\/wp-json\/wp\/v2\/comments?post=9982"}],"wp:featuredmedia":[{"embeddable":true,"href":"https:\/\/php74.dfirma.pl\/en\/wp-json\/wp\/v2\/media\/9992"}],"wp:attachment":[{"href":"https:\/\/php74.dfirma.pl\/en\/wp-json\/wp\/v2\/media?parent=9982"}],"wp:term":[{"taxonomy":"product_cat","embeddable":true,"href":"https:\/\/php74.dfirma.pl\/en\/wp-json\/wp\/v2\/product_cat?post=9982"},{"taxonomy":"product_tag","embeddable":true,"href":"https:\/\/php74.dfirma.pl\/en\/wp-json\/wp\/v2\/product_tag?post=9982"}],"curies":[{"name":"wp","href":"https:\/\/api.w.org\/{rel}","templated":true}]}}