{"id":9948,"date":"2023-08-21T07:10:24","date_gmt":"2023-08-21T05:10:24","guid":{"rendered":"https:\/\/php74.dfirma.pl\/vyrobky\/nezarazene\/prichytka-20-x-20-mm-v-25-mm\/"},"modified":"2023-08-21T07:26:52","modified_gmt":"2023-08-21T05:26:52","slug":"prichytka-20-x-20-mm-v-25-mm","status":"publish","type":"product","link":"https:\/\/php74.dfirma.pl\/en\/vyrobky\/elektrokeramika\/izolacni-dily\/prichytka-20-x-20-mm-v-25-mm\/","title":{"rendered":"P\u0158\u00cdCHYTKA 20 x 20 mm, V 25 mm"},"content":{"rendered":"","protected":false},"excerpt":{"rendered":"<p>P\u0158\u00cdCHYTKA KABELOV\u00c1 NA DIN LI\u0160TU &#8211; MAL\u00c1 20 x 20 x 25 mm, s mont\u00e1\u017e\u00ed<\/p>\n","protected":false},"featured_media":9973,"comment_status":"open","ping_status":"closed","template":"","meta":[],"product_cat":[94,99],"product_tag":[],"class_list":["post-9948","product","type-product","status-publish","has-post-thumbnail","hentry","product_cat-elektrokeramika","product_cat-izolacni-dily"],"acf":[],"_links":{"self":[{"href":"https:\/\/php74.dfirma.pl\/en\/wp-json\/wp\/v2\/product\/9948","targetHints":{"allow":["GET"]}}],"collection":[{"href":"https:\/\/php74.dfirma.pl\/en\/wp-json\/wp\/v2\/product"}],"about":[{"href":"https:\/\/php74.dfirma.pl\/en\/wp-json\/wp\/v2\/types\/product"}],"replies":[{"embeddable":true,"href":"https:\/\/php74.dfirma.pl\/en\/wp-json\/wp\/v2\/comments?post=9948"}],"wp:featuredmedia":[{"embeddable":true,"href":"https:\/\/php74.dfirma.pl\/en\/wp-json\/wp\/v2\/media\/9973"}],"wp:attachment":[{"href":"https:\/\/php74.dfirma.pl\/en\/wp-json\/wp\/v2\/media?parent=9948"}],"wp:term":[{"taxonomy":"product_cat","embeddable":true,"href":"https:\/\/php74.dfirma.pl\/en\/wp-json\/wp\/v2\/product_cat?post=9948"},{"taxonomy":"product_tag","embeddable":true,"href":"https:\/\/php74.dfirma.pl\/en\/wp-json\/wp\/v2\/product_tag?post=9948"}],"curies":[{"name":"wp","href":"https:\/\/api.w.org\/{rel}","templated":true}]}}