{"id":9944,"date":"2023-08-21T07:10:24","date_gmt":"2023-08-21T05:10:24","guid":{"rendered":"https:\/\/php74.dfirma.pl\/vyrobky\/nezarazene\/prichytka-vrsek-41-x-15-mm-v-12-mm\/"},"modified":"2023-08-21T07:24:23","modified_gmt":"2023-08-21T05:24:23","slug":"prichytka-vrsek-41-x-15-mm-v-12-mm","status":"publish","type":"product","link":"https:\/\/php74.dfirma.pl\/en\/vyrobky\/elektrokeramika\/izolacni-dily\/prichytka-vrsek-41-x-15-mm-v-12-mm\/","title":{"rendered":"P\u0158\u00cdCHYTKA VR\u0160EK 41 x 15 mm, V 12 mm"},"content":{"rendered":"","protected":false},"excerpt":{"rendered":"<p>P\u0158\u00cdCHYTKA KABELOV\u00c1 MAL\u00c1 &#8211; VR\u0160EK 41 x 15 x 12 mm, kabel \u00d8 10 mm<\/p>\n","protected":false},"featured_media":9961,"comment_status":"open","ping_status":"closed","template":"","meta":[],"product_cat":[94,99],"product_tag":[],"class_list":["post-9944","product","type-product","status-publish","has-post-thumbnail","hentry","product_cat-elektrokeramika","product_cat-izolacni-dily"],"acf":[],"_links":{"self":[{"href":"https:\/\/php74.dfirma.pl\/en\/wp-json\/wp\/v2\/product\/9944","targetHints":{"allow":["GET"]}}],"collection":[{"href":"https:\/\/php74.dfirma.pl\/en\/wp-json\/wp\/v2\/product"}],"about":[{"href":"https:\/\/php74.dfirma.pl\/en\/wp-json\/wp\/v2\/types\/product"}],"replies":[{"embeddable":true,"href":"https:\/\/php74.dfirma.pl\/en\/wp-json\/wp\/v2\/comments?post=9944"}],"wp:featuredmedia":[{"embeddable":true,"href":"https:\/\/php74.dfirma.pl\/en\/wp-json\/wp\/v2\/media\/9961"}],"wp:attachment":[{"href":"https:\/\/php74.dfirma.pl\/en\/wp-json\/wp\/v2\/media?parent=9944"}],"wp:term":[{"taxonomy":"product_cat","embeddable":true,"href":"https:\/\/php74.dfirma.pl\/en\/wp-json\/wp\/v2\/product_cat?post=9944"},{"taxonomy":"product_tag","embeddable":true,"href":"https:\/\/php74.dfirma.pl\/en\/wp-json\/wp\/v2\/product_tag?post=9944"}],"curies":[{"name":"wp","href":"https:\/\/api.w.org\/{rel}","templated":true}]}}