{"id":9941,"date":"2023-08-21T07:10:24","date_gmt":"2023-08-21T05:10:24","guid":{"rendered":"https:\/\/php74.dfirma.pl\/vyrobky\/nezarazene\/kamen-izolacni-60-x-30-x-40-mm\/"},"modified":"2023-08-21T07:22:06","modified_gmt":"2023-08-21T05:22:06","slug":"kamen-izolacni-60-x-30-x-40-mm","status":"publish","type":"product","link":"https:\/\/php74.dfirma.pl\/en\/vyrobky\/elektrokeramika\/izolacni-dily\/kamen-izolacni-60-x-30-x-40-mm\/","title":{"rendered":"K\u00c1MEN IZOLA\u010cN\u00cd 60 x 30 x 40 mm"},"content":{"rendered":"","protected":false},"excerpt":{"rendered":"<p>K\u00c1MEN IZOLA\u010cN\u00cd 60 x 30 x 40 mm<\/p>\n","protected":false},"featured_media":9952,"comment_status":"open","ping_status":"closed","template":"","meta":[],"product_cat":[94,99],"product_tag":[],"class_list":["post-9941","product","type-product","status-publish","has-post-thumbnail","hentry","product_cat-elektrokeramika","product_cat-izolacni-dily"],"acf":[],"_links":{"self":[{"href":"https:\/\/php74.dfirma.pl\/en\/wp-json\/wp\/v2\/product\/9941","targetHints":{"allow":["GET"]}}],"collection":[{"href":"https:\/\/php74.dfirma.pl\/en\/wp-json\/wp\/v2\/product"}],"about":[{"href":"https:\/\/php74.dfirma.pl\/en\/wp-json\/wp\/v2\/types\/product"}],"replies":[{"embeddable":true,"href":"https:\/\/php74.dfirma.pl\/en\/wp-json\/wp\/v2\/comments?post=9941"}],"wp:featuredmedia":[{"embeddable":true,"href":"https:\/\/php74.dfirma.pl\/en\/wp-json\/wp\/v2\/media\/9952"}],"wp:attachment":[{"href":"https:\/\/php74.dfirma.pl\/en\/wp-json\/wp\/v2\/media?parent=9941"}],"wp:term":[{"taxonomy":"product_cat","embeddable":true,"href":"https:\/\/php74.dfirma.pl\/en\/wp-json\/wp\/v2\/product_cat?post=9941"},{"taxonomy":"product_tag","embeddable":true,"href":"https:\/\/php74.dfirma.pl\/en\/wp-json\/wp\/v2\/product_tag?post=9941"}],"curies":[{"name":"wp","href":"https:\/\/api.w.org\/{rel}","templated":true}]}}