{"id":9877,"date":"2023-08-18T11:11:13","date_gmt":"2023-08-18T09:11:13","guid":{"rendered":"https:\/\/php74.dfirma.pl\/vyrobky\/nezarazene\/uchyt-nabytkovy-velky-rustikal-bily\/"},"modified":"2023-08-18T11:22:10","modified_gmt":"2023-08-18T09:22:10","slug":"uchyt-nabytkovy-velky-rustikal-bily","status":"publish","type":"product","link":"https:\/\/php74.dfirma.pl\/en\/vyrobky\/ostatni\/nabytkove-uchyty\/uchyt-nabytkovy-velky-rustikal-bily\/","title":{"rendered":"\u00daCHYT N\u00c1BYTKOV\u00dd VELK\u00dd RUSTIKAL B\u00cdL\u00dd"},"content":{"rendered":"","protected":false},"excerpt":{"rendered":"<p>\u00daCHYT N\u00c1BYTKOV\u00dd \u00d8 35,5 m, V 36,4 mm, mont. \u0161roub max. \u00d8 4<\/p>\n","protected":false},"featured_media":9890,"comment_status":"open","ping_status":"closed","template":"","meta":[],"product_cat":[110,109],"product_tag":[],"class_list":["post-9877","product","type-product","status-publish","has-post-thumbnail","hentry","product_cat-nabytkove-uchyty","product_cat-ostatni"],"acf":[],"_links":{"self":[{"href":"https:\/\/php74.dfirma.pl\/en\/wp-json\/wp\/v2\/product\/9877","targetHints":{"allow":["GET"]}}],"collection":[{"href":"https:\/\/php74.dfirma.pl\/en\/wp-json\/wp\/v2\/product"}],"about":[{"href":"https:\/\/php74.dfirma.pl\/en\/wp-json\/wp\/v2\/types\/product"}],"replies":[{"embeddable":true,"href":"https:\/\/php74.dfirma.pl\/en\/wp-json\/wp\/v2\/comments?post=9877"}],"wp:featuredmedia":[{"embeddable":true,"href":"https:\/\/php74.dfirma.pl\/en\/wp-json\/wp\/v2\/media\/9890"}],"wp:attachment":[{"href":"https:\/\/php74.dfirma.pl\/en\/wp-json\/wp\/v2\/media?parent=9877"}],"wp:term":[{"taxonomy":"product_cat","embeddable":true,"href":"https:\/\/php74.dfirma.pl\/en\/wp-json\/wp\/v2\/product_cat?post=9877"},{"taxonomy":"product_tag","embeddable":true,"href":"https:\/\/php74.dfirma.pl\/en\/wp-json\/wp\/v2\/product_tag?post=9877"}],"curies":[{"name":"wp","href":"https:\/\/api.w.org\/{rel}","templated":true}]}}