{"id":9487,"date":"2023-03-28T12:35:32","date_gmt":"2023-03-28T10:35:32","guid":{"rendered":"https:\/\/php74.dfirma.pl\/vyrobky\/uncategorized\/filtr-rk5-o-80-337-otvoru-o-28-mm\/"},"modified":"2023-03-28T12:35:32","modified_gmt":"2023-03-28T10:35:32","slug":"filtr-rk5-o-80-337-otvoru-o-28-mm","status":"publish","type":"product","link":"https:\/\/php74.dfirma.pl\/en\/products\/slevarenska-keramika\/filtr-rk5-o-80-337-otvoru-o-28-mm\/","title":{"rendered":"FILTR RK5 \u00d8 80 &#8211; 337 otvor\u016f \u00d8 2,8 mm"},"content":{"rendered":"","protected":false},"excerpt":{"rendered":"<p>filtr pro filtraci oceli \u00d8 80 mm<br \/>\ndostupn\u00e9 v\u00fd\u0161ky 20 &#8211; 25 mm<br \/>\n337 otvor\u016f \u00d8 2,8 mm<\/p>\n","protected":false},"featured_media":9225,"comment_status":"open","ping_status":"closed","template":"","meta":[],"product_cat":[54],"product_tag":[],"class_list":["post-9487","product","type-product","status-publish","has-post-thumbnail","hentry","product_cat-slevarenska-keramika"],"acf":[],"_links":{"self":[{"href":"https:\/\/php74.dfirma.pl\/en\/wp-json\/wp\/v2\/product\/9487","targetHints":{"allow":["GET"]}}],"collection":[{"href":"https:\/\/php74.dfirma.pl\/en\/wp-json\/wp\/v2\/product"}],"about":[{"href":"https:\/\/php74.dfirma.pl\/en\/wp-json\/wp\/v2\/types\/product"}],"replies":[{"embeddable":true,"href":"https:\/\/php74.dfirma.pl\/en\/wp-json\/wp\/v2\/comments?post=9487"}],"wp:featuredmedia":[{"embeddable":true,"href":"https:\/\/php74.dfirma.pl\/en\/wp-json\/wp\/v2\/media\/9225"}],"wp:attachment":[{"href":"https:\/\/php74.dfirma.pl\/en\/wp-json\/wp\/v2\/media?parent=9487"}],"wp:term":[{"taxonomy":"product_cat","embeddable":true,"href":"https:\/\/php74.dfirma.pl\/en\/wp-json\/wp\/v2\/product_cat?post=9487"},{"taxonomy":"product_tag","embeddable":true,"href":"https:\/\/php74.dfirma.pl\/en\/wp-json\/wp\/v2\/product_tag?post=9487"}],"curies":[{"name":"wp","href":"https:\/\/api.w.org\/{rel}","templated":true}]}}