{"id":9371,"date":"2023-03-16T09:02:47","date_gmt":"2023-03-16T08:02:47","guid":{"rendered":"https:\/\/php74.dfirma.pl\/vyrobky\/nezarazene\/trubka-pyrostat-o-74-40-20\/"},"modified":"2023-03-16T14:01:48","modified_gmt":"2023-03-16T13:01:48","slug":"trubka-pyrostat-o-74-40-20","status":"publish","type":"product","link":"https:\/\/php74.dfirma.pl\/en\/vyrobky\/topna-keramika\/trubky\/prirubove\/trubka-pyrostat-o-74-40-20\/","title":{"rendered":"TRUBKA PYROSTAT \u00d8 74\/40\/20"},"content":{"rendered":"","protected":false},"excerpt":{"rendered":"<p>TRUBKA S P\u0158\u00cdRUBOU \u00d8 74\/40\/20 mm<br \/>\ndostupn\u00e9 d\u00e9lky 50 &#8211; 600 mm<\/p>\n","protected":false},"featured_media":9225,"comment_status":"open","ping_status":"closed","template":"","meta":[],"product_cat":[92,82,89],"product_tag":[],"class_list":["post-9371","product","type-product","status-publish","has-post-thumbnail","hentry","product_cat-prirubove","product_cat-topna-keramika","product_cat-trubky"],"acf":[],"_links":{"self":[{"href":"https:\/\/php74.dfirma.pl\/en\/wp-json\/wp\/v2\/product\/9371","targetHints":{"allow":["GET"]}}],"collection":[{"href":"https:\/\/php74.dfirma.pl\/en\/wp-json\/wp\/v2\/product"}],"about":[{"href":"https:\/\/php74.dfirma.pl\/en\/wp-json\/wp\/v2\/types\/product"}],"replies":[{"embeddable":true,"href":"https:\/\/php74.dfirma.pl\/en\/wp-json\/wp\/v2\/comments?post=9371"}],"wp:featuredmedia":[{"embeddable":true,"href":"https:\/\/php74.dfirma.pl\/en\/wp-json\/wp\/v2\/media\/9225"}],"wp:attachment":[{"href":"https:\/\/php74.dfirma.pl\/en\/wp-json\/wp\/v2\/media?parent=9371"}],"wp:term":[{"taxonomy":"product_cat","embeddable":true,"href":"https:\/\/php74.dfirma.pl\/en\/wp-json\/wp\/v2\/product_cat?post=9371"},{"taxonomy":"product_tag","embeddable":true,"href":"https:\/\/php74.dfirma.pl\/en\/wp-json\/wp\/v2\/product_tag?post=9371"}],"curies":[{"name":"wp","href":"https:\/\/api.w.org\/{rel}","templated":true}]}}