{"id":9334,"date":"2023-03-16T09:01:22","date_gmt":"2023-03-16T08:01:22","guid":{"rendered":"https:\/\/php74.dfirma.pl\/vyrobky\/nezarazene\/komora-filtracni-kulata-o-200-1304-otvoru-o-39-mm\/"},"modified":"2023-04-06T12:00:56","modified_gmt":"2023-04-06T10:00:56","slug":"komora-filtracni-kulata-o-200-1304-otvoru-o-39-mm","status":"publish","type":"product","link":"https:\/\/php74.dfirma.pl\/en\/vyrobky\/slevarenska-keramika\/filtrace-litiny\/filtrace-velkych-odlitku\/komora-filtracni-kulata-o-200-1304-otvoru-o-39-mm\/","title":{"rendered":"KOMORA FILTRA\u010cN\u00cd KULAT\u00c1 \u00d8 200 &#8211; 1304 otvor\u016f \u00d8 3,9 mm"},"content":{"rendered":"","protected":false},"excerpt":{"rendered":"<p>KOMORA FILTRA\u010cN\u00cd KULAT\u00c1 \u00d8 200 mm<br \/>\n\u00d8 vtoku 80 mm<br \/>\n1304 otvor\u016f \u00d8 3,9 mm<\/p>\n","protected":false},"featured_media":9780,"comment_status":"open","ping_status":"closed","template":"","meta":[],"product_cat":[55,65,54],"product_tag":[],"class_list":["post-9334","product","type-product","status-publish","has-post-thumbnail","hentry","product_cat-filtrace-litiny","product_cat-filtrace-velkych-odlitku","product_cat-slevarenska-keramika"],"acf":[],"_links":{"self":[{"href":"https:\/\/php74.dfirma.pl\/en\/wp-json\/wp\/v2\/product\/9334","targetHints":{"allow":["GET"]}}],"collection":[{"href":"https:\/\/php74.dfirma.pl\/en\/wp-json\/wp\/v2\/product"}],"about":[{"href":"https:\/\/php74.dfirma.pl\/en\/wp-json\/wp\/v2\/types\/product"}],"replies":[{"embeddable":true,"href":"https:\/\/php74.dfirma.pl\/en\/wp-json\/wp\/v2\/comments?post=9334"}],"wp:featuredmedia":[{"embeddable":true,"href":"https:\/\/php74.dfirma.pl\/en\/wp-json\/wp\/v2\/media\/9780"}],"wp:attachment":[{"href":"https:\/\/php74.dfirma.pl\/en\/wp-json\/wp\/v2\/media?parent=9334"}],"wp:term":[{"taxonomy":"product_cat","embeddable":true,"href":"https:\/\/php74.dfirma.pl\/en\/wp-json\/wp\/v2\/product_cat?post=9334"},{"taxonomy":"product_tag","embeddable":true,"href":"https:\/\/php74.dfirma.pl\/en\/wp-json\/wp\/v2\/product_tag?post=9334"}],"curies":[{"name":"wp","href":"https:\/\/api.w.org\/{rel}","templated":true}]}}