{"id":9326,"date":"2023-03-16T09:01:22","date_gmt":"2023-03-16T08:01:22","guid":{"rendered":"https:\/\/php74.dfirma.pl\/vyrobky\/nezarazene\/filtr-pyrostat-o-150-518-otvoru-o-39-mm\/"},"modified":"2023-03-16T12:08:33","modified_gmt":"2023-03-16T11:08:33","slug":"filtr-pyrostat-o-150-518-otvoru-o-39-mm","status":"publish","type":"product","link":"https:\/\/php74.dfirma.pl\/en\/vyrobky\/slevarenska-keramika\/filtrace-barevnych-kovu\/filtry-kruhove-filtrace-barevnych-kovu\/filtr-pyrostat-o-150-518-otvoru-o-39-mm\/","title":{"rendered":"FILTR PYROSTAT &#8211;  \u00d8 150 &#8211; 518 otvor\u016f \u00d8 3,9 mm"},"content":{"rendered":"","protected":false},"excerpt":{"rendered":"<p>filtr pro filtraci litiny \u00d8 150mm<br \/>\nv\u00fd\u0161ky 12,7 &#8211; 22 mm<br \/>\n518 otvor\u016f \u00d8 3,9 mm<\/p>\n","protected":false},"featured_media":9225,"comment_status":"open","ping_status":"closed","template":"","meta":[],"product_cat":[58,55,63,78,54],"product_tag":[],"class_list":["post-9326","product","type-product","status-publish","has-post-thumbnail","hentry","product_cat-filtrace-barevnych-kovu","product_cat-filtrace-litiny","product_cat-filtry-kruhove","product_cat-filtry-kruhove-filtrace-barevnych-kovu","product_cat-slevarenska-keramika"],"acf":[],"_links":{"self":[{"href":"https:\/\/php74.dfirma.pl\/en\/wp-json\/wp\/v2\/product\/9326","targetHints":{"allow":["GET"]}}],"collection":[{"href":"https:\/\/php74.dfirma.pl\/en\/wp-json\/wp\/v2\/product"}],"about":[{"href":"https:\/\/php74.dfirma.pl\/en\/wp-json\/wp\/v2\/types\/product"}],"replies":[{"embeddable":true,"href":"https:\/\/php74.dfirma.pl\/en\/wp-json\/wp\/v2\/comments?post=9326"}],"wp:featuredmedia":[{"embeddable":true,"href":"https:\/\/php74.dfirma.pl\/en\/wp-json\/wp\/v2\/media\/9225"}],"wp:attachment":[{"href":"https:\/\/php74.dfirma.pl\/en\/wp-json\/wp\/v2\/media?parent=9326"}],"wp:term":[{"taxonomy":"product_cat","embeddable":true,"href":"https:\/\/php74.dfirma.pl\/en\/wp-json\/wp\/v2\/product_cat?post=9326"},{"taxonomy":"product_tag","embeddable":true,"href":"https:\/\/php74.dfirma.pl\/en\/wp-json\/wp\/v2\/product_tag?post=9326"}],"curies":[{"name":"wp","href":"https:\/\/api.w.org\/{rel}","templated":true}]}}