{"id":9296,"date":"2023-03-16T09:01:17","date_gmt":"2023-03-16T08:01:17","guid":{"rendered":"https:\/\/php74.dfirma.pl\/vyrobky\/nezarazene\/filtr-pyral15-100x100-585-otvoru-o-32-mm\/"},"modified":"2023-03-16T12:48:25","modified_gmt":"2023-03-16T11:48:25","slug":"filtr-pyral15-100x100-585-otvoru-o-32-mm","status":"publish","type":"product","link":"https:\/\/php74.dfirma.pl\/en\/vyrobky\/slevarenska-keramika\/filtrace-hliniku\/filtry-ctvercove-filtrace-hliniku\/filtr-pyral15-100x100-585-otvoru-o-32-mm\/","title":{"rendered":"FILTR PYRAL15 &#8211; 100X100 &#8211; 585 otvor\u016f \u00d8 3,2 mm"},"content":{"rendered":"","protected":false},"excerpt":{"rendered":"<p>filtr pro filtraci hlin\u00edku 100X100 mm<br \/>\nv\u00fd\u0161ky 20 &#8211; 25 mm<br \/>\n585 otvor\u016f \u00d8 3,2 mm<\/p>\n","protected":false},"featured_media":9225,"comment_status":"open","ping_status":"closed","template":"","meta":[],"product_cat":[57,72,54],"product_tag":[],"class_list":["post-9296","product","type-product","status-publish","has-post-thumbnail","hentry","product_cat-filtrace-hliniku","product_cat-filtry-ctvercove-filtrace-hliniku","product_cat-slevarenska-keramika"],"acf":[],"_links":{"self":[{"href":"https:\/\/php74.dfirma.pl\/en\/wp-json\/wp\/v2\/product\/9296","targetHints":{"allow":["GET"]}}],"collection":[{"href":"https:\/\/php74.dfirma.pl\/en\/wp-json\/wp\/v2\/product"}],"about":[{"href":"https:\/\/php74.dfirma.pl\/en\/wp-json\/wp\/v2\/types\/product"}],"replies":[{"embeddable":true,"href":"https:\/\/php74.dfirma.pl\/en\/wp-json\/wp\/v2\/comments?post=9296"}],"wp:featuredmedia":[{"embeddable":true,"href":"https:\/\/php74.dfirma.pl\/en\/wp-json\/wp\/v2\/media\/9225"}],"wp:attachment":[{"href":"https:\/\/php74.dfirma.pl\/en\/wp-json\/wp\/v2\/media?parent=9296"}],"wp:term":[{"taxonomy":"product_cat","embeddable":true,"href":"https:\/\/php74.dfirma.pl\/en\/wp-json\/wp\/v2\/product_cat?post=9296"},{"taxonomy":"product_tag","embeddable":true,"href":"https:\/\/php74.dfirma.pl\/en\/wp-json\/wp\/v2\/product_tag?post=9296"}],"curies":[{"name":"wp","href":"https:\/\/api.w.org\/{rel}","templated":true}]}}