{"id":9279,"date":"2023-03-16T09:01:13","date_gmt":"2023-03-16T08:01:13","guid":{"rendered":"https:\/\/php74.dfirma.pl\/vyrobky\/nezarazene\/filtr-rk5-133-x-133-1068-otvoru-o-32-mm\/"},"modified":"2023-03-16T13:05:06","modified_gmt":"2023-03-16T12:05:06","slug":"filtr-rk5-133-x-133-1068-otvoru-o-32-mm","status":"publish","type":"product","link":"https:\/\/php74.dfirma.pl\/en\/vyrobky\/slevarenska-keramika\/filtrace-oceli\/filtry-ctvercove-filtrace-oceli\/filtr-rk5-133-x-133-1068-otvoru-o-32-mm\/","title":{"rendered":"FILTR RK5 133 x 133 &#8211; 1068 otvor\u016f \u00d8 3,2 mm"},"content":{"rendered":"","protected":false},"excerpt":{"rendered":"<p>filtr pro filtraci oceli 133 x 133 mm<br \/>\ndostupn\u00e9 v\u00fd\u0161ky 20 &#8211; 30 mm<br \/>\n1068 otvor\u016f \u00d8 3,2 mm<\/p>\n","protected":false},"featured_media":9225,"comment_status":"open","ping_status":"closed","template":"","meta":[],"product_cat":[56,67,54],"product_tag":[],"class_list":["post-9279","product","type-product","status-publish","has-post-thumbnail","hentry","product_cat-filtrace-oceli","product_cat-filtry-ctvercove-filtrace-oceli","product_cat-slevarenska-keramika"],"acf":[],"_links":{"self":[{"href":"https:\/\/php74.dfirma.pl\/en\/wp-json\/wp\/v2\/product\/9279","targetHints":{"allow":["GET"]}}],"collection":[{"href":"https:\/\/php74.dfirma.pl\/en\/wp-json\/wp\/v2\/product"}],"about":[{"href":"https:\/\/php74.dfirma.pl\/en\/wp-json\/wp\/v2\/types\/product"}],"replies":[{"embeddable":true,"href":"https:\/\/php74.dfirma.pl\/en\/wp-json\/wp\/v2\/comments?post=9279"}],"wp:featuredmedia":[{"embeddable":true,"href":"https:\/\/php74.dfirma.pl\/en\/wp-json\/wp\/v2\/media\/9225"}],"wp:attachment":[{"href":"https:\/\/php74.dfirma.pl\/en\/wp-json\/wp\/v2\/media?parent=9279"}],"wp:term":[{"taxonomy":"product_cat","embeddable":true,"href":"https:\/\/php74.dfirma.pl\/en\/wp-json\/wp\/v2\/product_cat?post=9279"},{"taxonomy":"product_tag","embeddable":true,"href":"https:\/\/php74.dfirma.pl\/en\/wp-json\/wp\/v2\/product_tag?post=9279"}],"curies":[{"name":"wp","href":"https:\/\/api.w.org\/{rel}","templated":true}]}}