{"id":9265,"date":"2023-03-16T09:01:12","date_gmt":"2023-03-16T08:01:12","guid":{"rendered":"https:\/\/php74.dfirma.pl\/vyrobky\/nezarazene\/filtr-pyrostat-o-75-529-otvoru-o-22-mm\/"},"modified":"2023-04-06T09:31:44","modified_gmt":"2023-04-06T07:31:44","slug":"filtr-pyrostat-o-75-529-otvoru-o-22-mm","status":"publish","type":"product","link":"https:\/\/php74.dfirma.pl\/en\/vyrobky\/slevarenska-keramika\/filtrace-barevnych-kovu\/filtry-kruhove-filtrace-barevnych-kovu\/filtr-pyrostat-o-75-529-otvoru-o-22-mm\/","title":{"rendered":"FILTR PYROSTAT &#8211;  \u00d8 75 &#8211; 529 otvor\u016f \u00d8 2,2 mm"},"content":{"rendered":"","protected":false},"excerpt":{"rendered":"<p>filtr pro filtraci litiny \u00d8 75mm<br \/>\nv\u00fd\u0161ky 12,7 &#8211; 22 mm<br \/>\n529 otvor\u016f \u00d8 2,2 mm<\/p>\n","protected":false},"featured_media":9666,"comment_status":"open","ping_status":"closed","template":"","meta":[],"product_cat":[58,55,63,78,54],"product_tag":[],"class_list":["post-9265","product","type-product","status-publish","has-post-thumbnail","hentry","product_cat-filtrace-barevnych-kovu","product_cat-filtrace-litiny","product_cat-filtry-kruhove","product_cat-filtry-kruhove-filtrace-barevnych-kovu","product_cat-slevarenska-keramika"],"acf":[],"_links":{"self":[{"href":"https:\/\/php74.dfirma.pl\/en\/wp-json\/wp\/v2\/product\/9265","targetHints":{"allow":["GET"]}}],"collection":[{"href":"https:\/\/php74.dfirma.pl\/en\/wp-json\/wp\/v2\/product"}],"about":[{"href":"https:\/\/php74.dfirma.pl\/en\/wp-json\/wp\/v2\/types\/product"}],"replies":[{"embeddable":true,"href":"https:\/\/php74.dfirma.pl\/en\/wp-json\/wp\/v2\/comments?post=9265"}],"wp:featuredmedia":[{"embeddable":true,"href":"https:\/\/php74.dfirma.pl\/en\/wp-json\/wp\/v2\/media\/9666"}],"wp:attachment":[{"href":"https:\/\/php74.dfirma.pl\/en\/wp-json\/wp\/v2\/media?parent=9265"}],"wp:term":[{"taxonomy":"product_cat","embeddable":true,"href":"https:\/\/php74.dfirma.pl\/en\/wp-json\/wp\/v2\/product_cat?post=9265"},{"taxonomy":"product_tag","embeddable":true,"href":"https:\/\/php74.dfirma.pl\/en\/wp-json\/wp\/v2\/product_tag?post=9265"}],"curies":[{"name":"wp","href":"https:\/\/api.w.org\/{rel}","templated":true}]}}