{"id":9257,"date":"2023-03-16T08:58:45","date_gmt":"2023-03-16T07:58:45","guid":{"rendered":"https:\/\/php74.dfirma.pl\/vyrobky\/nezarazene\/valecek-boilerovy-o-472\/"},"modified":"2024-06-11T11:02:07","modified_gmt":"2024-06-11T09:02:07","slug":"valecek-boilerovy-o-472","status":"publish","type":"product","link":"https:\/\/php74.dfirma.pl\/en\/vyrobky\/topna-keramika\/keramika-topnych-teles\/nosic-spiral-valeckovy\/valecek-boilerovy-o-472\/","title":{"rendered":"V\u00c1LE\u010cEK BOILEROV\u00dd \u00d8 47,2"},"content":{"rendered":"","protected":false},"excerpt":{"rendered":"<p>V\u00c1LE\u010cEK BOILEROV\u00dd \u00d8 47,2 mm<br \/>\nv\u00fd\u0161ka 57,7 mm<br \/>\npo\u010det spir\u00e1l: 12<\/p>\n","protected":false},"featured_media":10223,"comment_status":"open","ping_status":"closed","template":"","meta":[],"product_cat":[83,84,82],"product_tag":[],"class_list":["post-9257","product","type-product","status-publish","has-post-thumbnail","hentry","product_cat-keramika-topnych-teles","product_cat-nosic-spiral-valeckovy","product_cat-topna-keramika"],"acf":[],"_links":{"self":[{"href":"https:\/\/php74.dfirma.pl\/en\/wp-json\/wp\/v2\/product\/9257","targetHints":{"allow":["GET"]}}],"collection":[{"href":"https:\/\/php74.dfirma.pl\/en\/wp-json\/wp\/v2\/product"}],"about":[{"href":"https:\/\/php74.dfirma.pl\/en\/wp-json\/wp\/v2\/types\/product"}],"replies":[{"embeddable":true,"href":"https:\/\/php74.dfirma.pl\/en\/wp-json\/wp\/v2\/comments?post=9257"}],"wp:featuredmedia":[{"embeddable":true,"href":"https:\/\/php74.dfirma.pl\/en\/wp-json\/wp\/v2\/media\/10223"}],"wp:attachment":[{"href":"https:\/\/php74.dfirma.pl\/en\/wp-json\/wp\/v2\/media?parent=9257"}],"wp:term":[{"taxonomy":"product_cat","embeddable":true,"href":"https:\/\/php74.dfirma.pl\/en\/wp-json\/wp\/v2\/product_cat?post=9257"},{"taxonomy":"product_tag","embeddable":true,"href":"https:\/\/php74.dfirma.pl\/en\/wp-json\/wp\/v2\/product_tag?post=9257"}],"curies":[{"name":"wp","href":"https:\/\/api.w.org\/{rel}","templated":true}]}}