{"id":9252,"date":"2023-03-16T08:58:45","date_gmt":"2023-03-16T07:58:45","guid":{"rendered":"https:\/\/php74.dfirma.pl\/vyrobky\/nezarazene\/nosic-topnych-spiral-120x50x15mm\/"},"modified":"2023-04-06T09:27:30","modified_gmt":"2023-04-06T07:27:30","slug":"nosic-topnych-spiral-120x50x15mm","status":"publish","type":"product","link":"https:\/\/php74.dfirma.pl\/en\/vyrobky\/topna-keramika\/keramika-topnych-teles\/nosic-topnych-spiral-120x50x15mm\/","title":{"rendered":"NOSI\u010c TOPN\u00ddCH SPIR\u00c1L 120 x 50 x 15 mm"},"content":{"rendered":"","protected":false},"excerpt":{"rendered":"<p>NOSI\u010c TOPN\u00ddCH SPIR\u00c1L<br \/>\n120x50x15MM<\/p>\n","protected":false},"featured_media":9657,"comment_status":"open","ping_status":"closed","template":"","meta":[],"product_cat":[83,82],"product_tag":[],"class_list":["post-9252","product","type-product","status-publish","has-post-thumbnail","hentry","product_cat-keramika-topnych-teles","product_cat-topna-keramika"],"acf":[],"_links":{"self":[{"href":"https:\/\/php74.dfirma.pl\/en\/wp-json\/wp\/v2\/product\/9252","targetHints":{"allow":["GET"]}}],"collection":[{"href":"https:\/\/php74.dfirma.pl\/en\/wp-json\/wp\/v2\/product"}],"about":[{"href":"https:\/\/php74.dfirma.pl\/en\/wp-json\/wp\/v2\/types\/product"}],"replies":[{"embeddable":true,"href":"https:\/\/php74.dfirma.pl\/en\/wp-json\/wp\/v2\/comments?post=9252"}],"wp:featuredmedia":[{"embeddable":true,"href":"https:\/\/php74.dfirma.pl\/en\/wp-json\/wp\/v2\/media\/9657"}],"wp:attachment":[{"href":"https:\/\/php74.dfirma.pl\/en\/wp-json\/wp\/v2\/media?parent=9252"}],"wp:term":[{"taxonomy":"product_cat","embeddable":true,"href":"https:\/\/php74.dfirma.pl\/en\/wp-json\/wp\/v2\/product_cat?post=9252"},{"taxonomy":"product_tag","embeddable":true,"href":"https:\/\/php74.dfirma.pl\/en\/wp-json\/wp\/v2\/product_tag?post=9252"}],"curies":[{"name":"wp","href":"https:\/\/api.w.org\/{rel}","templated":true}]}}