{"id":9250,"date":"2023-03-16T08:58:44","date_gmt":"2023-03-16T07:58:44","guid":{"rendered":"https:\/\/php74.dfirma.pl\/vyrobky\/nezarazene\/nosic-spiral-172-x-38-mm-v-32-mm-9-drazek\/"},"modified":"2023-04-06T09:38:01","modified_gmt":"2023-04-06T07:38:01","slug":"nosic-spiral-172-x-38-mm-v-32-mm-9-drazek","status":"publish","type":"product","link":"https:\/\/php74.dfirma.pl\/en\/vyrobky\/topna-keramika\/keramika-topnych-teles\/nosic-spiral-172-x-38-mm-v-32-mm-9-drazek\/","title":{"rendered":"NOSI\u010c SPIR\u00c1L 172 x 38 x 32 mm, 9 dr\u00e1\u017eek"},"content":{"rendered":"","protected":false},"excerpt":{"rendered":"<p>NOSI\u010c SPIR\u00c1L 172 x 38 mm, V 32 mm, 9 dr\u00e1\u017eek<\/p>\n","protected":false},"featured_media":9678,"comment_status":"open","ping_status":"closed","template":"","meta":[],"product_cat":[83,82],"product_tag":[],"class_list":["post-9250","product","type-product","status-publish","has-post-thumbnail","hentry","product_cat-keramika-topnych-teles","product_cat-topna-keramika"],"acf":[],"_links":{"self":[{"href":"https:\/\/php74.dfirma.pl\/en\/wp-json\/wp\/v2\/product\/9250","targetHints":{"allow":["GET"]}}],"collection":[{"href":"https:\/\/php74.dfirma.pl\/en\/wp-json\/wp\/v2\/product"}],"about":[{"href":"https:\/\/php74.dfirma.pl\/en\/wp-json\/wp\/v2\/types\/product"}],"replies":[{"embeddable":true,"href":"https:\/\/php74.dfirma.pl\/en\/wp-json\/wp\/v2\/comments?post=9250"}],"wp:featuredmedia":[{"embeddable":true,"href":"https:\/\/php74.dfirma.pl\/en\/wp-json\/wp\/v2\/media\/9678"}],"wp:attachment":[{"href":"https:\/\/php74.dfirma.pl\/en\/wp-json\/wp\/v2\/media?parent=9250"}],"wp:term":[{"taxonomy":"product_cat","embeddable":true,"href":"https:\/\/php74.dfirma.pl\/en\/wp-json\/wp\/v2\/product_cat?post=9250"},{"taxonomy":"product_tag","embeddable":true,"href":"https:\/\/php74.dfirma.pl\/en\/wp-json\/wp\/v2\/product_tag?post=9250"}],"curies":[{"name":"wp","href":"https:\/\/api.w.org\/{rel}","templated":true}]}}