{"id":9249,"date":"2023-03-16T08:58:44","date_gmt":"2023-03-16T07:58:44","guid":{"rendered":"https:\/\/php74.dfirma.pl\/vyrobky\/nezarazene\/keramicka-rozperka-topneho-telesa-d-53mm-v-24mm6-otvoru-pr-85mm\/"},"modified":"2023-04-06T09:27:32","modified_gmt":"2023-04-06T07:27:32","slug":"keramicka-rozperka-topneho-telesa-d-53mm-v-24mm6-otvoru-pr-85mm","status":"publish","type":"product","link":"https:\/\/php74.dfirma.pl\/en\/vyrobky\/topna-keramika\/keramika-topnych-teles\/keramicka-rozperka-topneho-telesa-d-53mm-v-24mm6-otvoru-pr-85mm\/","title":{"rendered":"KERAMICK\u00c1 ROZP\u011aRKA TOPN\u00c9HO T\u011aLESA \u00d8 53 mm, V 24 mm, 6 otvor\u016f \u00d8 8,5 mm"},"content":{"rendered":"","protected":false},"excerpt":{"rendered":"<p>KERAMICK\u00c1 ROZP\u011aRKA TOPN\u00c9HO T\u011aLESA<br \/>\nD 53mm, V 24MM<br \/>\n6 otvor\u016f pr. 8,5mm<\/p>\n","protected":false},"featured_media":9654,"comment_status":"open","ping_status":"closed","template":"","meta":[],"product_cat":[83,82],"product_tag":[],"class_list":["post-9249","product","type-product","status-publish","has-post-thumbnail","hentry","product_cat-keramika-topnych-teles","product_cat-topna-keramika"],"acf":[],"_links":{"self":[{"href":"https:\/\/php74.dfirma.pl\/en\/wp-json\/wp\/v2\/product\/9249","targetHints":{"allow":["GET"]}}],"collection":[{"href":"https:\/\/php74.dfirma.pl\/en\/wp-json\/wp\/v2\/product"}],"about":[{"href":"https:\/\/php74.dfirma.pl\/en\/wp-json\/wp\/v2\/types\/product"}],"replies":[{"embeddable":true,"href":"https:\/\/php74.dfirma.pl\/en\/wp-json\/wp\/v2\/comments?post=9249"}],"wp:featuredmedia":[{"embeddable":true,"href":"https:\/\/php74.dfirma.pl\/en\/wp-json\/wp\/v2\/media\/9654"}],"wp:attachment":[{"href":"https:\/\/php74.dfirma.pl\/en\/wp-json\/wp\/v2\/media?parent=9249"}],"wp:term":[{"taxonomy":"product_cat","embeddable":true,"href":"https:\/\/php74.dfirma.pl\/en\/wp-json\/wp\/v2\/product_cat?post=9249"},{"taxonomy":"product_tag","embeddable":true,"href":"https:\/\/php74.dfirma.pl\/en\/wp-json\/wp\/v2\/product_tag?post=9249"}],"curies":[{"name":"wp","href":"https:\/\/api.w.org\/{rel}","templated":true}]}}