{"id":9244,"date":"2023-03-16T08:58:44","date_gmt":"2023-03-16T07:58:44","guid":{"rendered":"https:\/\/php74.dfirma.pl\/vyrobky\/nezarazene\/valecek-zakladni-p-40-mm\/"},"modified":"2023-04-06T12:06:50","modified_gmt":"2023-04-06T10:06:50","slug":"valecek-zakladni-p-40-mm","status":"publish","type":"product","link":"https:\/\/php74.dfirma.pl\/en\/vyrobky\/topna-keramika\/keramika-topnych-teles\/nosic-spiral-valeckovy\/valecek-zakladni-p-40-mm\/","title":{"rendered":"V\u00c1LE\u010cEK Z\u00c1KLADN\u00cd \u00d8 40"},"content":{"rendered":"","protected":false},"excerpt":{"rendered":"<p>V\u00c1LE\u010cEK Z\u00c1KLADN\u00cd p. 40 mm<\/p>\n","protected":false},"featured_media":9786,"comment_status":"open","ping_status":"closed","template":"","meta":[],"product_cat":[83,84,82],"product_tag":[],"class_list":["post-9244","product","type-product","status-publish","has-post-thumbnail","hentry","product_cat-keramika-topnych-teles","product_cat-nosic-spiral-valeckovy","product_cat-topna-keramika"],"acf":[],"_links":{"self":[{"href":"https:\/\/php74.dfirma.pl\/en\/wp-json\/wp\/v2\/product\/9244","targetHints":{"allow":["GET"]}}],"collection":[{"href":"https:\/\/php74.dfirma.pl\/en\/wp-json\/wp\/v2\/product"}],"about":[{"href":"https:\/\/php74.dfirma.pl\/en\/wp-json\/wp\/v2\/types\/product"}],"replies":[{"embeddable":true,"href":"https:\/\/php74.dfirma.pl\/en\/wp-json\/wp\/v2\/comments?post=9244"}],"wp:featuredmedia":[{"embeddable":true,"href":"https:\/\/php74.dfirma.pl\/en\/wp-json\/wp\/v2\/media\/9786"}],"wp:attachment":[{"href":"https:\/\/php74.dfirma.pl\/en\/wp-json\/wp\/v2\/media?parent=9244"}],"wp:term":[{"taxonomy":"product_cat","embeddable":true,"href":"https:\/\/php74.dfirma.pl\/en\/wp-json\/wp\/v2\/product_cat?post=9244"},{"taxonomy":"product_tag","embeddable":true,"href":"https:\/\/php74.dfirma.pl\/en\/wp-json\/wp\/v2\/product_tag?post=9244"}],"curies":[{"name":"wp","href":"https:\/\/api.w.org\/{rel}","templated":true}]}}