{"id":8762,"date":"2023-03-08T11:05:05","date_gmt":"2023-03-08T10:05:05","guid":{"rendered":"https:\/\/php74.dfirma.pl\/vyrobky\/nezarazene\/sitko-pyrostat-o-82-59-otvoru\/"},"modified":"2023-03-09T08:31:42","modified_gmt":"2023-03-09T07:31:42","slug":"sitko-pyrostat-o-82-59-otvoru","status":"publish","type":"product","link":"https:\/\/php74.dfirma.pl\/en\/vyrobky\/slevarenska-keramika\/filtrace-litiny\/sitka\/sitko-pyrostat-o-82-59-otvoru\/","title":{"rendered":"S\u00cdTKO PYROSTAT \u00d8 82 &#8211; 59 otvor\u016f"},"content":{"rendered":"","protected":false},"excerpt":{"rendered":"<p>s\u00edtko pro filtraci litiny \u00d8 82,<br \/>\nv\u00fd\u0161ka 9,<br \/>\n59 otvor\u016f<\/p>\n","protected":false},"featured_media":9077,"comment_status":"open","ping_status":"closed","template":"","meta":[],"product_cat":[55,64,54],"product_tag":[],"class_list":["post-8762","product","type-product","status-publish","has-post-thumbnail","hentry","product_cat-filtrace-litiny","product_cat-sitka","product_cat-slevarenska-keramika"],"acf":[],"_links":{"self":[{"href":"https:\/\/php74.dfirma.pl\/en\/wp-json\/wp\/v2\/product\/8762","targetHints":{"allow":["GET"]}}],"collection":[{"href":"https:\/\/php74.dfirma.pl\/en\/wp-json\/wp\/v2\/product"}],"about":[{"href":"https:\/\/php74.dfirma.pl\/en\/wp-json\/wp\/v2\/types\/product"}],"replies":[{"embeddable":true,"href":"https:\/\/php74.dfirma.pl\/en\/wp-json\/wp\/v2\/comments?post=8762"}],"wp:featuredmedia":[{"embeddable":true,"href":"https:\/\/php74.dfirma.pl\/en\/wp-json\/wp\/v2\/media\/9077"}],"wp:attachment":[{"href":"https:\/\/php74.dfirma.pl\/en\/wp-json\/wp\/v2\/media?parent=8762"}],"wp:term":[{"taxonomy":"product_cat","embeddable":true,"href":"https:\/\/php74.dfirma.pl\/en\/wp-json\/wp\/v2\/product_cat?post=8762"},{"taxonomy":"product_tag","embeddable":true,"href":"https:\/\/php74.dfirma.pl\/en\/wp-json\/wp\/v2\/product_tag?post=8762"}],"curies":[{"name":"wp","href":"https:\/\/api.w.org\/{rel}","templated":true}]}}