{"id":8733,"date":"2023-03-08T11:04:56","date_gmt":"2023-03-08T10:04:56","guid":{"rendered":"https:\/\/php74.dfirma.pl\/vyrobky\/nezarazene\/sitko-pyrostat-o-53-16-otvoru\/"},"modified":"2023-03-09T08:40:47","modified_gmt":"2023-03-09T07:40:47","slug":"sitko-pyrostat-o-53-16-otvoru","status":"publish","type":"product","link":"https:\/\/php74.dfirma.pl\/en\/vyrobky\/slevarenska-keramika\/filtrace-litiny\/sitka\/sitko-pyrostat-o-53-16-otvoru\/","title":{"rendered":"S\u00cdTKO PYROSTAT \u00d8 53 &#8211; 16 otvor\u016f"},"content":{"rendered":"","protected":false},"excerpt":{"rendered":"<p>s\u00edtko pro filtraci litiny \u00d8 53,<br \/>\nv\u00fd\u0161ka 11,<br \/>\n16 otvor\u016f<\/p>\n","protected":false},"featured_media":9128,"comment_status":"open","ping_status":"closed","template":"","meta":[],"product_cat":[55,64,54],"product_tag":[],"class_list":["post-8733","product","type-product","status-publish","has-post-thumbnail","hentry","product_cat-filtrace-litiny","product_cat-sitka","product_cat-slevarenska-keramika"],"acf":[],"_links":{"self":[{"href":"https:\/\/php74.dfirma.pl\/en\/wp-json\/wp\/v2\/product\/8733","targetHints":{"allow":["GET"]}}],"collection":[{"href":"https:\/\/php74.dfirma.pl\/en\/wp-json\/wp\/v2\/product"}],"about":[{"href":"https:\/\/php74.dfirma.pl\/en\/wp-json\/wp\/v2\/types\/product"}],"replies":[{"embeddable":true,"href":"https:\/\/php74.dfirma.pl\/en\/wp-json\/wp\/v2\/comments?post=8733"}],"wp:featuredmedia":[{"embeddable":true,"href":"https:\/\/php74.dfirma.pl\/en\/wp-json\/wp\/v2\/media\/9128"}],"wp:attachment":[{"href":"https:\/\/php74.dfirma.pl\/en\/wp-json\/wp\/v2\/media?parent=8733"}],"wp:term":[{"taxonomy":"product_cat","embeddable":true,"href":"https:\/\/php74.dfirma.pl\/en\/wp-json\/wp\/v2\/product_cat?post=8733"},{"taxonomy":"product_tag","embeddable":true,"href":"https:\/\/php74.dfirma.pl\/en\/wp-json\/wp\/v2\/product_tag?post=8733"}],"curies":[{"name":"wp","href":"https:\/\/api.w.org\/{rel}","templated":true}]}}