{"id":8691,"date":"2023-03-08T11:03:01","date_gmt":"2023-03-08T10:03:01","guid":{"rendered":"https:\/\/php74.dfirma.pl\/vyrobky\/nezarazene\/filtr-pyrostat-o-125-713-otvoru-o-32-mm\/"},"modified":"2023-03-09T10:33:16","modified_gmt":"2023-03-09T09:33:16","slug":"filtr-pyrostat-o-125-713-otvoru-o-32-mm","status":"publish","type":"product","link":"https:\/\/php74.dfirma.pl\/en\/vyrobky\/slevarenska-keramika\/filtrace-barevnych-kovu\/filtry-kruhove-filtrace-barevnych-kovu\/filtr-pyrostat-o-125-713-otvoru-o-32-mm\/","title":{"rendered":"FILTR PYROSTAT &#8211; \u00d8 125 &#8211; 713 otvor\u016f \u00d8 3,2 mm"},"content":{"rendered":"","protected":false},"excerpt":{"rendered":"<p>filtr pro filtraci litiny \u00d8 125 mm mm<br \/>\nv\u00fd\u0161ky 20 &#8211; 30 mm<br \/>\n713 otvor\u016f \u00d8 3,2 mm<\/p>\n","protected":false},"featured_media":8903,"comment_status":"open","ping_status":"closed","template":"","meta":[],"product_cat":[58,55,78,63,54],"product_tag":[],"class_list":["post-8691","product","type-product","status-publish","has-post-thumbnail","hentry","product_cat-filtrace-barevnych-kovu","product_cat-filtrace-litiny","product_cat-filtry-kruhove-filtrace-barevnych-kovu","product_cat-filtry-kruhove","product_cat-slevarenska-keramika"],"acf":[],"_links":{"self":[{"href":"https:\/\/php74.dfirma.pl\/en\/wp-json\/wp\/v2\/product\/8691","targetHints":{"allow":["GET"]}}],"collection":[{"href":"https:\/\/php74.dfirma.pl\/en\/wp-json\/wp\/v2\/product"}],"about":[{"href":"https:\/\/php74.dfirma.pl\/en\/wp-json\/wp\/v2\/types\/product"}],"replies":[{"embeddable":true,"href":"https:\/\/php74.dfirma.pl\/en\/wp-json\/wp\/v2\/comments?post=8691"}],"wp:featuredmedia":[{"embeddable":true,"href":"https:\/\/php74.dfirma.pl\/en\/wp-json\/wp\/v2\/media\/8903"}],"wp:attachment":[{"href":"https:\/\/php74.dfirma.pl\/en\/wp-json\/wp\/v2\/media?parent=8691"}],"wp:term":[{"taxonomy":"product_cat","embeddable":true,"href":"https:\/\/php74.dfirma.pl\/en\/wp-json\/wp\/v2\/product_cat?post=8691"},{"taxonomy":"product_tag","embeddable":true,"href":"https:\/\/php74.dfirma.pl\/en\/wp-json\/wp\/v2\/product_tag?post=8691"}],"curies":[{"name":"wp","href":"https:\/\/api.w.org\/{rel}","templated":true}]}}