{"id":8689,"date":"2023-03-08T11:03:01","date_gmt":"2023-03-08T10:03:01","guid":{"rendered":"https:\/\/php74.dfirma.pl\/vyrobky\/nezarazene\/filtr-pyrostat-o-90-439-otvoru-o-28-mm\/"},"modified":"2023-03-09T10:32:34","modified_gmt":"2023-03-09T09:32:34","slug":"filtr-pyrostat-o-90-439-otvoru-o-28-mm","status":"publish","type":"product","link":"https:\/\/php74.dfirma.pl\/en\/vyrobky\/slevarenska-keramika\/filtrace-barevnych-kovu\/filtry-kruhove-filtrace-barevnych-kovu\/filtr-pyrostat-o-90-439-otvoru-o-28-mm\/","title":{"rendered":"FILTR PYROSTAT &#8211; \u00d8 90 &#8211; 439 otvor\u016f \u00d8 2,8 mm"},"content":{"rendered":"","protected":false},"excerpt":{"rendered":"<p>filtr pro filtraci litiny \u00d8 90 mm<br \/>\nv\u00fd\u0161ky 15 &#8211; 25 mm<br \/>\n439 otvor\u016f \u00d8 2,8 mm<\/p>\n","protected":false},"featured_media":8897,"comment_status":"open","ping_status":"closed","template":"","meta":[],"product_cat":[58,55,63,78,54],"product_tag":[],"class_list":["post-8689","product","type-product","status-publish","has-post-thumbnail","hentry","product_cat-filtrace-barevnych-kovu","product_cat-filtrace-litiny","product_cat-filtry-kruhove","product_cat-filtry-kruhove-filtrace-barevnych-kovu","product_cat-slevarenska-keramika"],"acf":[],"_links":{"self":[{"href":"https:\/\/php74.dfirma.pl\/en\/wp-json\/wp\/v2\/product\/8689","targetHints":{"allow":["GET"]}}],"collection":[{"href":"https:\/\/php74.dfirma.pl\/en\/wp-json\/wp\/v2\/product"}],"about":[{"href":"https:\/\/php74.dfirma.pl\/en\/wp-json\/wp\/v2\/types\/product"}],"replies":[{"embeddable":true,"href":"https:\/\/php74.dfirma.pl\/en\/wp-json\/wp\/v2\/comments?post=8689"}],"wp:featuredmedia":[{"embeddable":true,"href":"https:\/\/php74.dfirma.pl\/en\/wp-json\/wp\/v2\/media\/8897"}],"wp:attachment":[{"href":"https:\/\/php74.dfirma.pl\/en\/wp-json\/wp\/v2\/media?parent=8689"}],"wp:term":[{"taxonomy":"product_cat","embeddable":true,"href":"https:\/\/php74.dfirma.pl\/en\/wp-json\/wp\/v2\/product_cat?post=8689"},{"taxonomy":"product_tag","embeddable":true,"href":"https:\/\/php74.dfirma.pl\/en\/wp-json\/wp\/v2\/product_tag?post=8689"}],"curies":[{"name":"wp","href":"https:\/\/api.w.org\/{rel}","templated":true}]}}