{"id":10025,"date":"2023-10-12T15:49:26","date_gmt":"2023-10-12T13:49:26","guid":{"rendered":"https:\/\/php74.dfirma.pl\/?post_type=product&#038;p=10025"},"modified":"2023-10-12T21:17:14","modified_gmt":"2023-10-12T19:17:14","slug":"raschiguv-krouzek-35-x-35-mm","status":"publish","type":"product","link":"https:\/\/php74.dfirma.pl\/en\/vyrobky\/ostatni\/raschigovy-krouzky\/raschiguv-krouzek-35-x-35-mm\/","title":{"rendered":"Raschig\u016fv krou\u017eek, 35 \u00d7 35 mm"},"content":{"rendered":"","protected":false},"excerpt":{"rendered":"<p>Raschig\u016fv krou\u017eek, v\u00fd\u0161ka 35 mm, \u00d8 35 mm, vnit\u0159n\u00ed \u00d8 25 mm.<\/p>\n<p><a href=\"https:\/\/php74.dfirma.pl\/technicke-informace\/ostatni-keramika\/#raschigovy-krouzky\" target=\"_blank\" rel=\"noopener\">Technick\u00e1 specifikace<\/a><\/p>\n","protected":false},"featured_media":6394,"comment_status":"closed","ping_status":"closed","template":"","meta":[],"product_cat":[109,247],"product_tag":[],"class_list":["post-10025","product","type-product","status-publish","has-post-thumbnail","hentry","product_cat-ostatni","product_cat-raschigovy-krouzky"],"acf":[],"_links":{"self":[{"href":"https:\/\/php74.dfirma.pl\/en\/wp-json\/wp\/v2\/product\/10025","targetHints":{"allow":["GET"]}}],"collection":[{"href":"https:\/\/php74.dfirma.pl\/en\/wp-json\/wp\/v2\/product"}],"about":[{"href":"https:\/\/php74.dfirma.pl\/en\/wp-json\/wp\/v2\/types\/product"}],"replies":[{"embeddable":true,"href":"https:\/\/php74.dfirma.pl\/en\/wp-json\/wp\/v2\/comments?post=10025"}],"wp:featuredmedia":[{"embeddable":true,"href":"https:\/\/php74.dfirma.pl\/en\/wp-json\/wp\/v2\/media\/6394"}],"wp:attachment":[{"href":"https:\/\/php74.dfirma.pl\/en\/wp-json\/wp\/v2\/media?parent=10025"}],"wp:term":[{"taxonomy":"product_cat","embeddable":true,"href":"https:\/\/php74.dfirma.pl\/en\/wp-json\/wp\/v2\/product_cat?post=10025"},{"taxonomy":"product_tag","embeddable":true,"href":"https:\/\/php74.dfirma.pl\/en\/wp-json\/wp\/v2\/product_tag?post=10025"}],"curies":[{"name":"wp","href":"https:\/\/api.w.org\/{rel}","templated":true}]}}