{"id":6627,"date":"2022-10-05T11:42:32","date_gmt":"2022-10-05T09:42:32","guid":{"rendered":"https:\/\/php74.dfirma.pl\/soucasnost-2\/"},"modified":"2023-12-04T12:50:00","modified_gmt":"2023-12-04T11:50:00","slug":"the-present-of-the-company","status":"publish","type":"page","link":"https:\/\/php74.dfirma.pl\/en\/the-present-of-the-company\/","title":{"rendered":"Today"},"content":{"rendered":"<section class=\"fusion-fullwidth fullwidth-box fusion-builder-row-1 fusion-flex-container has-pattern-background has-mask-background nonhundred-percent-fullwidth non-hundred-percent-height-scrolling\" style=\"background-color: rgba(255,255,255,0);background-position: center center;background-repeat: no-repeat;border-width: 0 0 0 0;border-color:var(--awb-color3);border-style:solid;\" ><div class=\"fusion-builder-row fusion-row fusion-flex-align-items-center\" style=\"max-width:calc( 83rem + 1.25rem );margin-left: calc(-1.25rem \/ 2 );margin-right: calc(-1.25rem \/ 2 );\"><div class=\"fusion-layout-column fusion_builder_column fusion-builder-column-0 fusion_builder_column_1_2 1_2 fusion-flex-column fusion-animated\" data-animationType=\"fadeInDown\" data-animationDuration=\"1.0\" data-animationOffset=\"top-into-view\"><div class=\"fusion-column-wrapper fusion-flex-justify-content-flex-start fusion-content-layout-column\" style=\"background-position:left top;background-repeat:no-repeat;-webkit-background-size:cover;-moz-background-size:cover;-o-background-size:cover;background-size:cover;padding: 0px 0px 0px 0px;\"><div ><span class=\" fusion-imageframe imageframe-none imageframe-1 hover-type-zoomin\" style=\"border:2px solid #ffffff;border-radius:10px;\"><img decoding=\"async\" width=\"544\" height=\"700\" title=\"firma-09-09-2021\" src=\"https:\/\/php74.dfirma.pl\/wp-content\/uploads\/2023\/12\/firma-09-09-2021-1.jpg\" data-orig-src=\"https:\/\/php74.dfirma.pl\/wp-content\/uploads\/2023\/12\/firma-09-09-2021-1.jpg\" alt class=\"lazyload img-responsive wp-image-10084\" srcset=\"data:image\/svg+xml,%3Csvg%20xmlns%3D%27http%3A%2F%2Fwww.w3.org%2F2000%2Fsvg%27%20width%3D%27544%27%20height%3D%27700%27%20viewBox%3D%270%200%20544%20700%27%3E%3Crect%20width%3D%27544%27%20height%3D%27700%27%20fill-opacity%3D%220%22%2F%3E%3C%2Fsvg%3E\" data-srcset=\"https:\/\/php74.dfirma.pl\/wp-content\/uploads\/2023\/12\/firma-09-09-2021-1-200x257.jpg 200w, https:\/\/php74.dfirma.pl\/wp-content\/uploads\/2023\/12\/firma-09-09-2021-1-400x515.jpg 400w, https:\/\/php74.dfirma.pl\/wp-content\/uploads\/2023\/12\/firma-09-09-2021-1.jpg 544w\" data-sizes=\"auto\" data-orig-sizes=\"(max-width: 640px) 100vw, 544px\" \/><\/span><\/div><\/div><style type=\"text\/css\">.fusion-body .fusion-builder-column-0{width:50% !important;margin-top : 0px;margin-bottom : 2rem;}.fusion-builder-column-0 > .fusion-column-wrapper {padding-top : 0px !important;padding-right : 0px !important;margin-right : 1rem;padding-bottom : 0px !important;padding-left : 0px !important;margin-left : 0.625rem;}@media only screen and (max-width:1024px) {.fusion-body .fusion-builder-column-0{width:100% !important;order : 2;}.fusion-builder-column-0 > .fusion-column-wrapper {margin-right : 1rem;margin-left : 1rem;}}@media only screen and (max-width:640px) {.fusion-body .fusion-builder-column-0{width:100% !important;order : 0;}.fusion-builder-column-0 > .fusion-column-wrapper {margin-right : 0.625rem;margin-left : 0.625rem;}}<\/style><\/div><div class=\"fusion-layout-column fusion_builder_column fusion-builder-column-1 fusion_builder_column_1_2 1_2 fusion-flex-column fusion-animated\" data-animationType=\"fadeInDown\" data-animationDuration=\"1.0\" data-animationOffset=\"top-into-view\"><div class=\"fusion-column-wrapper fusion-flex-justify-content-flex-start fusion-content-layout-column\" style=\"background-position:left top;background-repeat:no-repeat;-webkit-background-size:cover;-moz-background-size:cover;-o-background-size:cover;background-size:cover;padding: 0px 0px 0px 0px;\"><div class=\"fusion-text fusion-text-1\"><p class=\"western\"><span style=\"font-family: Play, Calibri, sans-serif;\"><span style=\"font-size: medium;\">The company KERAMTECH s. r. o. \u017dacl\u00e9\u0159 belong to the leading producers of foundry ceramics, which is also the company&#8217;s main product range. We offer filters designed for all types of ferrous, non-ferrous and \u201ecoloured\u201c metals.    <\/span><\/span><\/p>\n<p class=\"western\"><span style=\"font-family: Play, Calibri, sans-serif;\"><span style=\"font-size: medium;\">A special category in this area are ceramic casting sieves, which still have their irreplaceable place in the casting system. The ceramic head of thermoprobes is then used in foundries and smelters. Ceramic parts for electric heating systems form a separate group of products in our company. These are heating assemblies, usually consisting of a metal heating spiral carrier (boiler roller, flat\/plate carrier, smooth pipes) and other parts, such as heating rod heads, heating rod carriers, mounting elements, etc. These products can be found in heaters water, tempering and tempering furnaces, drying and firing furnaces, etc. Traditional products are products made of     <\/span><\/span><span style=\"font-family: Arial, sans-serif;\"><span style=\"font-size: medium;\"> <\/span><\/span><span style=\"font-family: Play, Calibri, sans-serif;\"><span style=\"font-size: medium;\">technical porcelain (C111) and steatite (C221), intended for use<\/span><\/span><span style=\"font-family: Arial, sans-serif;\"><span style=\"font-size: medium;\"> <\/span><\/span><span style=\"font-family: Play, Calibri, sans-serif;\"><span style=\"font-size: medium;\">in the electrotechnical industry. <\/span><\/span><\/p>\n<p class=\"western\"><span style=\"font-family: Play, Calibri, sans-serif;\"><span style=\"font-size: medium;\">This group of products mainly includes E14, E27<\/span><\/span><span style=\"font-family: Arial, sans-serif;\"><span style=\"font-size: medium;\"> <\/span><\/span><span style=\"font-family: Play, Calibri, sans-serif;\"><span style=\"font-size: medium;\">and E40 socket bodies for safe use at high temperatures, ceramic terminal blocks meeting the highest fire protection requirements,<\/span><\/span><span style=\"font-family: Arial, sans-serif;\"><span style=\"font-size: medium;\"> <\/span><\/span><span style=\"font-family: Play, Calibri, sans-serif;\"><span style=\"font-size: medium;\">various types of cable clamps,<\/span><\/span><span style=\"font-family: Arial, sans-serif;\"><span style=\"font-size: medium;\"> <\/span><\/span><span style=\"font-family: Play, Calibri, sans-serif;\"><span style=\"font-size: medium;\">holders and grommets for distribution in public buildings, tunnels or subways, wall and ceiling ceramic luminaires with IP20 protection and various special parts such as resistance seats, terminal block bodies, zero bridges and many others.<\/span><\/span><\/p>\n<p class=\"western\"><span style=\"font-family: Play, Calibri, sans-serif;\"><span style=\"font-size: medium;\">We are<\/span><\/span><span style=\"font-family: Arial, sans-serif;\"><span style=\"font-size: medium;\"> <\/span><\/span><span style=\"font-family: Play, Calibri, sans-serif;\"><span style=\"font-size: medium;\">constantly adding new types of products to the traditional assortment, such as Raschig rings (the most common filling of distillation and absorption columns), protective parts and attachments <\/span><\/span><span style=\"font-family: Arial, sans-serif;\"><span style=\"font-size: medium;\"> <\/span><\/span><span style=\"font-family: Play, Calibri, sans-serif;\"><span style=\"font-size: medium;\">(used for mechanical protection of metal or plastic parts), textile conductors of various shapes and sizes, industrial and retro handles for furniture or stove and stove doors and many others.<\/span><\/span><\/p>\n<\/div><\/div><style type=\"text\/css\">.fusion-body .fusion-builder-column-1{width:50% !important;margin-top : 0px;margin-bottom : 0px;}.fusion-builder-column-1 > .fusion-column-wrapper {padding-top : 0px !important;padding-right : 0px !important;margin-right : 0.625rem;padding-bottom : 0px !important;padding-left : 0px !important;margin-left : 1rem;}@media only screen and (max-width:1024px) {.fusion-body .fusion-builder-column-1{width:100% !important;order : 1;}.fusion-builder-column-1 > .fusion-column-wrapper {margin-right : 1rem;margin-left : 1rem;}}@media only screen and (max-width:640px) {.fusion-body .fusion-builder-column-1{width:100% !important;order : 0;}.fusion-builder-column-1 > .fusion-column-wrapper {margin-right : 0.625rem;margin-left : 0.625rem;}}<\/style><\/div><\/div><style type=\"text\/css\">.fusion-body .fusion-flex-container.fusion-builder-row-1{ padding-top : 0px;margin-top : 0px;padding-right : 0px;padding-bottom : 0px;margin-bottom : 0px;padding-left : 0px;}<\/style><\/section>\n","protected":false},"excerpt":{"rendered":"","protected":false},"author":3,"featured_media":0,"parent":0,"menu_order":0,"comment_status":"closed","ping_status":"closed","template":"100-width.php","meta":{"footnotes":""},"class_list":["post-6627","page","type-page","status-publish","hentry"],"acf":[],"_links":{"self":[{"href":"https:\/\/php74.dfirma.pl\/en\/wp-json\/wp\/v2\/pages\/6627","targetHints":{"allow":["GET"]}}],"collection":[{"href":"https:\/\/php74.dfirma.pl\/en\/wp-json\/wp\/v2\/pages"}],"about":[{"href":"https:\/\/php74.dfirma.pl\/en\/wp-json\/wp\/v2\/types\/page"}],"author":[{"embeddable":true,"href":"https:\/\/php74.dfirma.pl\/en\/wp-json\/wp\/v2\/users\/3"}],"replies":[{"embeddable":true,"href":"https:\/\/php74.dfirma.pl\/en\/wp-json\/wp\/v2\/comments?post=6627"}],"version-history":[{"count":3,"href":"https:\/\/php74.dfirma.pl\/en\/wp-json\/wp\/v2\/pages\/6627\/revisions"}],"predecessor-version":[{"id":10128,"href":"https:\/\/php74.dfirma.pl\/en\/wp-json\/wp\/v2\/pages\/6627\/revisions\/10128"}],"wp:attachment":[{"href":"https:\/\/php74.dfirma.pl\/en\/wp-json\/wp\/v2\/media?parent=6627"}],"curies":[{"name":"wp","href":"https:\/\/api.w.org\/{rel}","templated":true}]}}