{"id":9942,"date":"2023-08-21T07:10:24","date_gmt":"2023-08-21T05:10:24","guid":{"rendered":"https:\/\/php74.dfirma.pl\/vyrobky\/nezarazene\/kamen-izolacni-o-368-mm-vyska-22-mm\/"},"modified":"2023-08-21T07:22:51","modified_gmt":"2023-08-21T05:22:51","slug":"kamen-izolacni-o-368-mm-vyska-22-mm","status":"publish","type":"product","link":"https:\/\/php74.dfirma.pl\/de\/vyrobky\/elektrokeramika\/izolacni-dily\/kamen-izolacni-o-368-mm-vyska-22-mm\/","title":{"rendered":"K\u00c1MEN IZOLA\u010cN\u00cd \u00d8 36,8 mm, v\u00fd\u0161ka 22 mm"},"content":{"rendered":"","protected":false},"excerpt":{"rendered":"<p>K\u00c1MEN IZOLA\u010cN\u00cd \u00d8 36,8 mm, v\u00fd\u0161ka 22 mm<\/p>\n","protected":false},"featured_media":9955,"comment_status":"open","ping_status":"closed","template":"","meta":[],"product_cat":[94,99],"product_tag":[],"class_list":["post-9942","product","type-product","status-publish","has-post-thumbnail","hentry","product_cat-elektrokeramika","product_cat-izolacni-dily"],"acf":[],"_links":{"self":[{"href":"https:\/\/php74.dfirma.pl\/de\/wp-json\/wp\/v2\/product\/9942","targetHints":{"allow":["GET"]}}],"collection":[{"href":"https:\/\/php74.dfirma.pl\/de\/wp-json\/wp\/v2\/product"}],"about":[{"href":"https:\/\/php74.dfirma.pl\/de\/wp-json\/wp\/v2\/types\/product"}],"replies":[{"embeddable":true,"href":"https:\/\/php74.dfirma.pl\/de\/wp-json\/wp\/v2\/comments?post=9942"}],"wp:featuredmedia":[{"embeddable":true,"href":"https:\/\/php74.dfirma.pl\/de\/wp-json\/wp\/v2\/media\/9955"}],"wp:attachment":[{"href":"https:\/\/php74.dfirma.pl\/de\/wp-json\/wp\/v2\/media?parent=9942"}],"wp:term":[{"taxonomy":"product_cat","embeddable":true,"href":"https:\/\/php74.dfirma.pl\/de\/wp-json\/wp\/v2\/product_cat?post=9942"},{"taxonomy":"product_tag","embeddable":true,"href":"https:\/\/php74.dfirma.pl\/de\/wp-json\/wp\/v2\/product_tag?post=9942"}],"curies":[{"name":"wp","href":"https:\/\/api.w.org\/{rel}","templated":true}]}}