{"id":9939,"date":"2023-08-21T07:10:23","date_gmt":"2023-08-21T05:10:23","guid":{"rendered":"https:\/\/php74.dfirma.pl\/vyrobky\/nezarazene\/izolator-o-45-mm-vyska-30-mm\/"},"modified":"2023-08-21T07:29:06","modified_gmt":"2023-08-21T05:29:06","slug":"izolator-o-45-mm-vyska-30-mm","status":"publish","type":"product","link":"https:\/\/php74.dfirma.pl\/de\/vyrobky\/elektrokeramika\/izolacni-dily\/izolator-o-45-mm-vyska-30-mm\/","title":{"rendered":"IZOL\u00c1TOR \u00d8 45 mm, v\u00fd\u0161ka 30 mm"},"content":{"rendered":"","protected":false},"excerpt":{"rendered":"<p>IZOL\u00c1TOR \u00d8 45 mm, v\u00fd\u0161ka 30 mm<\/p>\n","protected":false},"featured_media":9976,"comment_status":"open","ping_status":"closed","template":"","meta":[],"product_cat":[94,99],"product_tag":[],"class_list":["post-9939","product","type-product","status-publish","has-post-thumbnail","hentry","product_cat-elektrokeramika","product_cat-izolacni-dily"],"acf":[],"_links":{"self":[{"href":"https:\/\/php74.dfirma.pl\/de\/wp-json\/wp\/v2\/product\/9939","targetHints":{"allow":["GET"]}}],"collection":[{"href":"https:\/\/php74.dfirma.pl\/de\/wp-json\/wp\/v2\/product"}],"about":[{"href":"https:\/\/php74.dfirma.pl\/de\/wp-json\/wp\/v2\/types\/product"}],"replies":[{"embeddable":true,"href":"https:\/\/php74.dfirma.pl\/de\/wp-json\/wp\/v2\/comments?post=9939"}],"wp:featuredmedia":[{"embeddable":true,"href":"https:\/\/php74.dfirma.pl\/de\/wp-json\/wp\/v2\/media\/9976"}],"wp:attachment":[{"href":"https:\/\/php74.dfirma.pl\/de\/wp-json\/wp\/v2\/media?parent=9939"}],"wp:term":[{"taxonomy":"product_cat","embeddable":true,"href":"https:\/\/php74.dfirma.pl\/de\/wp-json\/wp\/v2\/product_cat?post=9939"},{"taxonomy":"product_tag","embeddable":true,"href":"https:\/\/php74.dfirma.pl\/de\/wp-json\/wp\/v2\/product_tag?post=9939"}],"curies":[{"name":"wp","href":"https:\/\/api.w.org\/{rel}","templated":true}]}}