{"id":9900,"date":"2023-08-21T06:39:20","date_gmt":"2023-08-21T04:39:20","guid":{"rendered":"https:\/\/php74.dfirma.pl\/vyrobky\/nezarazene\/pruchodka-delena-2-2-o-18-6-mm-v-8-mm-glazovano\/"},"modified":"2024-06-11T10:54:00","modified_gmt":"2024-06-11T08:54:00","slug":"pruchodka-delena-2-2-o-18-6-mm-v-8-mm-glazovano","status":"publish","type":"product","link":"https:\/\/php74.dfirma.pl\/de\/vyrobky\/elektrokeramika\/pruchodky\/pruchodka-delena-2-2-o-18-6-mm-v-8-mm-glazovano\/","title":{"rendered":"PR\u016eCHODKA  D\u011aLEN\u00c1 &#8211; 2\/2 \u00d8 18\/6 mm, V 8 mm &#8211; GLAZOV\u00c1NO"},"content":{"rendered":"","protected":false},"excerpt":{"rendered":"<p>PR\u016eCHODKA D\u011aLEN\u00c1 &#8211; 2\/2 \u00d8 18\/6 mm, V 8 mm &#8211; GLAZOV\u00c1NO<\/p>\n","protected":false},"featured_media":10193,"comment_status":"open","ping_status":"closed","template":"","meta":[],"product_cat":[94,105],"product_tag":[],"class_list":["post-9900","product","type-product","status-publish","has-post-thumbnail","hentry","product_cat-elektrokeramika","product_cat-pruchodky"],"acf":[],"_links":{"self":[{"href":"https:\/\/php74.dfirma.pl\/de\/wp-json\/wp\/v2\/product\/9900","targetHints":{"allow":["GET"]}}],"collection":[{"href":"https:\/\/php74.dfirma.pl\/de\/wp-json\/wp\/v2\/product"}],"about":[{"href":"https:\/\/php74.dfirma.pl\/de\/wp-json\/wp\/v2\/types\/product"}],"replies":[{"embeddable":true,"href":"https:\/\/php74.dfirma.pl\/de\/wp-json\/wp\/v2\/comments?post=9900"}],"wp:featuredmedia":[{"embeddable":true,"href":"https:\/\/php74.dfirma.pl\/de\/wp-json\/wp\/v2\/media\/10193"}],"wp:attachment":[{"href":"https:\/\/php74.dfirma.pl\/de\/wp-json\/wp\/v2\/media?parent=9900"}],"wp:term":[{"taxonomy":"product_cat","embeddable":true,"href":"https:\/\/php74.dfirma.pl\/de\/wp-json\/wp\/v2\/product_cat?post=9900"},{"taxonomy":"product_tag","embeddable":true,"href":"https:\/\/php74.dfirma.pl\/de\/wp-json\/wp\/v2\/product_tag?post=9900"}],"curies":[{"name":"wp","href":"https:\/\/api.w.org\/{rel}","templated":true}]}}