{"id":9368,"date":"2023-03-16T09:02:47","date_gmt":"2023-03-16T08:02:47","guid":{"rendered":"https:\/\/php74.dfirma.pl\/vyrobky\/nezarazene\/trubka-pyrostat-o-62x56-41x36\/"},"modified":"2024-06-11T10:59:50","modified_gmt":"2024-06-11T08:59:50","slug":"trubka-pyrostat-o-62x56-41x36","status":"publish","type":"product","link":"https:\/\/php74.dfirma.pl\/de\/vyrobky\/topna-keramika\/trubky\/hladke\/trubka-pyrostat-o-62x56-41x36\/","title":{"rendered":"TRUBKA PYROSTAT \u00d8 62 x 56\/41 x 36"},"content":{"rendered":"","protected":false},"excerpt":{"rendered":"<p>TRUBKA OV\u00c1LN\u00c1 \u00d8 62&#215;56\/41&#215;36 mm<br \/>\ndostupn\u00e9 d\u00e9lky 50 &#8211; 600 mm<\/p>\n","protected":false},"featured_media":10211,"comment_status":"open","ping_status":"closed","template":"","meta":[],"product_cat":[90,82,89],"product_tag":[],"class_list":["post-9368","product","type-product","status-publish","has-post-thumbnail","hentry","product_cat-hladke","product_cat-topna-keramika","product_cat-trubky"],"acf":[],"_links":{"self":[{"href":"https:\/\/php74.dfirma.pl\/de\/wp-json\/wp\/v2\/product\/9368","targetHints":{"allow":["GET"]}}],"collection":[{"href":"https:\/\/php74.dfirma.pl\/de\/wp-json\/wp\/v2\/product"}],"about":[{"href":"https:\/\/php74.dfirma.pl\/de\/wp-json\/wp\/v2\/types\/product"}],"replies":[{"embeddable":true,"href":"https:\/\/php74.dfirma.pl\/de\/wp-json\/wp\/v2\/comments?post=9368"}],"wp:featuredmedia":[{"embeddable":true,"href":"https:\/\/php74.dfirma.pl\/de\/wp-json\/wp\/v2\/media\/10211"}],"wp:attachment":[{"href":"https:\/\/php74.dfirma.pl\/de\/wp-json\/wp\/v2\/media?parent=9368"}],"wp:term":[{"taxonomy":"product_cat","embeddable":true,"href":"https:\/\/php74.dfirma.pl\/de\/wp-json\/wp\/v2\/product_cat?post=9368"},{"taxonomy":"product_tag","embeddable":true,"href":"https:\/\/php74.dfirma.pl\/de\/wp-json\/wp\/v2\/product_tag?post=9368"}],"curies":[{"name":"wp","href":"https:\/\/api.w.org\/{rel}","templated":true}]}}