{"id":9319,"date":"2023-03-16T09:01:19","date_gmt":"2023-03-16T08:01:19","guid":{"rendered":"https:\/\/php74.dfirma.pl\/vyrobky\/nezarazene\/filtr-pyrostat-o-40-241-otvoru-o-15-mm\/"},"modified":"2023-03-16T12:21:46","modified_gmt":"2023-03-16T11:21:46","slug":"filtr-pyrostat-o-40-241-otvoru-o-15-mm","status":"publish","type":"product","link":"https:\/\/php74.dfirma.pl\/de\/vyrobky\/slevarenska-keramika\/filtrace-barevnych-kovu\/filtry-kruhove-filtrace-barevnych-kovu\/filtr-pyrostat-o-40-241-otvoru-o-15-mm\/","title":{"rendered":"FILTR PYROSTAT &#8211;  \u00d8 40 &#8211; 241 otvor\u016f  \u00d8 1,5 mm"},"content":{"rendered":"","protected":false},"excerpt":{"rendered":"<p>filtr pro filtraci litiny \u00d8 40mm<br \/>\nv\u00fd\u0161ky 12,7 &#8211; 22 mm<br \/>\n241 otvor\u016f \u00d8 1,5 mm<\/p>\n","protected":false},"featured_media":9225,"comment_status":"open","ping_status":"closed","template":"","meta":[],"product_cat":[58,55,63,78,54],"product_tag":[],"class_list":["post-9319","product","type-product","status-publish","has-post-thumbnail","hentry","product_cat-filtrace-barevnych-kovu","product_cat-filtrace-litiny","product_cat-filtry-kruhove","product_cat-filtry-kruhove-filtrace-barevnych-kovu","product_cat-slevarenska-keramika"],"acf":[],"_links":{"self":[{"href":"https:\/\/php74.dfirma.pl\/de\/wp-json\/wp\/v2\/product\/9319","targetHints":{"allow":["GET"]}}],"collection":[{"href":"https:\/\/php74.dfirma.pl\/de\/wp-json\/wp\/v2\/product"}],"about":[{"href":"https:\/\/php74.dfirma.pl\/de\/wp-json\/wp\/v2\/types\/product"}],"replies":[{"embeddable":true,"href":"https:\/\/php74.dfirma.pl\/de\/wp-json\/wp\/v2\/comments?post=9319"}],"wp:featuredmedia":[{"embeddable":true,"href":"https:\/\/php74.dfirma.pl\/de\/wp-json\/wp\/v2\/media\/9225"}],"wp:attachment":[{"href":"https:\/\/php74.dfirma.pl\/de\/wp-json\/wp\/v2\/media?parent=9319"}],"wp:term":[{"taxonomy":"product_cat","embeddable":true,"href":"https:\/\/php74.dfirma.pl\/de\/wp-json\/wp\/v2\/product_cat?post=9319"},{"taxonomy":"product_tag","embeddable":true,"href":"https:\/\/php74.dfirma.pl\/de\/wp-json\/wp\/v2\/product_tag?post=9319"}],"curies":[{"name":"wp","href":"https:\/\/api.w.org\/{rel}","templated":true}]}}