{"id":9314,"date":"2023-03-16T09:01:18","date_gmt":"2023-03-16T08:01:18","guid":{"rendered":"https:\/\/php74.dfirma.pl\/vyrobky\/nezarazene\/filtr-rk5-o-200-925-otvoru-o-39-mm\/"},"modified":"2024-06-11T11:08:11","modified_gmt":"2024-06-11T09:08:11","slug":"filtr-rk5-o-200-925-otvoru-o-39-mm","status":"publish","type":"product","link":"https:\/\/php74.dfirma.pl\/de\/vyrobky\/slevarenska-keramika\/filtrace-oceli\/filtry-kruhove-filtrace-oceli\/filtr-rk5-o-200-925-otvoru-o-39-mm\/","title":{"rendered":"FILTR RK5 \u00d8 200 &#8211; 925 otvor\u016f \u00d8 3,9 mm"},"content":{"rendered":"","protected":false},"excerpt":{"rendered":"<p>filtr pro filtraci oceli \u00d8 200 mm<br \/>\ndostupn\u00e9 v\u00fd\u0161ky 20 &#8211; 35 mm<br \/>\n925 otvor\u016f \u00d8 3,9 mm<\/p>\n","protected":false},"featured_media":10250,"comment_status":"open","ping_status":"closed","template":"","meta":[],"product_cat":[56,68,54],"product_tag":[],"class_list":["post-9314","product","type-product","status-publish","has-post-thumbnail","hentry","product_cat-filtrace-oceli","product_cat-filtry-kruhove-filtrace-oceli","product_cat-slevarenska-keramika"],"acf":[],"_links":{"self":[{"href":"https:\/\/php74.dfirma.pl\/de\/wp-json\/wp\/v2\/product\/9314","targetHints":{"allow":["GET"]}}],"collection":[{"href":"https:\/\/php74.dfirma.pl\/de\/wp-json\/wp\/v2\/product"}],"about":[{"href":"https:\/\/php74.dfirma.pl\/de\/wp-json\/wp\/v2\/types\/product"}],"replies":[{"embeddable":true,"href":"https:\/\/php74.dfirma.pl\/de\/wp-json\/wp\/v2\/comments?post=9314"}],"wp:featuredmedia":[{"embeddable":true,"href":"https:\/\/php74.dfirma.pl\/de\/wp-json\/wp\/v2\/media\/10250"}],"wp:attachment":[{"href":"https:\/\/php74.dfirma.pl\/de\/wp-json\/wp\/v2\/media?parent=9314"}],"wp:term":[{"taxonomy":"product_cat","embeddable":true,"href":"https:\/\/php74.dfirma.pl\/de\/wp-json\/wp\/v2\/product_cat?post=9314"},{"taxonomy":"product_tag","embeddable":true,"href":"https:\/\/php74.dfirma.pl\/de\/wp-json\/wp\/v2\/product_tag?post=9314"}],"curies":[{"name":"wp","href":"https:\/\/api.w.org\/{rel}","templated":true}]}}