{"id":9313,"date":"2023-03-16T09:01:18","date_gmt":"2023-03-16T08:01:18","guid":{"rendered":"https:\/\/php74.dfirma.pl\/vyrobky\/nezarazene\/filtr-pyral15-100x75-429-otvoru-o-33-mm\/"},"modified":"2023-03-16T12:37:39","modified_gmt":"2023-03-16T11:37:39","slug":"filtr-pyral15-100x75-429-otvoru-o-33-mm","status":"publish","type":"product","link":"https:\/\/php74.dfirma.pl\/de\/vyrobky\/slevarenska-keramika\/filtrace-hliniku\/filtry-obdelnikove-filtrace-hliniku\/filtr-pyral15-100x75-429-otvoru-o-33-mm\/","title":{"rendered":"FILTR PYRAL15 &#8211; 100&#215;75 &#8211; 429 otvor\u016f \u00d8  3,3 mm"},"content":{"rendered":"","protected":false},"excerpt":{"rendered":"<p>filtr pro filtraci hlin\u00edku 100&#215;75 mm<br \/>\nv\u00fd\u0161ky 20 &#8211; 25 mm<br \/>\n429 otvor\u016f \u00d8 3,3 mm<\/p>\n","protected":false},"featured_media":9225,"comment_status":"open","ping_status":"closed","template":"","meta":[],"product_cat":[57,73,54],"product_tag":[],"class_list":["post-9313","product","type-product","status-publish","has-post-thumbnail","hentry","product_cat-filtrace-hliniku","product_cat-filtry-obdelnikove-filtrace-hliniku","product_cat-slevarenska-keramika"],"acf":[],"_links":{"self":[{"href":"https:\/\/php74.dfirma.pl\/de\/wp-json\/wp\/v2\/product\/9313","targetHints":{"allow":["GET"]}}],"collection":[{"href":"https:\/\/php74.dfirma.pl\/de\/wp-json\/wp\/v2\/product"}],"about":[{"href":"https:\/\/php74.dfirma.pl\/de\/wp-json\/wp\/v2\/types\/product"}],"replies":[{"embeddable":true,"href":"https:\/\/php74.dfirma.pl\/de\/wp-json\/wp\/v2\/comments?post=9313"}],"wp:featuredmedia":[{"embeddable":true,"href":"https:\/\/php74.dfirma.pl\/de\/wp-json\/wp\/v2\/media\/9225"}],"wp:attachment":[{"href":"https:\/\/php74.dfirma.pl\/de\/wp-json\/wp\/v2\/media?parent=9313"}],"wp:term":[{"taxonomy":"product_cat","embeddable":true,"href":"https:\/\/php74.dfirma.pl\/de\/wp-json\/wp\/v2\/product_cat?post=9313"},{"taxonomy":"product_tag","embeddable":true,"href":"https:\/\/php74.dfirma.pl\/de\/wp-json\/wp\/v2\/product_tag?post=9313"}],"curies":[{"name":"wp","href":"https:\/\/api.w.org\/{rel}","templated":true}]}}