{"id":9301,"date":"2023-03-16T09:01:17","date_gmt":"2023-03-16T08:01:17","guid":{"rendered":"https:\/\/php74.dfirma.pl\/vyrobky\/nezarazene\/filtr-pyral15-81x81-634-otvoru-o-25-mm\/"},"modified":"2023-03-16T12:54:09","modified_gmt":"2023-03-16T11:54:09","slug":"filtr-pyral15-81x81-634-otvoru-o-25-mm","status":"publish","type":"product","link":"https:\/\/php74.dfirma.pl\/de\/vyrobky\/slevarenska-keramika\/filtrace-hliniku\/filtry-ctvercove-filtrace-hliniku\/filtr-pyral15-81x81-634-otvoru-o-25-mm\/","title":{"rendered":"FILTR PYRAL15 &#8211; 81X81 &#8211; 634 otvor\u016f \u00d8 2,5 mm"},"content":{"rendered":"","protected":false},"excerpt":{"rendered":"<p>filtr pro filtraci hlin\u00edku 81X81 mm<br \/>\nv\u00fd\u0161ky 15 &#8211; 22 mm<br \/>\n634 otvor\u016f \u00d8 2,5 mm<\/p>\n","protected":false},"featured_media":9225,"comment_status":"open","ping_status":"closed","template":"","meta":[],"product_cat":[57,72,54],"product_tag":[],"class_list":["post-9301","product","type-product","status-publish","has-post-thumbnail","hentry","product_cat-filtrace-hliniku","product_cat-filtry-ctvercove-filtrace-hliniku","product_cat-slevarenska-keramika"],"acf":[],"_links":{"self":[{"href":"https:\/\/php74.dfirma.pl\/de\/wp-json\/wp\/v2\/product\/9301","targetHints":{"allow":["GET"]}}],"collection":[{"href":"https:\/\/php74.dfirma.pl\/de\/wp-json\/wp\/v2\/product"}],"about":[{"href":"https:\/\/php74.dfirma.pl\/de\/wp-json\/wp\/v2\/types\/product"}],"replies":[{"embeddable":true,"href":"https:\/\/php74.dfirma.pl\/de\/wp-json\/wp\/v2\/comments?post=9301"}],"wp:featuredmedia":[{"embeddable":true,"href":"https:\/\/php74.dfirma.pl\/de\/wp-json\/wp\/v2\/media\/9225"}],"wp:attachment":[{"href":"https:\/\/php74.dfirma.pl\/de\/wp-json\/wp\/v2\/media?parent=9301"}],"wp:term":[{"taxonomy":"product_cat","embeddable":true,"href":"https:\/\/php74.dfirma.pl\/de\/wp-json\/wp\/v2\/product_cat?post=9301"},{"taxonomy":"product_tag","embeddable":true,"href":"https:\/\/php74.dfirma.pl\/de\/wp-json\/wp\/v2\/product_tag?post=9301"}],"curies":[{"name":"wp","href":"https:\/\/api.w.org\/{rel}","templated":true}]}}