{"id":9290,"date":"2023-03-16T09:01:14","date_gmt":"2023-03-16T08:01:14","guid":{"rendered":"https:\/\/php74.dfirma.pl\/vyrobky\/nezarazene\/filtr-rk5-55-x-55-7-168-otvoru-o-32-mm\/"},"modified":"2023-04-06T11:07:40","modified_gmt":"2023-04-06T09:07:40","slug":"filtr-rk5-55-x-55-7-168-otvoru-o-32-mm","status":"publish","type":"product","link":"https:\/\/php74.dfirma.pl\/de\/vyrobky\/slevarenska-keramika\/filtrace-oceli\/filtry-ctvercove-filtrace-oceli\/filtr-rk5-55-x-55-7-168-otvoru-o-32-mm\/","title":{"rendered":"FILTR RK5 55 x 55 &#8211; 7 168 otvor\u016f \u00d8 3,2 mm"},"content":{"rendered":"","protected":false},"excerpt":{"rendered":"<p>filtr pro filtraci oceli 55 x 55 mm<br \/>\ndostupn\u00e9 v\u00fd\u0161ky 20 &#8211; 22 mm<br \/>\n168 otvor\u016f \u00d8 3,2 mm<\/p>\n","protected":false},"featured_media":9735,"comment_status":"open","ping_status":"closed","template":"","meta":[],"product_cat":[56,67,54],"product_tag":[],"class_list":["post-9290","product","type-product","status-publish","has-post-thumbnail","hentry","product_cat-filtrace-oceli","product_cat-filtry-ctvercove-filtrace-oceli","product_cat-slevarenska-keramika"],"acf":[],"_links":{"self":[{"href":"https:\/\/php74.dfirma.pl\/de\/wp-json\/wp\/v2\/product\/9290","targetHints":{"allow":["GET"]}}],"collection":[{"href":"https:\/\/php74.dfirma.pl\/de\/wp-json\/wp\/v2\/product"}],"about":[{"href":"https:\/\/php74.dfirma.pl\/de\/wp-json\/wp\/v2\/types\/product"}],"replies":[{"embeddable":true,"href":"https:\/\/php74.dfirma.pl\/de\/wp-json\/wp\/v2\/comments?post=9290"}],"wp:featuredmedia":[{"embeddable":true,"href":"https:\/\/php74.dfirma.pl\/de\/wp-json\/wp\/v2\/media\/9735"}],"wp:attachment":[{"href":"https:\/\/php74.dfirma.pl\/de\/wp-json\/wp\/v2\/media?parent=9290"}],"wp:term":[{"taxonomy":"product_cat","embeddable":true,"href":"https:\/\/php74.dfirma.pl\/de\/wp-json\/wp\/v2\/product_cat?post=9290"},{"taxonomy":"product_tag","embeddable":true,"href":"https:\/\/php74.dfirma.pl\/de\/wp-json\/wp\/v2\/product_tag?post=9290"}],"curies":[{"name":"wp","href":"https:\/\/api.w.org\/{rel}","templated":true}]}}