{"id":9283,"date":"2023-03-16T09:01:14","date_gmt":"2023-03-16T08:01:14","guid":{"rendered":"https:\/\/php74.dfirma.pl\/vyrobky\/nezarazene\/filtr-rk5-40-x-40-168-otvoru-o-22-mm\/"},"modified":"2023-04-06T11:11:36","modified_gmt":"2023-04-06T09:11:36","slug":"filtr-rk5-40-x-40-168-otvoru-o-22-mm","status":"publish","type":"product","link":"https:\/\/php74.dfirma.pl\/de\/vyrobky\/slevarenska-keramika\/filtrace-oceli\/filtry-ctvercove-filtrace-oceli\/filtr-rk5-40-x-40-168-otvoru-o-22-mm\/","title":{"rendered":"FILTR RK5 40  x  40 &#8211; 168 otvor\u016f \u00d8 2,2 mm"},"content":{"rendered":"","protected":false},"excerpt":{"rendered":"<p>filtr pro filtraci oceli 40 x 40 mm<br \/>\ndostupn\u00e9 v\u00fd\u0161ky 20 &#8211; 22 mm<br \/>\n168 otvor\u016f \u00d8 2,2 mm<\/p>\n","protected":false},"featured_media":9744,"comment_status":"open","ping_status":"closed","template":"","meta":[],"product_cat":[56,67,54],"product_tag":[],"class_list":["post-9283","product","type-product","status-publish","has-post-thumbnail","hentry","product_cat-filtrace-oceli","product_cat-filtry-ctvercove-filtrace-oceli","product_cat-slevarenska-keramika"],"acf":[],"_links":{"self":[{"href":"https:\/\/php74.dfirma.pl\/de\/wp-json\/wp\/v2\/product\/9283","targetHints":{"allow":["GET"]}}],"collection":[{"href":"https:\/\/php74.dfirma.pl\/de\/wp-json\/wp\/v2\/product"}],"about":[{"href":"https:\/\/php74.dfirma.pl\/de\/wp-json\/wp\/v2\/types\/product"}],"replies":[{"embeddable":true,"href":"https:\/\/php74.dfirma.pl\/de\/wp-json\/wp\/v2\/comments?post=9283"}],"wp:featuredmedia":[{"embeddable":true,"href":"https:\/\/php74.dfirma.pl\/de\/wp-json\/wp\/v2\/media\/9744"}],"wp:attachment":[{"href":"https:\/\/php74.dfirma.pl\/de\/wp-json\/wp\/v2\/media?parent=9283"}],"wp:term":[{"taxonomy":"product_cat","embeddable":true,"href":"https:\/\/php74.dfirma.pl\/de\/wp-json\/wp\/v2\/product_cat?post=9283"},{"taxonomy":"product_tag","embeddable":true,"href":"https:\/\/php74.dfirma.pl\/de\/wp-json\/wp\/v2\/product_tag?post=9283"}],"curies":[{"name":"wp","href":"https:\/\/api.w.org\/{rel}","templated":true}]}}