{"id":9261,"date":"2023-03-16T08:58:45","date_gmt":"2023-03-16T07:58:45","guid":{"rendered":"https:\/\/php74.dfirma.pl\/vyrobky\/nezarazene\/bocnice-180-x-160-mm-v-20-mm-3-otv-prum-27-mm\/"},"modified":"2024-07-02T09:30:06","modified_gmt":"2024-07-02T07:30:06","slug":"bocnice-180-x-160-mm-v-20-mm-3-otv-prum-27-mm","status":"publish","type":"product","link":"https:\/\/php74.dfirma.pl\/de\/vyrobky\/topna-keramika\/keramika-topnych-teles\/ostatni-tvarovky\/bocnice-180-x-160-mm-v-20-mm-3-otv-prum-27-mm\/","title":{"rendered":"BO\u010cNICE 180 x 160 mm, V 20 mm, 3 otv., \u00d8 27 mm"},"content":{"rendered":"","protected":false},"excerpt":{"rendered":"<p>BO\u010cNICE 180 x 160 mm, V 20 mm, 3 OTV, pr\u016fm. 27 mm<\/p>\n","protected":false},"featured_media":10181,"comment_status":"open","ping_status":"closed","template":"","meta":[],"product_cat":[83,88],"product_tag":[],"class_list":["post-9261","product","type-product","status-publish","has-post-thumbnail","hentry","product_cat-keramika-topnych-teles","product_cat-ostatni-tvarovky"],"acf":[],"_links":{"self":[{"href":"https:\/\/php74.dfirma.pl\/de\/wp-json\/wp\/v2\/product\/9261","targetHints":{"allow":["GET"]}}],"collection":[{"href":"https:\/\/php74.dfirma.pl\/de\/wp-json\/wp\/v2\/product"}],"about":[{"href":"https:\/\/php74.dfirma.pl\/de\/wp-json\/wp\/v2\/types\/product"}],"replies":[{"embeddable":true,"href":"https:\/\/php74.dfirma.pl\/de\/wp-json\/wp\/v2\/comments?post=9261"}],"wp:featuredmedia":[{"embeddable":true,"href":"https:\/\/php74.dfirma.pl\/de\/wp-json\/wp\/v2\/media\/10181"}],"wp:attachment":[{"href":"https:\/\/php74.dfirma.pl\/de\/wp-json\/wp\/v2\/media?parent=9261"}],"wp:term":[{"taxonomy":"product_cat","embeddable":true,"href":"https:\/\/php74.dfirma.pl\/de\/wp-json\/wp\/v2\/product_cat?post=9261"},{"taxonomy":"product_tag","embeddable":true,"href":"https:\/\/php74.dfirma.pl\/de\/wp-json\/wp\/v2\/product_tag?post=9261"}],"curies":[{"name":"wp","href":"https:\/\/api.w.org\/{rel}","templated":true}]}}