{"id":9260,"date":"2023-03-16T08:58:45","date_gmt":"2023-03-16T07:58:45","guid":{"rendered":"https:\/\/php74.dfirma.pl\/vyrobky\/nezarazene\/valecek-boilerovy-o-485-2\/"},"modified":"2023-04-06T09:45:49","modified_gmt":"2023-04-06T07:45:49","slug":"valecek-boilerovy-o-485-2","status":"publish","type":"product","link":"https:\/\/php74.dfirma.pl\/de\/vyrobky\/topna-keramika\/keramika-topnych-teles\/nosic-spiral-valeckovy\/valecek-boilerovy-o-485-2\/","title":{"rendered":"V\u00c1LE\u010cEK BOILEROV\u00dd \u00d8 48,5"},"content":{"rendered":"","protected":false},"excerpt":{"rendered":"<p>V\u00c1LE\u010cEK BOILEROV\u00dd \u00d8 48,5 mm<br \/>\nv\u00fd\u0161ka 58 mm<br \/>\npo\u010det spir\u00e1l: 12<\/p>\n","protected":false},"featured_media":9711,"comment_status":"open","ping_status":"closed","template":"","meta":[],"product_cat":[83,84,82],"product_tag":[],"class_list":["post-9260","product","type-product","status-publish","has-post-thumbnail","hentry","product_cat-keramika-topnych-teles","product_cat-nosic-spiral-valeckovy","product_cat-topna-keramika"],"acf":[],"_links":{"self":[{"href":"https:\/\/php74.dfirma.pl\/de\/wp-json\/wp\/v2\/product\/9260","targetHints":{"allow":["GET"]}}],"collection":[{"href":"https:\/\/php74.dfirma.pl\/de\/wp-json\/wp\/v2\/product"}],"about":[{"href":"https:\/\/php74.dfirma.pl\/de\/wp-json\/wp\/v2\/types\/product"}],"replies":[{"embeddable":true,"href":"https:\/\/php74.dfirma.pl\/de\/wp-json\/wp\/v2\/comments?post=9260"}],"wp:featuredmedia":[{"embeddable":true,"href":"https:\/\/php74.dfirma.pl\/de\/wp-json\/wp\/v2\/media\/9711"}],"wp:attachment":[{"href":"https:\/\/php74.dfirma.pl\/de\/wp-json\/wp\/v2\/media?parent=9260"}],"wp:term":[{"taxonomy":"product_cat","embeddable":true,"href":"https:\/\/php74.dfirma.pl\/de\/wp-json\/wp\/v2\/product_cat?post=9260"},{"taxonomy":"product_tag","embeddable":true,"href":"https:\/\/php74.dfirma.pl\/de\/wp-json\/wp\/v2\/product_tag?post=9260"}],"curies":[{"name":"wp","href":"https:\/\/api.w.org\/{rel}","templated":true}]}}