{"id":9251,"date":"2023-03-16T08:58:44","date_gmt":"2023-03-16T07:58:44","guid":{"rendered":"https:\/\/php74.dfirma.pl\/vyrobky\/nezarazene\/nosic-topeni-114x31x18-mm\/"},"modified":"2023-04-06T09:39:56","modified_gmt":"2023-04-06T07:39:56","slug":"nosic-topeni-114x31x18-mm","status":"publish","type":"product","link":"https:\/\/php74.dfirma.pl\/de\/vyrobky\/topna-keramika\/keramika-topnych-teles\/nosic-topeni-114x31x18-mm\/","title":{"rendered":"NOSI\u010c TOPEN\u00cd 114 x 31 x 18 mm"},"content":{"rendered":"","protected":false},"excerpt":{"rendered":"<p>NOSI\u010c TOPEN\u00cd 114x31x18 mm<\/p>\n","protected":false},"featured_media":9684,"comment_status":"open","ping_status":"closed","template":"","meta":[],"product_cat":[83,82],"product_tag":[],"class_list":["post-9251","product","type-product","status-publish","has-post-thumbnail","hentry","product_cat-keramika-topnych-teles","product_cat-topna-keramika"],"acf":[],"_links":{"self":[{"href":"https:\/\/php74.dfirma.pl\/de\/wp-json\/wp\/v2\/product\/9251","targetHints":{"allow":["GET"]}}],"collection":[{"href":"https:\/\/php74.dfirma.pl\/de\/wp-json\/wp\/v2\/product"}],"about":[{"href":"https:\/\/php74.dfirma.pl\/de\/wp-json\/wp\/v2\/types\/product"}],"replies":[{"embeddable":true,"href":"https:\/\/php74.dfirma.pl\/de\/wp-json\/wp\/v2\/comments?post=9251"}],"wp:featuredmedia":[{"embeddable":true,"href":"https:\/\/php74.dfirma.pl\/de\/wp-json\/wp\/v2\/media\/9684"}],"wp:attachment":[{"href":"https:\/\/php74.dfirma.pl\/de\/wp-json\/wp\/v2\/media?parent=9251"}],"wp:term":[{"taxonomy":"product_cat","embeddable":true,"href":"https:\/\/php74.dfirma.pl\/de\/wp-json\/wp\/v2\/product_cat?post=9251"},{"taxonomy":"product_tag","embeddable":true,"href":"https:\/\/php74.dfirma.pl\/de\/wp-json\/wp\/v2\/product_tag?post=9251"}],"curies":[{"name":"wp","href":"https:\/\/api.w.org\/{rel}","templated":true}]}}