{"id":9241,"date":"2023-03-16T08:58:44","date_gmt":"2023-03-16T07:58:44","guid":{"rendered":"https:\/\/php74.dfirma.pl\/vyrobky\/nezarazene\/valecek-boilerovy-o-365\/"},"modified":"2023-04-06T09:44:40","modified_gmt":"2023-04-06T07:44:40","slug":"valecek-boilerovy-o-365","status":"publish","type":"product","link":"https:\/\/php74.dfirma.pl\/de\/vyrobky\/topna-keramika\/keramika-topnych-teles\/nosic-spiral-valeckovy\/valecek-boilerovy-o-365\/","title":{"rendered":"V\u00c1LE\u010cEK BOILEROV\u00dd \u00d8 36,5"},"content":{"rendered":"","protected":false},"excerpt":{"rendered":"<p>V\u00c1LE\u010cEK BOILEROV\u00dd \u00d8 36,5 mm<br \/>\nv\u00fd\u0161ka 48,8 mm<br \/>\npo\u010det spir\u00e1l: 6<\/p>\n","protected":false},"featured_media":9708,"comment_status":"open","ping_status":"closed","template":"","meta":[],"product_cat":[83,84,82],"product_tag":[],"class_list":["post-9241","product","type-product","status-publish","has-post-thumbnail","hentry","product_cat-keramika-topnych-teles","product_cat-nosic-spiral-valeckovy","product_cat-topna-keramika"],"acf":[],"_links":{"self":[{"href":"https:\/\/php74.dfirma.pl\/de\/wp-json\/wp\/v2\/product\/9241","targetHints":{"allow":["GET"]}}],"collection":[{"href":"https:\/\/php74.dfirma.pl\/de\/wp-json\/wp\/v2\/product"}],"about":[{"href":"https:\/\/php74.dfirma.pl\/de\/wp-json\/wp\/v2\/types\/product"}],"replies":[{"embeddable":true,"href":"https:\/\/php74.dfirma.pl\/de\/wp-json\/wp\/v2\/comments?post=9241"}],"wp:featuredmedia":[{"embeddable":true,"href":"https:\/\/php74.dfirma.pl\/de\/wp-json\/wp\/v2\/media\/9708"}],"wp:attachment":[{"href":"https:\/\/php74.dfirma.pl\/de\/wp-json\/wp\/v2\/media?parent=9241"}],"wp:term":[{"taxonomy":"product_cat","embeddable":true,"href":"https:\/\/php74.dfirma.pl\/de\/wp-json\/wp\/v2\/product_cat?post=9241"},{"taxonomy":"product_tag","embeddable":true,"href":"https:\/\/php74.dfirma.pl\/de\/wp-json\/wp\/v2\/product_tag?post=9241"}],"curies":[{"name":"wp","href":"https:\/\/api.w.org\/{rel}","templated":true}]}}