{"id":9172,"date":"2023-03-09T07:11:34","date_gmt":"2023-03-09T06:11:34","guid":{"rendered":"https:\/\/php74.dfirma.pl\/vyrobky\/nezarazene\/trubka-pyrostat-o-32-50\/"},"modified":"2024-07-02T08:34:30","modified_gmt":"2024-07-02T06:34:30","slug":"trubka-pyrostat-o-32-50","status":"publish","type":"product","link":"https:\/\/php74.dfirma.pl\/de\/vyrobky\/topna-keramika\/keramika-topnych-teles\/nosic-spiral-valeckovy\/trubka-pyrostat-o-32-50\/","title":{"rendered":"BOILEROV\u00dd V\u00c1LE\u010cEK \u00d8 32\/50"},"content":{"rendered":"","protected":false},"excerpt":{"rendered":"","protected":false},"featured_media":9218,"comment_status":"open","ping_status":"closed","template":"","meta":[],"product_cat":[84,82],"product_tag":[],"class_list":["post-9172","product","type-product","status-publish","has-post-thumbnail","hentry","product_cat-nosic-spiral-valeckovy","product_cat-topna-keramika"],"acf":[],"_links":{"self":[{"href":"https:\/\/php74.dfirma.pl\/de\/wp-json\/wp\/v2\/product\/9172","targetHints":{"allow":["GET"]}}],"collection":[{"href":"https:\/\/php74.dfirma.pl\/de\/wp-json\/wp\/v2\/product"}],"about":[{"href":"https:\/\/php74.dfirma.pl\/de\/wp-json\/wp\/v2\/types\/product"}],"replies":[{"embeddable":true,"href":"https:\/\/php74.dfirma.pl\/de\/wp-json\/wp\/v2\/comments?post=9172"}],"wp:featuredmedia":[{"embeddable":true,"href":"https:\/\/php74.dfirma.pl\/de\/wp-json\/wp\/v2\/media\/9218"}],"wp:attachment":[{"href":"https:\/\/php74.dfirma.pl\/de\/wp-json\/wp\/v2\/media?parent=9172"}],"wp:term":[{"taxonomy":"product_cat","embeddable":true,"href":"https:\/\/php74.dfirma.pl\/de\/wp-json\/wp\/v2\/product_cat?post=9172"},{"taxonomy":"product_tag","embeddable":true,"href":"https:\/\/php74.dfirma.pl\/de\/wp-json\/wp\/v2\/product_tag?post=9172"}],"curies":[{"name":"wp","href":"https:\/\/api.w.org\/{rel}","templated":true}]}}