{"id":8754,"date":"2023-03-08T11:05:04","date_gmt":"2023-03-08T10:05:04","guid":{"rendered":"https:\/\/php74.dfirma.pl\/vyrobky\/nezarazene\/sitko-pyrostat-o-70-121-otvoru-2\/"},"modified":"2023-03-09T08:36:43","modified_gmt":"2023-03-09T07:36:43","slug":"sitko-pyrostat-o-70-121-otvoru-2","status":"publish","type":"product","link":"https:\/\/php74.dfirma.pl\/de\/vyrobky\/slevarenska-keramika\/filtrace-litiny\/sitka\/sitko-pyrostat-o-70-121-otvoru-2\/","title":{"rendered":"S\u00cdTKO PYROSTAT \u00d8 70 &#8211; 121 otvor\u016f"},"content":{"rendered":"","protected":false},"excerpt":{"rendered":"<p>s\u00edtko pro filtraci litiny \u00d8 70,<br \/>\nv\u00fd\u0161ka 10,<br \/>\n121 otvor\u016f<\/p>\n","protected":false},"featured_media":9095,"comment_status":"open","ping_status":"closed","template":"","meta":[],"product_cat":[55,64,54],"product_tag":[],"class_list":["post-8754","product","type-product","status-publish","has-post-thumbnail","hentry","product_cat-filtrace-litiny","product_cat-sitka","product_cat-slevarenska-keramika"],"acf":[],"_links":{"self":[{"href":"https:\/\/php74.dfirma.pl\/de\/wp-json\/wp\/v2\/product\/8754","targetHints":{"allow":["GET"]}}],"collection":[{"href":"https:\/\/php74.dfirma.pl\/de\/wp-json\/wp\/v2\/product"}],"about":[{"href":"https:\/\/php74.dfirma.pl\/de\/wp-json\/wp\/v2\/types\/product"}],"replies":[{"embeddable":true,"href":"https:\/\/php74.dfirma.pl\/de\/wp-json\/wp\/v2\/comments?post=8754"}],"wp:featuredmedia":[{"embeddable":true,"href":"https:\/\/php74.dfirma.pl\/de\/wp-json\/wp\/v2\/media\/9095"}],"wp:attachment":[{"href":"https:\/\/php74.dfirma.pl\/de\/wp-json\/wp\/v2\/media?parent=8754"}],"wp:term":[{"taxonomy":"product_cat","embeddable":true,"href":"https:\/\/php74.dfirma.pl\/de\/wp-json\/wp\/v2\/product_cat?post=8754"},{"taxonomy":"product_tag","embeddable":true,"href":"https:\/\/php74.dfirma.pl\/de\/wp-json\/wp\/v2\/product_tag?post=8754"}],"curies":[{"name":"wp","href":"https:\/\/api.w.org\/{rel}","templated":true}]}}