{"id":8711,"date":"2023-03-08T11:03:05","date_gmt":"2023-03-08T10:03:05","guid":{"rendered":"https:\/\/php74.dfirma.pl\/vyrobky\/nezarazene\/filtr-rk5-o-200-1304-otvoru-o-39-mm\/"},"modified":"2023-03-09T10:32:32","modified_gmt":"2023-03-09T09:32:32","slug":"filtr-rk5-o-200-1304-otvoru-o-39-mm","status":"publish","type":"product","link":"https:\/\/php74.dfirma.pl\/de\/vyrobky\/slevarenska-keramika\/filtrace-oceli\/filtry-kruhove-filtrace-oceli\/filtr-rk5-o-200-1304-otvoru-o-39-mm\/","title":{"rendered":"FILTR RK5 \u00d8 200 &#8211; 1304 otvor\u016f \u00d8 3,9 mm"},"content":{"rendered":"","protected":false},"excerpt":{"rendered":"<p>filtr pro filtraci oceli \u00d8 200 mm<br \/>\nv\u00fd\u0161ky 22 &#8211; 35 mm<br \/>\n1304 otvor\u016f \u00d8 3,9 mm<\/p>\n","protected":false},"featured_media":9146,"comment_status":"open","ping_status":"closed","template":"","meta":[],"product_cat":[56,68,54],"product_tag":[],"class_list":["post-8711","product","type-product","status-publish","has-post-thumbnail","hentry","product_cat-filtrace-oceli","product_cat-filtry-kruhove-filtrace-oceli","product_cat-slevarenska-keramika"],"acf":[],"_links":{"self":[{"href":"https:\/\/php74.dfirma.pl\/de\/wp-json\/wp\/v2\/product\/8711","targetHints":{"allow":["GET"]}}],"collection":[{"href":"https:\/\/php74.dfirma.pl\/de\/wp-json\/wp\/v2\/product"}],"about":[{"href":"https:\/\/php74.dfirma.pl\/de\/wp-json\/wp\/v2\/types\/product"}],"replies":[{"embeddable":true,"href":"https:\/\/php74.dfirma.pl\/de\/wp-json\/wp\/v2\/comments?post=8711"}],"wp:featuredmedia":[{"embeddable":true,"href":"https:\/\/php74.dfirma.pl\/de\/wp-json\/wp\/v2\/media\/9146"}],"wp:attachment":[{"href":"https:\/\/php74.dfirma.pl\/de\/wp-json\/wp\/v2\/media?parent=8711"}],"wp:term":[{"taxonomy":"product_cat","embeddable":true,"href":"https:\/\/php74.dfirma.pl\/de\/wp-json\/wp\/v2\/product_cat?post=8711"},{"taxonomy":"product_tag","embeddable":true,"href":"https:\/\/php74.dfirma.pl\/de\/wp-json\/wp\/v2\/product_tag?post=8711"}],"curies":[{"name":"wp","href":"https:\/\/api.w.org\/{rel}","templated":true}]}}