{"id":8703,"date":"2023-03-08T11:03:02","date_gmt":"2023-03-08T10:03:02","guid":{"rendered":"https:\/\/php74.dfirma.pl\/vyrobky\/nezarazene\/filtr-pyral15-60-x-60-460-otvoru-o-20-mm\/"},"modified":"2023-03-09T10:20:16","modified_gmt":"2023-03-09T09:20:16","slug":"filtr-pyral15-60-x-60-460-otvoru-o-20-mm","status":"publish","type":"product","link":"https:\/\/php74.dfirma.pl\/de\/vyrobky\/slevarenska-keramika\/filtrace-hliniku\/filtry-ctvercove-filtrace-hliniku\/filtr-pyral15-60-x-60-460-otvoru-o-20-mm\/","title":{"rendered":"FILTR PYRAL15 &#8211; 60 x 60 &#8211; 460 otvor\u016f \u00d8 2,0 mm"},"content":{"rendered":"","protected":false},"excerpt":{"rendered":"<p>filtr pro filtraci hlin\u00edku 60 x 60 mm<br \/>\nv\u00fd\u0161ky 12,7 &#8211; 22 mm<br \/>\n460 otvor\u016f \u00d8 2,0 mm<\/p>\n","protected":false},"featured_media":8927,"comment_status":"open","ping_status":"closed","template":"","meta":[],"product_cat":[57,72,54],"product_tag":[],"class_list":["post-8703","product","type-product","status-publish","has-post-thumbnail","hentry","product_cat-filtrace-hliniku","product_cat-filtry-ctvercove-filtrace-hliniku","product_cat-slevarenska-keramika"],"acf":[],"_links":{"self":[{"href":"https:\/\/php74.dfirma.pl\/de\/wp-json\/wp\/v2\/product\/8703","targetHints":{"allow":["GET"]}}],"collection":[{"href":"https:\/\/php74.dfirma.pl\/de\/wp-json\/wp\/v2\/product"}],"about":[{"href":"https:\/\/php74.dfirma.pl\/de\/wp-json\/wp\/v2\/types\/product"}],"replies":[{"embeddable":true,"href":"https:\/\/php74.dfirma.pl\/de\/wp-json\/wp\/v2\/comments?post=8703"}],"wp:featuredmedia":[{"embeddable":true,"href":"https:\/\/php74.dfirma.pl\/de\/wp-json\/wp\/v2\/media\/8927"}],"wp:attachment":[{"href":"https:\/\/php74.dfirma.pl\/de\/wp-json\/wp\/v2\/media?parent=8703"}],"wp:term":[{"taxonomy":"product_cat","embeddable":true,"href":"https:\/\/php74.dfirma.pl\/de\/wp-json\/wp\/v2\/product_cat?post=8703"},{"taxonomy":"product_tag","embeddable":true,"href":"https:\/\/php74.dfirma.pl\/de\/wp-json\/wp\/v2\/product_tag?post=8703"}],"curies":[{"name":"wp","href":"https:\/\/api.w.org\/{rel}","templated":true}]}}