{"id":7925,"date":"2022-10-20T11:42:05","date_gmt":"2022-10-20T09:42:05","guid":{"rendered":"https:\/\/php74.dfirma.pl\/?page_id=7925"},"modified":"2022-10-20T11:42:05","modified_gmt":"2022-10-20T09:42:05","slug":"7925-2","status":"publish","type":"page","link":"https:\/\/php74.dfirma.pl\/de\/7925-2\/","title":{"rendered":""},"content":{"rendered":"<section class=\"fusion-fullwidth fullwidth-box fusion-builder-row-1 fusion-flex-container has-pattern-background has-mask-background nonhundred-percent-fullwidth non-hundred-percent-height-scrolling fusion-animated\" style=\"background-color: rgba(255,255,255,0);background-position: center center;background-repeat: no-repeat;border-width: 0 0 0 0;border-color:var(--awb-color3);border-style:solid;\" data-animationType=\"fadeInDown\" data-animationDuration=\"1.0\" data-animationOffset=\"top-into-view\" ><div class=\"fusion-builder-row fusion-row fusion-flex-align-items-flex-start\" style=\"max-width:calc( 83rem + 1.25rem );margin-left: calc(-1.25rem \/ 2 );margin-right: calc(-1.25rem \/ 2 );\"><div class=\"fusion-layout-column fusion_builder_column fusion-builder-column-0 fusion_builder_column_1_1 1_1 fusion-flex-column\"><div class=\"fusion-column-wrapper fusion-flex-justify-content-flex-start fusion-content-layout-column\" style=\"background-position:left top;background-repeat:no-repeat;-webkit-background-size:cover;-moz-background-size:cover;-o-background-size:cover;background-size:cover;padding: 0px 0px 0px 0px;\"><style type=\"text\/css\">@media only screen and (max-width:1024px) {.fusion-title.fusion-title-1{margin-top:0px!important; margin-right:0px!important;margin-bottom:2rem!important;margin-left:0px!important;}}@media only screen and (max-width:640px) {.fusion-title.fusion-title-1{margin-top:0px!important; margin-right:0px!important;margin-bottom:1.25rem!important; margin-left:0px!important;}}<\/style><div class=\"fusion-title title fusion-title-1 fusion-sep-none fusion-title-text fusion-title-size-two\" style=\"font-size:1.25rem;margin-top:0px;margin-right:0px;margin-bottom:2rem;margin-left:0px;\"><h2 class=\"title-heading-left fusion-responsive-typography-calculated\" style=\"margin:0;font-size:1em;color:var(--awb-color6);--fontSize:18.75;--minFontSize:1.25rem;line-height:var(--awb-typography1-line-height);\">I. Schutz personenbezogener Daten<\/h2><\/div><div class=\"fusion-text fusion-text-1\"><p>1.1. Durch die Eingabe personenbezogener Daten best\u00e4tigt der Nutzer, dass er die Bestimmungen zum Schutz personenbezogener Daten versteht, mit deren Formulierung einverstanden ist und diese in vollem Umfang akzeptiert.<\/p>\n<p>1.2 Der Anbieter ist f\u00fcr die Verarbeitung personenbezogener Daten durch die Nutzer gem\u00e4\u00df Artikel 4 Absatz 7 der Verordnung (EU) 2016\/679 des Europ\u00e4ischen Parlaments und des Rates zum Schutz nat\u00fcrlicher Personen bei der Verarbeitung personenbezogener Daten und zum freien Datenverkehr und zur Aufhebung der Richtlinie 95\/46 \/ EG verantwortlich Datenschutzverordnung) (im Folgenden als \u201eDSGVO\u201c bezeichnet). Der Anbieter verpflichtet sich, personenbezogene Daten gem\u00e4\u00df den gesetzlichen Bestimmungen, insbesondere der DSGVO, zu verarbeiten.<\/p>\n<p>1.3. Personenbezogene Daten sind alle Informationen \u00fcber eine identifizierte oder identifizierbare nat\u00fcrliche Person. Eine identifizierbare nat\u00fcrliche Person ist eine nat\u00fcrliche Person, die direkt oder indirekt identifiziert werden kann, insbesondere durch Bezugnahme auf eine bestimmte Kennung, wie Name, Identifikationsnummer, Standortinformation, Netzwerkkennung oder eine oder mehrere bestimmte physikalische, physiologische, genetische, psychologische, wirtschaftliche, kulturelle oder die soziale Identit\u00e4t dieser nat\u00fcrlichen Person.<\/p>\n<p>1.4 Bei der Bestellung werden personenbezogene Daten (Name und Anschrift, Kontakt) ben\u00f6tigt, die f\u00fcr eine erfolgreiche Bestellabwicklung erforderlich sind. Der Zweck der Verarbeitung personenbezogener Daten ist die Ausf\u00fchrung der Bestellung des Nutzers und die Aus\u00fcbung der Rechte und Pflichten aus dem Vertragsverh\u00e4ltnis zwischen dem Anbieter und dem Nutzer. Der Zweck der Verarbeitung personenbezogener Daten besteht auch darin, Gesch\u00e4ftsnachrichten zu versenden und andere Marketingaktivit\u00e4ten durchzuf\u00fchren. Der rechtliche Grund f\u00fcr die Verarbeitung personenbezogener Daten ist die Erf\u00fcllung des Vertrages gem\u00e4\u00df Art. b) DSGVO, Erf\u00fcllung der gesetzlichen Verpflichtung des Treuh\u00e4nders nach Artikel 6 Absatz 1 Buchstabe b. c) DSGVO und das berechtigte Interesse des Anbieters gem. (f) DSGVO. Das berechtigte Interesse des Anbieters besteht darin, personenbezogene Daten f\u00fcr Direktmarketingzwecke zu verarbeiten.<\/p>\n<p>1.5 Der Anbieter nutzt die Dienste von Subunternehmern zur Erf\u00fcllung der Lizenzvereinbarung, insbesondere den Anbieter von Mailingdiensten (personenbezogene Daten werden in Drittl\u00e4ndern gespeichert) und den Webhosting-Anbieter. Subunternehmer werden auf die sichere Verarbeitung personenbezogener Daten \u00fcberpr\u00fcft. Der Anbieter und der Subunternehmer des Webhosts haben einen Vertrag \u00fcber die Verarbeitung personenbezogener Daten geschlossen, bei dem der Subunternehmer f\u00fcr die ordnungsgem\u00e4\u00dfe Sicherung des physischen Umfangs, der Hardware und der Software verantwortlich ist und somit die direkte Verantwortung gegen\u00fcber dem Benutzer f\u00fcr die Weitergabe oder Verletzung personenbezogener Daten tr\u00e4gt.<\/p>\n<p>1.6 Der Anbieter speichert die personenbezogenen Daten des Nutzers f\u00fcr den Zeitraum, der zur Aus\u00fcbung der Rechte und Pflichten aus dem Vertragsverh\u00e4ltnis zwischen dem Anbieter und dem Nutzer und zur Geltendmachung von Anspr\u00fcchen aus diesen Vertragsverh\u00e4ltnissen erforderlich ist (f\u00fcr einen Zeitraum von 15 Jahren ab Beendigung des Vertragsverh\u00e4ltnisses). Nach dieser Zeit werden die Daten gel\u00f6scht.<\/p>\n<p>1.7 Der Nutzer hat das Recht, vom Anbieter Zugang zu seinen personenbezogenen Daten gem\u00e4\u00df Artikel 15 DSGVO, Berichtigung personenbezogener Daten gem\u00e4\u00df Artikel 16 DSGVO oder Einschr\u00e4nkung der Verarbeitung gem\u00e4\u00df Artikel 18 DSGVO zu verlangen. Der Nutzer hat das Recht, personenbezogene Daten gem\u00e4\u00df Art. und (c) bis (f) der DSGVO. Dar\u00fcber hinaus hat der Nutzer das Recht, der Verarbeitung gem\u00e4\u00df Artikel 21 der DSGVO zu widersprechen, und das Recht auf Daten\u00fcbertragbarkeit gem\u00e4\u00df Artikel 20 der DSGVO.<\/p>\n<p>1.8 Der Nutzer hat das Recht, eine Beschwerde beim Amt f\u00fcr den Schutz personenbezogener Daten einzureichen, wenn er der Ansicht ist, dass sein Recht auf Schutz personenbezogener Daten verletzt wurde.<\/p>\n<p>1.9 Der Nutzer ist nicht verpflichtet, personenbezogene Daten anzugeben. Die Angabe personenbezogener Daten ist jedoch eine notwendige Voraussetzung f\u00fcr den Abschluss und die Erf\u00fcllung des Vertrages und ohne die Angabe personenbezogener Daten ist ein Vertragsabschluss oder eine Vertragserf\u00fcllung durch den Anbieter nicht m\u00f6glich.<\/p>\n<p>1.10 Der Anbieter trifft keine automatischen Einzelentscheidungen im Sinne von Nr. 22 DSGVO.<\/p>\n<p>1.11 Sie m\u00f6chten die Dienste des Anbieters nutzen, indem Sie das Kontaktformular ausf\u00fcllen:<\/p>\n<p>erkl\u00e4ren sich damit einverstanden, ihre personenbezogenen Daten f\u00fcr den Versand von Werbebotschaften, Werbematerialien, Direktverk\u00e4ufen, Marktforschungen und direkten Produktangeboten durch den Anbieter und Dritte zu verwenden, jedoch nicht mehr als einmal pro Woche und gleichzeitig<br \/>\nerkl\u00e4rt, dass es sich bei der \u00dcbersendung von Informationen nach Ziffer 1.11.1 nicht um unerw\u00fcnschte Werbung im Sinne des Gesetzes Nr. Nr. 40\/1995 Slg. in der jeweils g\u00fcltigen Fassung, da dem Nutzer Informationen gem\u00e4\u00df Ziffer 1.11.1 in Verbindung mit \u00a7 7 des Gesetzes Nr. Nr. 480\/2004 Slg. stimmt ausdr\u00fccklich zu.<br \/>\nDer Nutzer kann seine Einwilligung nach diesem Absatz jederzeit schriftlich an <a href=\"mailto:info@keramtech.cz\">info@keramtech.cz<\/a> widerrufen.<br \/>\n1.12 Um die Qualit\u00e4t der Dienste zu verbessern, das Angebot zu personalisieren, anonyme Daten zu sammeln und zu Analysezwecken verwendet der Anbieter in seiner Pr\u00e4sentation sogenannte Cookies. Durch die Nutzung der Website erkl\u00e4rt sich der Nutzer mit der Nutzung der Technologie einverstanden.<\/p>\n<\/div><\/div><style type=\"text\/css\">.fusion-body .fusion-builder-column-0{width:100% !important;margin-top : 0px;margin-bottom : 0px;}.fusion-builder-column-0 > .fusion-column-wrapper {padding-top : 0px !important;padding-right : 0px !important;margin-right : 0.625rem;padding-bottom : 0px !important;padding-left : 0px !important;margin-left : 0.625rem;}@media only screen and (max-width:1024px) {.fusion-body .fusion-builder-column-0{width:100% !important;order : 0;}.fusion-builder-column-0 > .fusion-column-wrapper {margin-right : 0.625rem;margin-left : 0.625rem;}}@media only screen and (max-width:640px) {.fusion-body .fusion-builder-column-0{width:100% !important;order : 0;}.fusion-builder-column-0 > .fusion-column-wrapper {margin-right : 0.625rem;margin-left : 0.625rem;}}<\/style><\/div><div class=\"fusion-layout-column fusion_builder_column fusion-builder-column-1 fusion_builder_column_1_1 1_1 fusion-flex-column\"><div class=\"fusion-column-wrapper fusion-flex-justify-content-flex-start fusion-content-layout-column\" style=\"background-position:left top;background-repeat:no-repeat;-webkit-background-size:cover;-moz-background-size:cover;-o-background-size:cover;background-size:cover;padding: 0px 0px 0px 0px;\"><style type=\"text\/css\">@media only screen and (max-width:1024px) {.fusion-title.fusion-title-2{margin-top:0px!important; margin-right:0px!important;margin-bottom:2rem!important;margin-left:0px!important;}}@media only screen and (max-width:640px) {.fusion-title.fusion-title-2{margin-top:0px!important; margin-right:0px!important;margin-bottom:1.25rem!important; margin-left:0px!important;}}<\/style><div class=\"fusion-title title fusion-title-2 fusion-sep-none fusion-title-text fusion-title-size-two\" style=\"font-size:1.25rem;margin-top:0px;margin-right:0px;margin-bottom:2rem;margin-left:0px;\"><h2 class=\"title-heading-left fusion-responsive-typography-calculated\" style=\"margin:0;font-size:1em;color:var(--awb-color6);--fontSize:18.75;--minFontSize:1.25rem;line-height:var(--awb-typography1-line-height);\">II. Rechte und Pflichten zwischen dem f\u00fcr die Verarbeitung Verantwortlichen und dem Auftragsverarbeiter (Verarbeitungsvertrag)<\/h2><\/div><div class=\"fusion-text fusion-text-2\"><p>2.1 Der Anbieter ist ein Verarbeiter im Sinne von Artikel 28 der DSGVO in Bezug auf die personenbezogenen Daten von Nutzern von Nutzern. Der Benutzer ist der Administrator dieser Daten.<\/p>\n<p>2.2 Diese Allgemeinen Gesch\u00e4ftsbedingungen regeln die gegenseitigen Rechte und Pflichten bei der Verarbeitung personenbezogener Daten, auf die der Anbieter im Rahmen der Lizenzvereinbarung zugegriffen hat, die in Form der Zustimmung zu den Allgemeinen Gesch\u00e4ftsbedingungen unter www.keramtech.cz (im Folgenden als \u201eLizenzvereinbarung\u201c bezeichnet) geschlossen wurde Einrichten eines Benutzerkontos.<\/p>\n<p>2.3. Der Anbieter verpflichtet sich, personenbezogene Daten f\u00fcr den Nutzer im Umfang und zu den in den Artikeln 2.4 \u2013 2.7 genannten Zwecken zu verarbeiten. Verarbeitungsressourcen werden automatisiert. Der Anbieter erhebt, speichert, speichert, sperrt und entsorgt personenbezogene Daten im Rahmen der Bearbeitung. Der Anbieter ist nicht berechtigt, personenbezogene Daten im Widerspruch zu oder \u00fcber die in diesen Bedingungen festgelegten Grenzen hinaus zu verarbeiten.<\/p>\n<p>2.4 Der Anbieter verpflichtet sich, personenbezogene Daten in folgendem Umfang zu verarbeiten:<\/p>\n<p>gew\u00f6hnliche pers\u00f6nliche Informationen,<br \/>\neine besondere Kategorie von Daten gem\u00e4\u00df Artikel 9 der DSGVO, die der Nutzer im Zusammenhang mit seinem eigenen Gesch\u00e4ft erlangt hat.<br \/>\n2.5. Der Anbieter verpflichtet sich, personenbezogene Daten f\u00fcr den Nutzer zu verarbeiten, um Anfragen und Anfragen von Kunden, die \u00fcber das Kontaktformular eingehen, zu bearbeiten.<\/p>\n<p>2.6. Personenbezogene Daten d\u00fcrfen nur an den Arbeitspl\u00e4tzen des Anbieters oder seiner Subunternehmer gem\u00e4\u00df Artikel 2.8 im Gebiet der Europ\u00e4ischen Union verarbeitet werden.<\/p>\n<p>2.7. Der Anbieter verpflichtet sich, f\u00fcr den Nutzer die personenbezogenen Daten der Nutzer des Nutzers so lange zu verarbeiten, wie dies zur Aus\u00fcbung der Rechte und Pflichten aus dem Vertragsverh\u00e4ltnis zwischen dem Anbieter und dem Nutzer sowie aus der Geltendmachung von Anspr\u00fcchen aus diesen Vertragsverh\u00e4ltnissen erforderlich ist.<\/p>\n<p>2.8 Der Nutzer gew\u00e4hrt die Erlaubnis, einen Subunternehmer als weiteren Bearbeiter gem\u00e4\u00df Artikel 28 Absatz 2 der DSGVO einzubeziehen, bei dem es sich um den Application Hosting Provider handelt. Der Nutzer erteilt dem Anbieter ferner eine allgemeine Genehmigung, einen anderen Bearbeiter personenbezogener Daten an der Verarbeitung zu beteiligen. Der Anbieter muss den Nutzer jedoch schriftlich \u00fcber beabsichtigte \u00c4nderungen der Annahme oder Ersetzung der anderen Bearbeiter informieren und dem Nutzer Gelegenheit geben, diesen \u00c4nderungen zu widersprechen. Der Anbieter hat seinen Subunternehmern die gleichen Datenschutzverpflichtungen aufzuerlegen, wie sie in diesen Bedingungen festgelegt sind.<\/p>\n<p>2.9. Der Anbieter verpflichtet sich, die Verarbeitung personenbezogener Daten insbesondere wie folgt sicherzustellen:<\/p>\n<p>Personenbezogene Daten werden gem\u00e4\u00df den gesetzlichen Bestimmungen und gem\u00e4\u00df den Anweisungen des Nutzers verarbeitet, dh zur Durchf\u00fchrung aller f\u00fcr die Bereitstellung der Webplattform erforderlichen Aktivit\u00e4ten.<br \/>\nDer Anbieter verpflichtet sich, die verarbeiteten personenbezogenen Daten technisch und organisatorisch so zu sch\u00fctzen, dass ein unbefugter oder zuf\u00e4lliger Zugriff auf, eine Ver\u00e4nderung, Zerst\u00f6rung oder ein Verlust von Daten, eine unbefugte Weitergabe, eine sonstige unbefugte Verarbeitung sowie ein sonstiger Missbrauch verhindert wird und Alle pers\u00f6nlichen und organisatorischen Verpflichtungen des Verarbeiters personenbezogener Daten, die sich aus gesetzlichen Vorschriften ergeben, werden laufend personell und organisatorisch sichergestellt.<br \/>\nDie technischen und organisatorischen Ma\u00dfnahmen richten sich nach dem Risikoniveau. Durch diese stellt der Anbieter die kontinuierliche Vertraulichkeit, Integrit\u00e4t, Verf\u00fcgbarkeit und Ausfallsicherheit von Verarbeitungssystemen und -diensten sicher und stellt die Verf\u00fcgbarkeit und den Zugriff auf personenbezogene Daten bei physischen oder technischen Vorf\u00e4llen rechtzeitig wieder her.<br \/>\nDer Anbieter erkl\u00e4rt hiermit, dass der Schutz personenbezogener Daten den internen Sicherheitsbestimmungen des Anbieters unterliegt.<br \/>\nPersonenbezogene Daten sind nur autorisierten Personen des Anbieters und Subunternehmern gem\u00e4\u00df Artikel 2.8 zug\u00e4nglich. In diesem Fall legt der Anbieter die Bedingungen und den Umfang der Datenverarbeitung fest und jede dieser Personen greift unter ihrer eindeutigen Kennung auf personenbezogene Daten zu.<br \/>\nBefugte Personen des Anbieters, die personenbezogene Daten gem\u00e4\u00df diesen Bedingungen verarbeiten, sind verpflichtet, personenbezogene Daten und Sicherheitsma\u00dfnahmen, deren Offenlegung ihre Sicherheit gef\u00e4hrden w\u00fcrde, vertraulich zu behandeln. Der Anbieter verpflichtet sich nachweislich zu dieser Verpflichtung. Der Anbieter stellt sicher, dass diese Verpflichtung f\u00fcr den Anbieter und die autorisierte Person auch nach Beendigung des Arbeitsverh\u00e4ltnisses oder einer anderen Beziehung mit dem Anbieter bestehen bleibt.<br \/>\nDer Anbieter unterst\u00fctzt den Nutzer durch geeignete technische und organisatorische Ma\u00dfnahmen, um die Verpflichtung des Nutzers zur Beantwortung der in der DSGVO festgelegten Antr\u00e4ge auf Aus\u00fcbung der Rechte betroffener Personen zu erf\u00fcllen. sowie Gew\u00e4hrleistung der Einhaltung der Verpflichtungen gem\u00e4\u00df den Artikeln 32 bis 36 der DSGVO unter Ber\u00fccksichtigung der Art der Verarbeitung und der dem Anbieter zur Verf\u00fcgung stehenden Informationen.<br \/>\nBei Beendigung der Durchf\u00fchrung der Verarbeitung gem\u00e4\u00df Ziffer 2.7 ist der Anbieter verpflichtet, alle personenbezogenen Daten zu l\u00f6schen oder an den Nutzer zur\u00fcckzugeben, es sei denn, er ist verpflichtet, personenbezogene Daten auf der Grundlage eines besonderen Gesetzes zu speichern.<br \/>\nDer Anbieter stellt dem Benutzer alle Informationen zur Verf\u00fcgung, die erforderlich sind, um nachzuweisen, dass die Verpflichtungen aus dieser Vereinbarung und der DSGVO erf\u00fcllt wurden, und erm\u00f6glicht Audits, einschlie\u00dflich Inspektionen, die vom Benutzer oder einem anderen vom Benutzer autorisierten Auditor durchgef\u00fchrt werden.<br \/>\n2.10 Der Nutzer ist verpflichtet, alle ihm bekannten Tatsachen, die die ordnungsgem\u00e4\u00dfe und rechtzeitige Erf\u00fcllung der sich aus diesen Gesch\u00e4ftsbedingungen ergebenden Verpflichtungen beeintr\u00e4chtigen k\u00f6nnten, unverz\u00fcglich mitzuteilen und dem Anbieter die zur Erf\u00fcllung dieser Gesch\u00e4ftsbedingungen erforderliche Mitwirkung zu verschaffen.<\/p>\n<\/div><\/div><style type=\"text\/css\">.fusion-body .fusion-builder-column-1{width:100% !important;margin-top : 0px;margin-bottom : 0px;}.fusion-builder-column-1 > .fusion-column-wrapper {padding-top : 0px !important;padding-right : 0px !important;margin-right : 0.625rem;padding-bottom : 0px !important;padding-left : 0px !important;margin-left : 0.625rem;}@media only screen and (max-width:1024px) {.fusion-body .fusion-builder-column-1{width:100% !important;order : 0;}.fusion-builder-column-1 > .fusion-column-wrapper {margin-right : 0.625rem;margin-left : 0.625rem;}}@media only screen and (max-width:640px) {.fusion-body .fusion-builder-column-1{width:100% !important;order : 0;}.fusion-builder-column-1 > .fusion-column-wrapper {margin-right : 0.625rem;margin-left : 0.625rem;}}<\/style><\/div><div class=\"fusion-layout-column fusion_builder_column fusion-builder-column-2 fusion_builder_column_1_1 1_1 fusion-flex-column\"><div class=\"fusion-column-wrapper fusion-flex-justify-content-flex-start fusion-content-layout-column\" style=\"background-position:left top;background-repeat:no-repeat;-webkit-background-size:cover;-moz-background-size:cover;-o-background-size:cover;background-size:cover;padding: 0px 0px 0px 0px;\"><style type=\"text\/css\">@media only screen and (max-width:1024px) {.fusion-title.fusion-title-3{margin-top:0px!important; margin-right:0px!important;margin-bottom:2rem!important;margin-left:0px!important;}}@media only screen and (max-width:640px) {.fusion-title.fusion-title-3{margin-top:0px!important; margin-right:0px!important;margin-bottom:1.25rem!important; margin-left:0px!important;}}<\/style><div class=\"fusion-title title fusion-title-3 fusion-sep-none fusion-title-text fusion-title-size-two\" style=\"font-size:1.25rem;margin-top:0px;margin-right:0px;margin-bottom:2rem;margin-left:0px;\"><h2 class=\"title-heading-left fusion-responsive-typography-calculated\" style=\"margin:0;font-size:1em;color:var(--awb-color6);--fontSize:18.75;--minFontSize:1.25rem;line-height:var(--awb-typography1-line-height);\">III. Schlussbestimmungen<\/h2><\/div><div class=\"fusion-text fusion-text-3\"><p>3.1 Diese Allgemeinen Gesch\u00e4ftsbedingungen erl\u00f6schen mit Ablauf der in den Artikeln 1.6 und 2.7 dieser Allgemeinen Gesch\u00e4ftsbedingungen genannten Frist.<\/p>\n<p>3.2 Der Nutzer erkl\u00e4rt sich mit diesen Bedingungen einverstanden, indem er die Einwilligung \u00fcber das Online-Formular ankreuzt. Durch die Pr\u00fcfung der Einwilligung erkl\u00e4rt der Nutzer, dass er diese Bedingungen gelesen hat, mit ihnen einverstanden ist und sie in vollem Umfang akzeptiert.<\/p>\n<p>3.3 Der Anbieter ist berechtigt, diese Bedingungen zu \u00e4ndern. Der Anbieter ist verpflichtet, unverz\u00fcglich eine neue Fassung der AGB auf seiner Website zu ver\u00f6ffentlichen. Senden Sie die neue Version an die E-Mail-Adresse des Benutzers.<\/p>\n<p>3.4. Kontaktdaten des Anbieters zu folgenden Bedingungen: +420 499 739 711, info@keramtech.cz.<\/p>\n<p>3.5 Die in diesen Gesch\u00e4ftsbedingungen nicht ausdr\u00fccklich geregelten Beziehungen unterliegen der DSGVO und der tschechischen Rechtsordnung, insbesondere dem Gesetz Nr. 89\/2012 Slg., Dem Zivilgesetzbuch in der jeweils g\u00fcltigen Fassung.<\/p>\n<p>Diese Bedingungen treten am 20.10.2022 in Kraft.<\/p>\n<\/div><\/div><style type=\"text\/css\">.fusion-body .fusion-builder-column-2{width:100% !important;margin-top : 0px;margin-bottom : 0px;}.fusion-builder-column-2 > .fusion-column-wrapper {padding-top : 0px !important;padding-right : 0px !important;margin-right : 0.625rem;padding-bottom : 0px !important;padding-left : 0px !important;margin-left : 0.625rem;}@media only screen and (max-width:1024px) {.fusion-body .fusion-builder-column-2{width:100% !important;order : 0;}.fusion-builder-column-2 > .fusion-column-wrapper {margin-right : 0.625rem;margin-left : 0.625rem;}}@media only screen and (max-width:640px) {.fusion-body .fusion-builder-column-2{width:100% !important;order : 0;}.fusion-builder-column-2 > .fusion-column-wrapper {margin-right : 0.625rem;margin-left : 0.625rem;}}<\/style><\/div><\/div><style type=\"text\/css\">.fusion-body .fusion-flex-container.fusion-builder-row-1{ padding-top : 0px;margin-top : 0px;padding-right : 0px;padding-bottom : 0px;margin-bottom : 0px;padding-left : 0px;}<\/style><\/section>\n","protected":false},"excerpt":{"rendered":"","protected":false},"author":3,"featured_media":0,"parent":0,"menu_order":0,"comment_status":"closed","ping_status":"closed","template":"","meta":{"footnotes":""},"class_list":["post-7925","page","type-page","status-publish","hentry"],"acf":[],"_links":{"self":[{"href":"https:\/\/php74.dfirma.pl\/de\/wp-json\/wp\/v2\/pages\/7925","targetHints":{"allow":["GET"]}}],"collection":[{"href":"https:\/\/php74.dfirma.pl\/de\/wp-json\/wp\/v2\/pages"}],"about":[{"href":"https:\/\/php74.dfirma.pl\/de\/wp-json\/wp\/v2\/types\/page"}],"author":[{"embeddable":true,"href":"https:\/\/php74.dfirma.pl\/de\/wp-json\/wp\/v2\/users\/3"}],"replies":[{"embeddable":true,"href":"https:\/\/php74.dfirma.pl\/de\/wp-json\/wp\/v2\/comments?post=7925"}],"version-history":[{"count":0,"href":"https:\/\/php74.dfirma.pl\/de\/wp-json\/wp\/v2\/pages\/7925\/revisions"}],"wp:attachment":[{"href":"https:\/\/php74.dfirma.pl\/de\/wp-json\/wp\/v2\/media?parent=7925"}],"curies":[{"name":"wp","href":"https:\/\/api.w.org\/{rel}","templated":true}]}}