{"id":6808,"date":"2022-10-10T15:07:05","date_gmt":"2022-10-10T13:07:05","guid":{"rendered":"https:\/\/php74.dfirma.pl\/technicke-informace\/heizkeramik\/"},"modified":"2023-03-28T08:47:58","modified_gmt":"2023-03-28T06:47:58","slug":"heizkeramik","status":"publish","type":"page","link":"https:\/\/php74.dfirma.pl\/de\/technische-beschreibung\/heizkeramik\/","title":{"rendered":"Heizkeramik"},"content":{"rendered":"<section class=\"fusion-fullwidth fullwidth-box fusion-builder-row-1 fusion-flex-container has-pattern-background has-mask-background nonhundred-percent-fullwidth non-hundred-percent-height-scrolling fusion-animated\" style=\"background-color: rgba(255,255,255,0);background-position: center center;background-repeat: no-repeat;border-width: 0 0 0 0;border-color:var(--awb-color3);border-style:solid;\" data-animationType=\"fadeInDown\" data-animationDuration=\"0.5\" data-animationOffset=\"top-into-view\" ><div class=\"fusion-builder-row fusion-row fusion-flex-align-items-flex-start\" style=\"max-width:calc( 83rem + 1.25rem );margin-left: calc(-1.25rem \/ 2 );margin-right: calc(-1.25rem \/ 2 );\"><div class=\"fusion-layout-column fusion_builder_column fusion-builder-column-0 fusion_builder_column_1_1 1_1 fusion-flex-column\"><div class=\"fusion-column-wrapper fusion-flex-justify-content-flex-start fusion-content-layout-column\" style=\"background-position:left top;background-repeat:no-repeat;-webkit-background-size:cover;-moz-background-size:cover;-o-background-size:cover;background-size:cover;padding: 0px 0px 1.625rem 0px;\"><style type=\"text\/css\">@media only screen and (max-width:1024px) {.fusion-title.fusion-title-1{margin-top:0px!important; margin-right:0px!important;margin-bottom:2rem!important;margin-left:0px!important;}}@media only screen and (max-width:640px) {.fusion-title.fusion-title-1{margin-top:0px!important; margin-right:0px!important;margin-bottom:1.25rem!important; margin-left:0px!important;}}<\/style><div class=\"fusion-title title fusion-title-1 fusion-sep-none fusion-title-text fusion-title-size-two\" style=\"margin-top:0px;margin-right:0px;margin-bottom:2rem;margin-left:0px;\"><h2 class=\"title-heading-left fusion-responsive-typography-calculated\" style=\"margin:0;--fontSize:45;line-height:var(--awb-typography1-line-height);\">Heizkeramik C 511<\/h2><\/div><div class=\"fusion-text fusion-text-1\"><p>Zu der Produktgruppe \u201eHeizkeramik\u201c z\u00e4hlen Teile der elektrischen Heizsysteme, zu denen die Tr\u00e4ger der Heizspirale geh\u00f6ren (z.B. Boilerwalzen, Plattentr\u00e4ger, Formtr\u00e4ger, glatte und profilierte Rohre) und Montage-Hilfsmittel, wie Unterlegscheiben, Heizk\u00f6rpertr\u00e4ger, Durchf\u00fchrungst\u00fcllen usw. Alle diese Produkte sind aus dem bew\u00e4hrten Material C511-Prostat hergestellt. Ein untrennbarer Bestandteil der Heizst\u00e4be sind dann die K\u00f6pfe, die den Anschluss der St\u00e4be an die Stromquelle erm\u00f6glichen.<\/p>\n<\/div><\/div><style type=\"text\/css\">.fusion-body .fusion-builder-column-0{width:100% !important;margin-top : 0px;margin-bottom : 0px;}.fusion-builder-column-0 > .fusion-column-wrapper {padding-top : 0px !important;padding-right : 0px !important;margin-right : 0.625rem;padding-bottom : 1.625rem !important;padding-left : 0px !important;margin-left : 0.625rem;}@media only screen and (max-width:1024px) {.fusion-body .fusion-builder-column-0{width:100% !important;order : 0;}.fusion-builder-column-0 > .fusion-column-wrapper {margin-right : 0.625rem;margin-left : 0.625rem;}}@media only screen and (max-width:640px) {.fusion-body .fusion-builder-column-0{width:100% !important;order : 0;}.fusion-builder-column-0 > .fusion-column-wrapper {margin-right : 0.625rem;margin-left : 0.625rem;}}<\/style><\/div><div class=\"fusion-layout-column fusion_builder_column fusion-builder-column-1 fusion_builder_column_1_2 1_2 fusion-flex-column\"><div class=\"fusion-column-wrapper fusion-flex-justify-content-flex-start fusion-content-layout-column\" style=\"background-position:left top;background-repeat:no-repeat;-webkit-background-size:cover;-moz-background-size:cover;-o-background-size:cover;background-size:cover;padding: 0px 0px 0px 0px;\"><div ><span class=\" fusion-imageframe imageframe-none imageframe-1 hover-type-none\"><img decoding=\"async\" width=\"962\" height=\"708\" title=\"heizkeramik-tp\" src=\"https:\/\/php74.dfirma.pl\/wp-content\/uploads\/2022\/09\/topna-keramika_tp.jpg\" data-orig-src=\"https:\/\/php74.dfirma.pl\/wp-content\/uploads\/2022\/09\/topna-keramika_tp.jpg\" alt class=\"lazyload img-responsive wp-image-6140\" srcset=\"data:image\/svg+xml,%3Csvg%20xmlns%3D%27http%3A%2F%2Fwww.w3.org%2F2000%2Fsvg%27%20width%3D%27962%27%20height%3D%27708%27%20viewBox%3D%270%200%20962%20708%27%3E%3Crect%20width%3D%27962%27%20height%3D%27708%27%20fill-opacity%3D%220%22%2F%3E%3C%2Fsvg%3E\" data-srcset=\"https:\/\/php74.dfirma.pl\/wp-content\/uploads\/2022\/09\/topna-keramika_tp-200x147.jpg 200w, https:\/\/php74.dfirma.pl\/wp-content\/uploads\/2022\/09\/topna-keramika_tp-400x294.jpg 400w, https:\/\/php74.dfirma.pl\/wp-content\/uploads\/2022\/09\/topna-keramika_tp-600x442.jpg 600w, https:\/\/php74.dfirma.pl\/wp-content\/uploads\/2022\/09\/topna-keramika_tp-800x589.jpg 800w, https:\/\/php74.dfirma.pl\/wp-content\/uploads\/2022\/09\/topna-keramika_tp.jpg 962w\" data-sizes=\"auto\" data-orig-sizes=\"(max-width: 640px) 100vw, 800px\" \/><\/span><\/div><\/div><style type=\"text\/css\">.fusion-body .fusion-builder-column-1{width:50% !important;margin-top : 0px;margin-bottom : 0px;}.fusion-builder-column-1 > .fusion-column-wrapper {padding-top : 0px !important;padding-right : 0px !important;margin-right : 0.625rem;padding-bottom : 0px !important;padding-left : 0px !important;margin-left : 0.625rem;}@media only screen and (max-width:1024px) {.fusion-body .fusion-builder-column-1{width:100% !important;order : 0;}.fusion-builder-column-1 > .fusion-column-wrapper {margin-right : 0.625rem;margin-left : 0.625rem;}}@media only screen and (max-width:640px) {.fusion-body .fusion-builder-column-1{width:100% !important;order : 0;}.fusion-builder-column-1 > .fusion-column-wrapper {margin-right : 0.625rem;margin-left : 0.625rem;}}<\/style><\/div><div class=\"fusion-layout-column fusion_builder_column fusion-builder-column-2 fusion_builder_column_1_2 1_2 fusion-flex-column fusion-flex-align-self-stretch\"><div class=\"fusion-column-wrapper fusion-flex-justify-content-center fusion-content-layout-column\" style=\"background-position:left top;background-repeat:no-repeat;-webkit-background-size:cover;-moz-background-size:cover;-o-background-size:cover;background-size:cover;padding: 0px 0px 0px 2rem;\"><style type=\"text\/css\">@media only screen and (max-width:1024px) {.fusion-title.fusion-title-2{margin-top:0px!important; margin-right:0px!important;margin-bottom:2rem!important;margin-left:0px!important;}}@media only screen and (max-width:640px) {.fusion-title.fusion-title-2{margin-top:0px!important; margin-right:0px!important;margin-bottom:1.25rem!important; margin-left:0px!important;}}<\/style><div class=\"fusion-title title fusion-title-2 fusion-sep-none fusion-title-text fusion-title-size-three\" style=\"margin-top:0px;margin-right:0px;margin-bottom:2rem;margin-left:0px;\"><h3 class=\"title-heading-left fusion-responsive-typography-calculated\" style=\"margin:0;--fontSize:18.75;--minFontSize:1.25rem;line-height:var(--awb-typography1-line-height);\">Technische Materialparameter<\/h3><\/div><div class=\"fusion-text fusion-text-2\"><p><strong>Chemick\u00e9 slo\u017een\u00ed:<\/strong> Al2O3\/SiO2<br \/>\n<strong>Typ keramiky:<\/strong> C511 (mullit)<br \/>\n<strong>Maxim\u00e1ln\u00ed teplota pou\u017eit\u00ed:<\/strong> 1500\u00b0C<br \/>\n<strong>Vnit\u0159n\u00ed rezistivita p\u0159i 30\u00b0C:<\/strong> 3 \u2013 6 x 10<sup>-6<\/sup> K<sup>-1<\/sup><br \/>\n<strong>Vodivost p\u0159i 30-100\u00b0C:<\/strong> 1,2\u20131,7 Wm<sup>-1<\/sup>K<sup>-1<\/sup><br \/>\n<strong>Objemov\u00e1 hmotnost min.:<\/strong> 1,9 g\/cm<sup>3<\/sup><br \/>\n<strong>Barva:<\/strong> B\u00e9\u017eov\u00e1, oran\u017eov\u011b hn\u011bd\u00e1<br \/>\n<strong>Otev\u0159en\u00e1 zd. p\u00f3rovitost:<\/strong> \u00a0Max. 30%<br \/>\n<strong>Tolerance rozm\u011br\u016f:<\/strong> \u00a0dle v\u00fdkresov\u00e9 dokumentace<\/p>\n<\/div><\/div><style type=\"text\/css\">.fusion-body .fusion-builder-column-2{width:50% !important;margin-top : 0px;margin-bottom : 0px;}.fusion-builder-column-2 > .fusion-column-wrapper {padding-top : 0px !important;padding-right : 0px !important;margin-right : 0.625rem;padding-bottom : 0px !important;padding-left : 2rem !important;margin-left : 0.625rem;}@media only screen and (max-width:1024px) {.fusion-body .fusion-builder-column-2{width:100% !important;order : 0;}.fusion-builder-column-2 > .fusion-column-wrapper {margin-right : 0.625rem;padding-left : 0 !important;margin-left : 0.625rem;}}@media only screen and (max-width:640px) {.fusion-body .fusion-builder-column-2{width:100% !important;order : 0;margin-top : 2rem;}.fusion-builder-column-2 > .fusion-column-wrapper {margin-right : 0.625rem;margin-left : 0.625rem;}}<\/style><\/div><div class=\"fusion-layout-column fusion_builder_column fusion-builder-column-3 fusion_builder_column_1_1 1_1 fusion-flex-column\"><div class=\"fusion-column-wrapper fusion-flex-justify-content-flex-start fusion-content-layout-column\" style=\"background-position:left top;background-repeat:no-repeat;-webkit-background-size:cover;-moz-background-size:cover;-o-background-size:cover;background-size:cover;padding: 3.25rem 0px 3.25rem 0px;\"><div style=\"text-align:center;\"><style>.fusion-body .fusion-button.button-1{border-radius:2rem 2rem 2rem 2rem;}<\/style><a class=\"fusion-button button-flat fusion-button-default-size button-default button-1 fusion-button-default-span fusion-button-default-type\" target=\"_self\" href=\"\/de\/produktkategorie\/heizkeramik\/\"><span class=\"fusion-button-text\">zum Katalog<\/span><\/a><\/div><\/div><style type=\"text\/css\">.fusion-body .fusion-builder-column-3{width:100% !important;margin-top : 0px;margin-bottom : 0px;}.fusion-builder-column-3 > .fusion-column-wrapper {padding-top : 3.25rem !important;padding-right : 0px !important;margin-right : 0.625rem;padding-bottom : 3.25rem !important;padding-left : 0px !important;margin-left : 0.625rem;}@media only screen and (max-width:1024px) {.fusion-body .fusion-builder-column-3{width:100% !important;order : 0;}.fusion-builder-column-3 > .fusion-column-wrapper {margin-right : 0.625rem;margin-left : 0.625rem;}}@media only screen and (max-width:640px) {.fusion-body .fusion-builder-column-3{width:100% !important;order : 0;}.fusion-builder-column-3 > .fusion-column-wrapper {margin-right : 0.625rem;margin-left : 0.625rem;}}<\/style><\/div><\/div><style type=\"text\/css\">.fusion-body .fusion-flex-container.fusion-builder-row-1{ padding-top : 0px;margin-top : 0px;padding-right : 0px;padding-bottom : 3.25rem;margin-bottom : 0px;padding-left : 0px;}<\/style><\/section>\n","protected":false},"excerpt":{"rendered":"","protected":false},"author":3,"featured_media":0,"parent":6788,"menu_order":0,"comment_status":"closed","ping_status":"closed","template":"","meta":{"footnotes":""},"class_list":["post-6808","page","type-page","status-publish","hentry"],"acf":[],"_links":{"self":[{"href":"https:\/\/php74.dfirma.pl\/de\/wp-json\/wp\/v2\/pages\/6808","targetHints":{"allow":["GET"]}}],"collection":[{"href":"https:\/\/php74.dfirma.pl\/de\/wp-json\/wp\/v2\/pages"}],"about":[{"href":"https:\/\/php74.dfirma.pl\/de\/wp-json\/wp\/v2\/types\/page"}],"author":[{"embeddable":true,"href":"https:\/\/php74.dfirma.pl\/de\/wp-json\/wp\/v2\/users\/3"}],"replies":[{"embeddable":true,"href":"https:\/\/php74.dfirma.pl\/de\/wp-json\/wp\/v2\/comments?post=6808"}],"version-history":[{"count":3,"href":"https:\/\/php74.dfirma.pl\/de\/wp-json\/wp\/v2\/pages\/6808\/revisions"}],"predecessor-version":[{"id":9430,"href":"https:\/\/php74.dfirma.pl\/de\/wp-json\/wp\/v2\/pages\/6808\/revisions\/9430"}],"up":[{"embeddable":true,"href":"https:\/\/php74.dfirma.pl\/de\/wp-json\/wp\/v2\/pages\/6788"}],"wp:attachment":[{"href":"https:\/\/php74.dfirma.pl\/de\/wp-json\/wp\/v2\/media?parent=6808"}],"curies":[{"name":"wp","href":"https:\/\/api.w.org\/{rel}","templated":true}]}}