{"id":6794,"date":"2022-10-07T15:54:03","date_gmt":"2022-10-07T13:54:03","guid":{"rendered":"https:\/\/php74.dfirma.pl\/technicke-informace\/elektrokeramik\/"},"modified":"2023-03-28T08:48:17","modified_gmt":"2023-03-28T06:48:17","slug":"elektrokeramik","status":"publish","type":"page","link":"https:\/\/php74.dfirma.pl\/de\/technische-beschreibung\/elektrokeramik\/","title":{"rendered":"Elektrokeramik"},"content":{"rendered":"<section class=\"fusion-fullwidth fullwidth-box fusion-builder-row-1 fusion-flex-container has-pattern-background has-mask-background nonhundred-percent-fullwidth non-hundred-percent-height-scrolling fusion-animated\" style=\"background-color: rgba(255,255,255,0);background-position: center center;background-repeat: no-repeat;border-width: 0 0 0 0;border-color:var(--awb-color3);border-style:solid;\" data-animationType=\"fadeInDown\" data-animationDuration=\"0.5\" data-animationOffset=\"top-into-view\" ><div class=\"fusion-builder-row fusion-row fusion-flex-align-items-flex-start\" style=\"max-width:calc( 83rem + 1.25rem );margin-left: calc(-1.25rem \/ 2 );margin-right: calc(-1.25rem \/ 2 );\"><div class=\"fusion-layout-column fusion_builder_column fusion-builder-column-0 fusion_builder_column_1_1 1_1 fusion-flex-column\"><div class=\"fusion-column-wrapper fusion-flex-justify-content-flex-start fusion-content-layout-column\" style=\"background-position:left top;background-repeat:no-repeat;-webkit-background-size:cover;-moz-background-size:cover;-o-background-size:cover;background-size:cover;padding: 0px 0px 1.625rem 0px;\"><style type=\"text\/css\">@media only screen and (max-width:1024px) {.fusion-title.fusion-title-1{margin-top:0px!important; margin-right:0px!important;margin-bottom:2rem!important;margin-left:0px!important;}}@media only screen and (max-width:640px) {.fusion-title.fusion-title-1{margin-top:0px!important; margin-right:0px!important;margin-bottom:1.25rem!important; margin-left:0px!important;}}<\/style><div class=\"fusion-title title fusion-title-1 fusion-sep-none fusion-title-text fusion-title-size-two\" style=\"margin-top:0px;margin-right:0px;margin-bottom:2rem;margin-left:0px;\"><h2 class=\"title-heading-left fusion-responsive-typography-calculated\" style=\"margin:0;--fontSize:45;line-height:var(--awb-typography1-line-height);\">Elektrokeramische Teile<\/h2><\/div><div class=\"fusion-text fusion-text-1\"><p>Ein traditionelles Produkt sind Produkte aus technischem Porzellan (C111) und Steatit (C221), die f\u00fcr die Verwendung in der elektrotechnischen Industrie bestimmt sind. Zu dieser Produktgruppe geh\u00f6ren insbesondere: Fassungsk\u00f6rper f\u00fcr die Verwendung in hohen Temperaturen, keramische Klemmleisten, die die h\u00f6chsten Anforderungen auf den Brandschutz erf\u00fcllen, verschiedene Typen von Kabelklemmen, Haltern und Durchf\u00fchrungst\u00fcllen f\u00fcr die Verteilungen in \u00f6ffentlichen Geb\u00e4uden, Tunneln oder U-Bahn, keramische Wand- und Deckenleuchten mit IP20-Schutzart, insbesondere f\u00fcr Nichtwohnr\u00e4ume, Sonderteile wie Widerstandssitze usw.<\/p>\n<\/div><\/div><style type=\"text\/css\">.fusion-body .fusion-builder-column-0{width:100% !important;margin-top : 0px;margin-bottom : 0px;}.fusion-builder-column-0 > .fusion-column-wrapper {padding-top : 0px !important;padding-right : 0px !important;margin-right : 0.625rem;padding-bottom : 1.625rem !important;padding-left : 0px !important;margin-left : 0.625rem;}@media only screen and (max-width:1024px) {.fusion-body .fusion-builder-column-0{width:100% !important;order : 0;}.fusion-builder-column-0 > .fusion-column-wrapper {margin-right : 0.625rem;margin-left : 0.625rem;}}@media only screen and (max-width:640px) {.fusion-body .fusion-builder-column-0{width:100% !important;order : 0;}.fusion-builder-column-0 > .fusion-column-wrapper {margin-right : 0.625rem;margin-left : 0.625rem;}}<\/style><\/div><div class=\"fusion-layout-column fusion_builder_column fusion-builder-column-1 fusion_builder_column_1_2 1_2 fusion-flex-column\"><div class=\"fusion-column-wrapper fusion-flex-justify-content-flex-start fusion-content-layout-column\" style=\"background-position:left top;background-repeat:no-repeat;-webkit-background-size:cover;-moz-background-size:cover;-o-background-size:cover;background-size:cover;padding: 0px 0px 0px 0px;\"><div ><span class=\" fusion-imageframe imageframe-none imageframe-1 hover-type-none\"><img decoding=\"async\" width=\"720\" height=\"524\" title=\"elektro-tp-1\" src=\"https:\/\/php74.dfirma.pl\/wp-content\/uploads\/2022\/09\/elektro-tp-1.jpg\" data-orig-src=\"https:\/\/php74.dfirma.pl\/wp-content\/uploads\/2022\/09\/elektro-tp-1.jpg\" alt class=\"lazyload img-responsive wp-image-6149\" srcset=\"data:image\/svg+xml,%3Csvg%20xmlns%3D%27http%3A%2F%2Fwww.w3.org%2F2000%2Fsvg%27%20width%3D%27720%27%20height%3D%27524%27%20viewBox%3D%270%200%20720%20524%27%3E%3Crect%20width%3D%27720%27%20height%3D%27524%27%20fill-opacity%3D%220%22%2F%3E%3C%2Fsvg%3E\" data-srcset=\"https:\/\/php74.dfirma.pl\/wp-content\/uploads\/2022\/09\/elektro-tp-1-200x146.jpg 200w, https:\/\/php74.dfirma.pl\/wp-content\/uploads\/2022\/09\/elektro-tp-1-400x291.jpg 400w, https:\/\/php74.dfirma.pl\/wp-content\/uploads\/2022\/09\/elektro-tp-1-600x437.jpg 600w, https:\/\/php74.dfirma.pl\/wp-content\/uploads\/2022\/09\/elektro-tp-1.jpg 720w\" data-sizes=\"auto\" data-orig-sizes=\"(max-width: 640px) 100vw, 720px\" \/><\/span><\/div><\/div><style type=\"text\/css\">.fusion-body .fusion-builder-column-1{width:50% !important;margin-top : 0px;margin-bottom : 0px;}.fusion-builder-column-1 > .fusion-column-wrapper {padding-top : 0px !important;padding-right : 0px !important;margin-right : 1rem;padding-bottom : 0px !important;padding-left : 0px !important;margin-left : 0.625rem;}@media only screen and (max-width:1024px) {.fusion-body .fusion-builder-column-1{width:100% !important;order : 0;}.fusion-builder-column-1 > .fusion-column-wrapper {margin-right : 2rem;margin-left : 2rem;}}@media only screen and (max-width:640px) {.fusion-body .fusion-builder-column-1{width:100% !important;order : 0;}.fusion-builder-column-1 > .fusion-column-wrapper {margin-right : 0.625rem;margin-left : 0.625rem;}}<\/style><\/div><div class=\"fusion-layout-column fusion_builder_column fusion-builder-column-2 fusion_builder_column_1_2 1_2 fusion-flex-column\"><div class=\"fusion-column-wrapper fusion-flex-justify-content-flex-start fusion-content-layout-column\" style=\"background-position:left top;background-repeat:no-repeat;-webkit-background-size:cover;-moz-background-size:cover;-o-background-size:cover;background-size:cover;padding: 0px 0px 0px 0px;\"><div ><span class=\" fusion-imageframe imageframe-none imageframe-2 hover-type-none\"><img decoding=\"async\" width=\"721\" height=\"527\" title=\"elektro-tp-2\" src=\"https:\/\/php74.dfirma.pl\/wp-content\/uploads\/2022\/09\/elektro-tp-2.jpg\" data-orig-src=\"https:\/\/php74.dfirma.pl\/wp-content\/uploads\/2022\/09\/elektro-tp-2.jpg\" alt class=\"lazyload img-responsive wp-image-6152\" srcset=\"data:image\/svg+xml,%3Csvg%20xmlns%3D%27http%3A%2F%2Fwww.w3.org%2F2000%2Fsvg%27%20width%3D%27721%27%20height%3D%27527%27%20viewBox%3D%270%200%20721%20527%27%3E%3Crect%20width%3D%27721%27%20height%3D%27527%27%20fill-opacity%3D%220%22%2F%3E%3C%2Fsvg%3E\" data-srcset=\"https:\/\/php74.dfirma.pl\/wp-content\/uploads\/2022\/09\/elektro-tp-2-200x146.jpg 200w, https:\/\/php74.dfirma.pl\/wp-content\/uploads\/2022\/09\/elektro-tp-2-400x292.jpg 400w, https:\/\/php74.dfirma.pl\/wp-content\/uploads\/2022\/09\/elektro-tp-2-600x439.jpg 600w, https:\/\/php74.dfirma.pl\/wp-content\/uploads\/2022\/09\/elektro-tp-2.jpg 721w\" data-sizes=\"auto\" data-orig-sizes=\"(max-width: 640px) 100vw, 721px\" \/><\/span><\/div><\/div><style type=\"text\/css\">.fusion-body .fusion-builder-column-2{width:50% !important;margin-top : 0px;margin-bottom : 0px;}.fusion-builder-column-2 > .fusion-column-wrapper {padding-top : 0px !important;padding-right : 0px !important;margin-right : 0.625rem;padding-bottom : 0px !important;padding-left : 0px !important;margin-left : 1rem;}@media only screen and (max-width:1024px) {.fusion-body .fusion-builder-column-2{width:100% !important;order : 0;margin-top : 1.125rem;}.fusion-builder-column-2 > .fusion-column-wrapper {margin-right : 2rem;margin-left : 2rem;}}@media only screen and (max-width:640px) {.fusion-body .fusion-builder-column-2{width:100% !important;order : 0;}.fusion-builder-column-2 > .fusion-column-wrapper {margin-right : 0.625rem;margin-left : 0.625rem;}}<\/style><\/div><div class=\"fusion-layout-column fusion_builder_column fusion-builder-column-3 fusion_builder_column_1_2 1_2 fusion-flex-column\"><div class=\"fusion-column-wrapper fusion-flex-justify-content-flex-start fusion-content-layout-column\" style=\"background-position:left top;background-repeat:no-repeat;-webkit-background-size:cover;-moz-background-size:cover;-o-background-size:cover;background-size:cover;padding: 3.25rem 0px 3.25rem 0px;\"><style type=\"text\/css\">@media only screen and (max-width:1024px) {.fusion-title.fusion-title-2{margin-top:0px!important; margin-right:0px!important;margin-bottom:2rem!important;margin-left:0px!important;}}@media only screen and (max-width:640px) {.fusion-title.fusion-title-2{margin-top:0px!important; margin-right:0px!important;margin-bottom:1.25rem!important; margin-left:0px!important;}}<\/style><div class=\"fusion-title title fusion-title-2 fusion-sep-none fusion-title-text fusion-title-size-three\" style=\"margin-top:0px;margin-right:0px;margin-bottom:2rem;margin-left:0px;\"><h3 class=\"title-heading-left fusion-responsive-typography-calculated\" style=\"margin:0;--fontSize:18.75;--minFontSize:1.25rem;line-height:var(--awb-typography1-line-height);\">C111-Materialgrundparameter:<\/h3><\/div><div class=\"fusion-text fusion-text-2\"><p><strong>Chemische Zusammensetzung:<\/strong> Al2O3\/SiO2<br \/>\n<strong>Keramiktyp:<\/strong> C111 (Mullit)<br \/>\n<strong>Max. Gebrauchstemperatur:<\/strong> 800\u00b0C<br \/>\n<strong>Innenwiderstand bei 30\u00b0C:<\/strong> 10 <sup>10<\/sup>\u03a9m<br \/>\n<strong>Innenwiderstand bei 200\u00b0C:<\/strong> 10 <sup>6<\/sup>\u03a9m<br \/>\n<strong>Raumgewicht min.:<\/strong> 2,0 g\/cm<sup>3<\/sup><br \/>\n<strong>Farbe:<\/strong> wei\u00df, hellgrau<br \/>\n<strong>Ma\u00dftoleranz:<\/strong> Laut Zeichnungsdokumentation<br \/>\n<strong>Saugf\u00e4higkeit max.:<\/strong> \u00a0Max. 3%<br \/>\n<strong>Ma\u00dftoleranz:<\/strong> Laut Zeichnungsdokumentation<\/p>\n<\/div><\/div><style type=\"text\/css\">.fusion-body .fusion-builder-column-3{width:50% !important;margin-top : 0px;margin-bottom : 2rem;}.fusion-builder-column-3 > .fusion-column-wrapper {padding-top : 3.25rem !important;padding-right : 0px !important;margin-right : 0.625rem;padding-bottom : 3.25rem !important;padding-left : 0px !important;margin-left : 0.625rem;}@media only screen and (max-width:1024px) {.fusion-body .fusion-builder-column-3{width:50% !important;order : 0;margin-bottom : 1.125rem;}.fusion-builder-column-3 > .fusion-column-wrapper {margin-right : 0.625rem;margin-left : 0.625rem;}}@media only screen and (max-width:640px) {.fusion-body .fusion-builder-column-3{width:100% !important;order : 0;}.fusion-builder-column-3 > .fusion-column-wrapper {margin-right : 0.625rem;margin-left : 0.625rem;}}<\/style><\/div><div class=\"fusion-layout-column fusion_builder_column fusion-builder-column-4 fusion_builder_column_1_2 1_2 fusion-flex-column\"><div class=\"fusion-column-wrapper fusion-flex-justify-content-flex-start fusion-content-layout-column\" style=\"background-position:left top;background-repeat:no-repeat;-webkit-background-size:cover;-moz-background-size:cover;-o-background-size:cover;background-size:cover;padding: 3.25rem 0px 3.25rem 0px;\"><style type=\"text\/css\">@media only screen and (max-width:1024px) {.fusion-title.fusion-title-3{margin-top:0px!important; margin-right:0px!important;margin-bottom:2rem!important;margin-left:0px!important;}}@media only screen and (max-width:640px) {.fusion-title.fusion-title-3{margin-top:0px!important; margin-right:0px!important;margin-bottom:1.25rem!important; margin-left:0px!important;}}<\/style><div class=\"fusion-title title fusion-title-3 fusion-sep-none fusion-title-text fusion-title-size-three\" style=\"margin-top:0px;margin-right:0px;margin-bottom:2rem;margin-left:0px;\"><h3 class=\"title-heading-left fusion-responsive-typography-calculated\" style=\"margin:0;--fontSize:18.75;--minFontSize:1.25rem;line-height:var(--awb-typography1-line-height);\">C221-Materialgrundparameter:<\/h3><\/div><div class=\"fusion-text fusion-text-3\"><p><strong>Chemische Zusammensetzung:<\/strong> Al2O3\/SiO2<br \/>\n<strong>Keramiktyp:<\/strong> C221 (Talk)<br \/>\n<strong>Max. Gebrauchstemperatur:<\/strong> 800\u00b0C<br \/>\n<strong>Innenwiderstand bei 30\u00b0C:<\/strong> 10 <sup>12<\/sup>\u03a9m<br \/>\n<strong>Innenwiderstand bei 200\u00b0C:<\/strong> 10 <sup>11<\/sup>\u03a9m<br \/>\n<strong>Raumgewicht min.:<\/strong> 2,4 g\/cm<sup>3<\/sup><br \/>\n<strong>Farbe:<\/strong> wei\u00df, hellgrau<br \/>\n<strong>Ma\u00dftoleranz:<\/strong> Laut Zeichnungsdokumentation<br \/>\n<strong>Saugf\u00e4higkeit max.:<\/strong> \u00a0\u00a0Max. 1%<br \/>\n<strong>Ma\u00dftoleranz:<\/strong> Laut Zeichnungsdokumentation<\/p>\n<\/div><\/div><style type=\"text\/css\">.fusion-body .fusion-builder-column-4{width:50% !important;margin-top : 0px;margin-bottom : 2rem;}.fusion-builder-column-4 > .fusion-column-wrapper {padding-top : 3.25rem !important;padding-right : 0px !important;margin-right : 0.625rem;padding-bottom : 3.25rem !important;padding-left : 0px !important;margin-left : 0.625rem;}@media only screen and (max-width:1024px) {.fusion-body .fusion-builder-column-4{width:50% !important;order : 0;}.fusion-builder-column-4 > .fusion-column-wrapper {margin-right : 0.625rem;margin-left : 0.625rem;}}@media only screen and (max-width:640px) {.fusion-body .fusion-builder-column-4{width:100% !important;order : 0;}.fusion-builder-column-4 > .fusion-column-wrapper {margin-right : 0.625rem;margin-left : 0.625rem;}}<\/style><\/div><div class=\"fusion-layout-column fusion_builder_column fusion-builder-column-5 fusion_builder_column_1_1 1_1 fusion-flex-column\"><div class=\"fusion-column-wrapper fusion-flex-justify-content-flex-start fusion-content-layout-column\" style=\"background-position:left top;background-repeat:no-repeat;-webkit-background-size:cover;-moz-background-size:cover;-o-background-size:cover;background-size:cover;padding: 3.25rem 0px 3.25rem 0px;\"><div style=\"text-align:center;\"><style>.fusion-body .fusion-button.button-1{border-radius:2rem 2rem 2rem 2rem;}<\/style><a class=\"fusion-button button-flat fusion-button-default-size button-default button-1 fusion-button-default-span fusion-button-default-type\" target=\"_self\" href=\"\/de\/produktkategorie\/elektrokeramik\/\"><span class=\"fusion-button-text\">zum Katalog<\/span><\/a><\/div><\/div><style type=\"text\/css\">.fusion-body .fusion-builder-column-5{width:100% !important;margin-top : 0px;margin-bottom : 0px;}.fusion-builder-column-5 > .fusion-column-wrapper {padding-top : 3.25rem !important;padding-right : 0px !important;margin-right : 0.625rem;padding-bottom : 3.25rem !important;padding-left : 0px !important;margin-left : 0.625rem;}@media only screen and (max-width:1024px) {.fusion-body .fusion-builder-column-5{width:100% !important;order : 0;}.fusion-builder-column-5 > .fusion-column-wrapper {margin-right : 0.625rem;margin-left : 0.625rem;}}@media only screen and (max-width:640px) {.fusion-body .fusion-builder-column-5{width:100% !important;order : 0;}.fusion-builder-column-5 > .fusion-column-wrapper {margin-right : 0.625rem;margin-left : 0.625rem;}}<\/style><\/div><\/div><style type=\"text\/css\">.fusion-body .fusion-flex-container.fusion-builder-row-1{ padding-top : 0px;margin-top : 0px;padding-right : 0px;padding-bottom : 3.25rem;margin-bottom : 0px;padding-left : 0px;}<\/style><\/section>\n","protected":false},"excerpt":{"rendered":"","protected":false},"author":3,"featured_media":0,"parent":6788,"menu_order":0,"comment_status":"closed","ping_status":"closed","template":"","meta":{"footnotes":""},"class_list":["post-6794","page","type-page","status-publish","hentry"],"acf":[],"_links":{"self":[{"href":"https:\/\/php74.dfirma.pl\/de\/wp-json\/wp\/v2\/pages\/6794","targetHints":{"allow":["GET"]}}],"collection":[{"href":"https:\/\/php74.dfirma.pl\/de\/wp-json\/wp\/v2\/pages"}],"about":[{"href":"https:\/\/php74.dfirma.pl\/de\/wp-json\/wp\/v2\/types\/page"}],"author":[{"embeddable":true,"href":"https:\/\/php74.dfirma.pl\/de\/wp-json\/wp\/v2\/users\/3"}],"replies":[{"embeddable":true,"href":"https:\/\/php74.dfirma.pl\/de\/wp-json\/wp\/v2\/comments?post=6794"}],"version-history":[{"count":3,"href":"https:\/\/php74.dfirma.pl\/de\/wp-json\/wp\/v2\/pages\/6794\/revisions"}],"predecessor-version":[{"id":9436,"href":"https:\/\/php74.dfirma.pl\/de\/wp-json\/wp\/v2\/pages\/6794\/revisions\/9436"}],"up":[{"embeddable":true,"href":"https:\/\/php74.dfirma.pl\/de\/wp-json\/wp\/v2\/pages\/6788"}],"wp:attachment":[{"href":"https:\/\/php74.dfirma.pl\/de\/wp-json\/wp\/v2\/media?parent=6794"}],"curies":[{"name":"wp","href":"https:\/\/api.w.org\/{rel}","templated":true}]}}