{"id":6734,"date":"2022-10-07T14:44:26","date_gmt":"2022-10-07T12:44:26","guid":{"rendered":"https:\/\/php74.dfirma.pl\/dienstleistungen\/"},"modified":"2022-10-17T09:53:22","modified_gmt":"2022-10-17T07:53:22","slug":"dienstleistungen","status":"publish","type":"page","link":"https:\/\/php74.dfirma.pl\/de\/dienstleistungen\/","title":{"rendered":"Dienstleistungen"},"content":{"rendered":"<p><section class=\"fusion-fullwidth fullwidth-box fusion-builder-row-1 fusion-flex-container has-pattern-background has-mask-background nonhundred-percent-fullwidth non-hundred-percent-height-scrolling\" style=\"background-color: rgba(255,255,255,0);background-position: center center;background-repeat: no-repeat;border-width: 0 0 0 0;border-color:var(--awb-color3);border-style:solid;\" ><div class=\"fusion-builder-row fusion-row fusion-flex-align-items-flex-start\" style=\"max-width:calc( 83rem + 1.25rem );margin-left: calc(-1.25rem \/ 2 );margin-right: calc(-1.25rem \/ 2 );\"><div class=\"fusion-layout-column fusion_builder_column fusion-builder-column-0 fusion_builder_column_1_2 1_2 fusion-flex-column fusion-flex-align-self-stretch services_column fusion-menu fusion-column-inner-bg-wrapper fusion-animated\" data-animationType=\"fadeInUp\" data-animationDuration=\"1.0\" data-animationOffset=\"top-into-view\"><div class=\"fusion-column-wrapper fusion-flex-justify-content-flex-start fusion-content-layout-column\" style=\"border-width: .0625rem .0625rem .0625rem .0625rem;border-color:var(--awb-color4);border-style:solid;border-radius:.5rem .5rem .5rem .5rem;overflow:visible;padding: 0px 2rem 2rem 2rem;\"><i class=\"fb-icon-element-1 fb-icon-element fontawesome-icon fa-border-style far circle-yes fusion-text-flow services_icon\" style=\"font-size:28.16px;line-height:56.32px;height:56.32px;width:56.32px;border-width:0px;border-radius:50% 50% 50% 50%;margin-top:-1.6rem;\"><\/i><style>i.fb-icon-element.fontawesome-icon.fb-icon-element-1{ color: var(--awb-color4); background-color: var(--awb-color8); border-color: var(--awb-color8);}i.fb-icon-element.fontawesome-icon.fb-icon-element-1:hover { color: var(--awb-color4); background-color: var(--awb-color8); border-color: var(--awb-color4);}<\/style><style type=\"text\/css\">@media only screen and (max-width:1024px) {.fusion-title.fusion-title-1{margin-top:1.25rem!important; margin-right:.5rem!important;margin-bottom:2rem!important;margin-left:.5rem!important;}}@media only screen and (max-width:640px) {.fusion-title.fusion-title-1{margin-top:0px!important; margin-right:0px!important;margin-bottom:1.25rem!important; margin-left:0px!important;}}.fusion-title.fusion-title-text.fusion-title-1 a{color:var(--awb-color4)}.fusion-title.fusion-title-text.fusion-title-1 a:hover{color:var(--awb-color6)}<\/style><div class=\"fusion-title title fusion-title-1 fusion-sep-none fusion-title-text fusion-title-size-three\" style=\"margin-top:1.25rem;margin-right:.5rem;margin-bottom:2rem;margin-left:.5rem;\"><h3 class=\"title-heading-left fusion-responsive-typography-calculated\" style=\"margin:0;--fontSize:18.75;--minFontSize:1.25rem;line-height:var(--awb-typography1-line-height);\"><a href=\"#0\" class=\"awb-custom-text-color awb-custom-text-hover-color\" target=\"_self\">KONSTRUKTION, GER\u00c4TEWERKSTATT<\/a><\/h3><\/div><\/div><span class=\"fusion-column-inner-bg hover-type-none\" style=\"overflow:hidden;border-radius:.5rem .5rem .5rem .5rem;;\"><a class=\"fusion-column-anchor\" href=\"#konstruktion\"><span class=\"fusion-column-inner-bg-image\" style=\"background-position:left top;background-repeat:no-repeat;-webkit-background-size:cover;-moz-background-size:cover;-o-background-size:cover;background-size:cover;border-radius:.5rem .5rem .5rem .5rem;\"><\/span><\/a><\/span><style type=\"text\/css\">.fusion-body .fusion-builder-column-0{width:50% !important;margin-top : 0px;margin-bottom : 4rem;}.fusion-builder-column-0 > .fusion-column-wrapper {padding-top : 0px !important;padding-right : 2rem !important;margin-right : 0.625rem;padding-bottom : 2rem !important;padding-left : 2rem !important;margin-left : 0.625rem;}.fusion-flex-container .fusion-row .fusion-builder-column-0 > .fusion-column-inner-bg { margin-right:0.625rem;margin-left:0.625rem; }@media only screen and (max-width:1024px) {.fusion-body .fusion-builder-column-0{width:50% !important;order : 0;}.fusion-builder-column-0 > .fusion-column-wrapper {margin-right : 0.625rem;margin-left : 0.625rem;}.fusion-flex-container .fusion-row .fusion-builder-column-0 > .fusion-column-inner-bg { margin-right:0.625rem;margin-left:0.625rem; }}@media only screen and (max-width:640px) {.fusion-body .fusion-builder-column-0{width:100% !important;order : 0;}.fusion-builder-column-0 > .fusion-column-wrapper {margin-right : 0.625rem;margin-left : 0.625rem;}.fusion-flex-container .fusion-row .fusion-builder-column-0 > .fusion-column-inner-bg { margin-right:0.625rem;margin-left:0.625rem; }}<\/style><\/div><div class=\"fusion-layout-column fusion_builder_column fusion-builder-column-1 fusion_builder_column_1_2 1_2 fusion-flex-column fusion-flex-align-self-stretch services_column fusion-menu fusion-column-inner-bg-wrapper fusion-animated\" data-animationType=\"fadeInUp\" data-animationDuration=\"1.0\" data-animationOffset=\"top-into-view\"><div class=\"fusion-column-wrapper fusion-flex-justify-content-flex-start fusion-content-layout-column\" style=\"border-width: .0625rem .0625rem .0625rem .0625rem;border-color:var(--awb-color4);border-style:solid;border-radius:.5rem .5rem .5rem .5rem;overflow:visible;padding: 0px 2rem 2rem 2rem;\"><i class=\"fb-icon-element-2 fb-icon-element fontawesome-icon fa-box-open far circle-yes fusion-text-flow services_icon\" style=\"font-size:28.16px;line-height:56.32px;height:56.32px;width:56.32px;border-width:0px;border-radius:50% 50% 50% 50%;margin-top:-1.6rem;\"><\/i><style>i.fb-icon-element.fontawesome-icon.fb-icon-element-2{ color: var(--awb-color4); background-color: var(--awb-color8); border-color: var(--awb-color8);}i.fb-icon-element.fontawesome-icon.fb-icon-element-2:hover { color: var(--awb-color4); background-color: var(--awb-color8); border-color: var(--awb-color4);}<\/style><style type=\"text\/css\">@media only screen and (max-width:1024px) {.fusion-title.fusion-title-2{margin-top:1.25rem!important; margin-right:.5rem!important;margin-bottom:2rem!important;margin-left:.5rem!important;}}@media only screen and (max-width:640px) {.fusion-title.fusion-title-2{margin-top:0px!important; margin-right:0px!important;margin-bottom:1.25rem!important; margin-left:0px!important;}}.fusion-title.fusion-title-text.fusion-title-2 a{color:var(--awb-color4)}.fusion-title.fusion-title-text.fusion-title-2 a:hover{color:var(--awb-color6)}<\/style><div class=\"fusion-title title fusion-title-2 fusion-sep-none fusion-title-text fusion-title-size-three\" style=\"margin-top:1.25rem;margin-right:.5rem;margin-bottom:2rem;margin-left:.5rem;\"><h3 class=\"title-heading-left fusion-responsive-typography-calculated\" style=\"margin:0;--fontSize:18.75;--minFontSize:1.25rem;line-height:var(--awb-typography1-line-height);\"><a href=\"#0\" class=\"awb-custom-text-color awb-custom-text-hover-color\" target=\"_self\">MASSGESCHNEIDERTE TEILE<\/a><\/h3><\/div><\/div><span class=\"fusion-column-inner-bg hover-type-none\" style=\"overflow:hidden;border-radius:.5rem .5rem .5rem .5rem;;\"><a class=\"fusion-column-anchor\" href=\"#massgeschneiderte-teile\"><span class=\"fusion-column-inner-bg-image\" style=\"background-position:left top;background-repeat:no-repeat;-webkit-background-size:cover;-moz-background-size:cover;-o-background-size:cover;background-size:cover;border-radius:.5rem .5rem .5rem .5rem;\"><\/span><\/a><\/span><style type=\"text\/css\">.fusion-body .fusion-builder-column-1{width:50% !important;margin-top : 0px;margin-bottom : 4rem;}.fusion-builder-column-1 > .fusion-column-wrapper {padding-top : 0px !important;padding-right : 2rem !important;margin-right : 0.625rem;padding-bottom : 2rem !important;padding-left : 2rem !important;margin-left : 0.625rem;}.fusion-flex-container .fusion-row .fusion-builder-column-1 > .fusion-column-inner-bg { margin-right:0.625rem;margin-left:0.625rem; }@media only screen and (max-width:1024px) {.fusion-body .fusion-builder-column-1{width:50% !important;order : 0;}.fusion-builder-column-1 > .fusion-column-wrapper {margin-right : 0.625rem;margin-left : 0.625rem;}.fusion-flex-container .fusion-row .fusion-builder-column-1 > .fusion-column-inner-bg { margin-right:0.625rem;margin-left:0.625rem; }}@media only screen and (max-width:640px) {.fusion-body .fusion-builder-column-1{width:100% !important;order : 0;}.fusion-builder-column-1 > .fusion-column-wrapper {margin-right : 0.625rem;margin-left : 0.625rem;}.fusion-flex-container .fusion-row .fusion-builder-column-1 > .fusion-column-inner-bg { margin-right:0.625rem;margin-left:0.625rem; }}<\/style><\/div><\/div><style type=\"text\/css\">.fusion-fullwidth.fusion-builder-row-1 a:not(.awb-custom-text-hover-color):not(.fusion-button):not(.fusion-builder-module-control):not(.fusion-social-network-icon):not(.fb-icon-element):not(.fusion-countdown-link):not(.fusion-rollover-link):not(.fusion-rollover-gallery):not(.fusion-button-bar):not(.add_to_cart_button):not(.show_details_button):not(.product_type_external):not(.fusion-view-cart):not(.fusion-quick-view):not(.fusion-rollover-title-link):not(.fusion-breadcrumb-link):hover, .fusion-fullwidth.fusion-builder-row-1 a:not(.awb-custom-text-hover-color):not(.fusion-button):not(.fusion-builder-module-control):not(.fusion-social-network-icon):not(.fb-icon-element):not(.fusion-countdown-link):not(.fusion-rollover-link):not(.fusion-rollover-gallery):not(.fusion-button-bar):not(.add_to_cart_button):not(.show_details_button):not(.product_type_external):not(.fusion-view-cart):not(.fusion-quick-view):not(.fusion-rollover-title-link):not(.fusion-breadcrumb-link):hover:before, .fusion-fullwidth.fusion-builder-row-1 a:not(.awb-custom-text-hover-color):not(.fusion-button):not(.fusion-builder-module-control):not(.fusion-social-network-icon):not(.fb-icon-element):not(.fusion-countdown-link):not(.fusion-rollover-link):not(.fusion-rollover-gallery):not(.fusion-button-bar):not(.add_to_cart_button):not(.show_details_button):not(.product_type_external):not(.fusion-view-cart):not(.fusion-quick-view):not(.fusion-rollover-title-link):not(.fusion-breadcrumb-link):hover:after {color: var(--awb-color6);}.fusion-fullwidth.fusion-builder-row-1 .pagination a.inactive:hover, .fusion-fullwidth.fusion-builder-row-1 .fusion-filters .fusion-filter.fusion-active a {border-color: var(--awb-color6);}.fusion-fullwidth.fusion-builder-row-1 .pagination .current {border-color: var(--awb-color6); background-color: var(--awb-color6);}.fusion-fullwidth.fusion-builder-row-1 .fusion-filters .fusion-filter.fusion-active a, .fusion-fullwidth.fusion-builder-row-1 .fusion-date-and-formats .fusion-format-box, .fusion-fullwidth.fusion-builder-row-1 .fusion-popover, .fusion-fullwidth.fusion-builder-row-1 .tooltip-shortcode {color: var(--awb-color6);}#wrapper .fusion-fullwidth.fusion-builder-row-1 .fusion-widget-area .fusion-vertical-menu-widget .menu li.current_page_ancestor > a, #wrapper .fusion-fullwidth.fusion-builder-row-1 .fusion-widget-area .fusion-vertical-menu-widget .menu li.current_page_ancestor > a:before, #wrapper .fusion-fullwidth.fusion-builder-row-1 .fusion-widget-area .fusion-vertical-menu-widget .current-menu-item > a, #wrapper .fusion-fullwidth.fusion-builder-row-1 .fusion-widget-area .fusion-vertical-menu-widget .current-menu-item > a:before, #wrapper .fusion-fullwidth.fusion-builder-row-1 .fusion-widget-area .fusion-vertical-menu-widget .current_page_item > a, #wrapper .fusion-fullwidth.fusion-builder-row-1 .fusion-widget-area .fusion-vertical-menu-widget .current_page_item > a:before {color: var(--awb-color6);}#wrapper .fusion-fullwidth.fusion-builder-row-1 .fusion-widget-area .widget_nav_menu .menu li.current_page_ancestor > a, #wrapper .fusion-fullwidth.fusion-builder-row-1 .fusion-widget-area .widget_nav_menu .menu li.current_page_ancestor > a:before, #wrapper .fusion-fullwidth.fusion-builder-row-1 .fusion-widget-area .widget_nav_menu .current-menu-item > a, #wrapper .fusion-fullwidth.fusion-builder-row-1 .fusion-widget-area .widget_nav_menu .current-menu-item > a:before, #wrapper .fusion-fullwidth.fusion-builder-row-1 .fusion-widget-area .widget_nav_menu .current_page_item > a, #wrapper .fusion-fullwidth.fusion-builder-row-1 .fusion-widget-area .widget_nav_menu .current_page_item > a:before {color: var(--awb-color6);}#wrapper .fusion-fullwidth.fusion-builder-row-1 .fusion-vertical-menu-widget .menu li.current_page_item > a { border-right-color:var(--awb-color6);border-left-color:var(--awb-color6);}#wrapper .fusion-fullwidth.fusion-builder-row-1 .fusion-widget-area .tagcloud a:hover { color: #fff; background-color: var(--awb-color6);border-color: var(--awb-color6);}#main .fusion-fullwidth.fusion-builder-row-1 .post .blog-shortcode-post-title a:hover {color: var(--awb-color6);}.fusion-body .fusion-flex-container.fusion-builder-row-1{ padding-top : 3rem;margin-top : 0px;padding-right : 0px;padding-bottom : 2.25rem;margin-bottom : 0px;padding-left : 0px;}<\/style><\/section><div id=\"konstruktion\"><section class=\"fusion-fullwidth fullwidth-box fusion-builder-row-2 fusion-flex-container has-pattern-background has-mask-background nonhundred-percent-fullwidth non-hundred-percent-height-scrolling\" style=\"background-color: rgba(255,255,255,0);background-position: center center;background-repeat: no-repeat;border-width: 0 0 0 0;border-color:var(--awb-color3);border-style:solid;\" ><div class=\"fusion-builder-row fusion-row fusion-flex-align-items-flex-start\" style=\"max-width:calc( 83rem + 1.25rem );margin-left: calc(-1.25rem \/ 2 );margin-right: calc(-1.25rem \/ 2 );\"><div class=\"fusion-layout-column fusion_builder_column fusion-builder-column-2 fusion_builder_column_1_2 1_2 fusion-flex-column fusion-flex-align-self-stretch fusion-animated\" data-animationType=\"fadeInLeft\" data-animationDuration=\"1.0\" data-animationOffset=\"top-into-view\"><div class=\"fusion-column-wrapper fusion-flex-justify-content-center fusion-content-layout-column\" style=\"background-position:left top;background-repeat:no-repeat;-webkit-background-size:cover;-moz-background-size:cover;-o-background-size:cover;background-size:cover;border-radius:.5rem .5rem .5rem .5rem;border-radius:.5rem .5rem .5rem .5rem;overflow:hidden;padding: 2rem 0px 2rem 0px;\"><style type=\"text\/css\">@media only screen and (max-width:1024px) {.fusion-title.fusion-title-3{margin-top:0px!important; margin-right:0px!important;margin-bottom:3.5rem!important;margin-left:0px!important;}}@media only screen and (max-width:640px) {.fusion-title.fusion-title-3{margin-top:0px!important; margin-right:0px!important;margin-bottom:1.25rem!important; margin-left:0px!important;}}<\/style><div class=\"fusion-title title fusion-title-3 fusion-sep-none fusion-title-text fusion-title-size-two tab-name\" style=\"font-size:2rem;margin-top:0px;margin-right:0px;margin-bottom:3.5rem;margin-left:0px;\"><h2 class=\"title-heading-left fusion-responsive-typography-calculated\" style=\"margin:0;font-size:1em;--fontSize:30;line-height:var(--awb-typography1-line-height);\">KONSTRUKTION, GER\u00c4TEWERKSTATT<\/h2><\/div><div class=\"fusion-text fusion-text-1\"><p>Das Unternehmen verf\u00fcgt \u00fcber die 3D-Konstruktionssoftware Creo 7 und einen eigenen Werkzeugbau. Diese Workshops erm\u00f6glichen es uns, nicht nur unsere eigene Entwicklung, sondern auch die Vorschl\u00e4ge und Bed\u00fcrfnisse unserer Kunden zu realisieren. <\/p>\n<p>Auf folgenden Maschinen k\u00f6nnen wir derzeit freie Kapazit\u00e4ten anbieten:<\/p>\n<ul>\n<li>Drehmaschine SV 18 RA<\/li>\n<li>Fr\u00e4smaschine FN 20<\/li>\n<li>Fr\u00e4smaschine &#8211; FNGJ 20<\/li>\n<li>Flachschleifer BRH20<\/li>\n<li>Elektroerosiver Drahtschneider FANUC \u03b1-c400iA<\/li>\n<li>3-Achs-Bearbeitungszentrum FEELER VMX-820<\/li>\n<\/ul>\n<\/div><\/div><style type=\"text\/css\">.fusion-body .fusion-builder-column-2{width:50% !important;margin-top : 0px;margin-bottom : 0px;}.fusion-builder-column-2 > .fusion-column-wrapper {padding-top : 2rem !important;padding-right : 0px !important;margin-right : 1rem;padding-bottom : 2rem !important;padding-left : 0px !important;margin-left : 0.625rem;}@media only screen and (max-width:1024px) {.fusion-body .fusion-builder-column-2{width:50% !important;order : 0;}.fusion-builder-column-2 > .fusion-column-wrapper {margin-right : 1rem;margin-left : 1rem;}}@media only screen and (max-width:640px) {.fusion-body .fusion-builder-column-2{width:100% !important;order : 0;}.fusion-builder-column-2 > .fusion-column-wrapper {margin-right : 0.625rem;margin-left : 0.625rem;}}<\/style><\/div><div class=\"fusion-layout-column fusion_builder_column fusion-builder-column-3 fusion_builder_column_1_2 1_2 fusion-flex-column fusion-flex-align-self-stretch fusion-animated\" data-animationType=\"fadeInLeft\" data-animationDuration=\"1.0\" data-animationOffset=\"top-into-view\"><div class=\"fusion-column-wrapper fusion-flex-justify-content-flex-start fusion-content-layout-column\" style=\"background-position:left top;background-repeat:no-repeat;-webkit-background-size:cover;-moz-background-size:cover;-o-background-size:cover;background-size:cover;border-radius:.5rem .5rem .5rem .5rem;border-radius:.5rem .5rem .5rem .5rem;overflow:hidden;padding: 2rem 0px 2rem 0px;\"><div ><span class=\" fusion-imageframe imageframe-none imageframe-1 hover-type-none\" style=\"border-radius:.5rem;\"><img decoding=\"async\" width=\"1200\" height=\"938\" title=\"konstruktion\" src=\"https:\/\/php74.dfirma.pl\/wp-content\/uploads\/2022\/07\/konstrukce.jpg\" data-orig-src=\"https:\/\/php74.dfirma.pl\/wp-content\/uploads\/2022\/07\/konstrukce.jpg\" alt class=\"lazyload img-responsive wp-image-6743\" srcset=\"data:image\/svg+xml,%3Csvg%20xmlns%3D%27http%3A%2F%2Fwww.w3.org%2F2000%2Fsvg%27%20width%3D%271200%27%20height%3D%27938%27%20viewBox%3D%270%200%201200%20938%27%3E%3Crect%20width%3D%271200%27%20height%3D%27938%27%20fill-opacity%3D%220%22%2F%3E%3C%2Fsvg%3E\" data-srcset=\"https:\/\/php74.dfirma.pl\/wp-content\/uploads\/2022\/07\/konstrukce-200x156.jpg 200w, https:\/\/php74.dfirma.pl\/wp-content\/uploads\/2022\/07\/konstrukce-400x313.jpg 400w, https:\/\/php74.dfirma.pl\/wp-content\/uploads\/2022\/07\/konstrukce-600x469.jpg 600w, https:\/\/php74.dfirma.pl\/wp-content\/uploads\/2022\/07\/konstrukce-800x625.jpg 800w, https:\/\/php74.dfirma.pl\/wp-content\/uploads\/2022\/07\/konstrukce.jpg 1200w\" data-sizes=\"auto\" data-orig-sizes=\"(max-width: 640px) 100vw, 800px\" \/><\/span><\/div><\/div><style type=\"text\/css\">.fusion-body .fusion-builder-column-3{width:50% !important;margin-top : 0px;margin-bottom : 0px;}.fusion-builder-column-3 > .fusion-column-wrapper {padding-top : 2rem !important;padding-right : 0px !important;margin-right : 0.625rem;padding-bottom : 2rem !important;padding-left : 0px !important;margin-left : 1rem;}@media only screen and (max-width:1024px) {.fusion-body .fusion-builder-column-3{width:50% !important;order : 0;}.fusion-builder-column-3 > .fusion-column-wrapper {margin-right : 1rem;margin-left : 1rem;}}@media only screen and (max-width:640px) {.fusion-body .fusion-builder-column-3{width:100% !important;order : 0;}.fusion-builder-column-3 > .fusion-column-wrapper {margin-right : 0.625rem;margin-left : 0.625rem;}}<\/style><\/div><\/div><style type=\"text\/css\">.fusion-body .fusion-flex-container.fusion-builder-row-2{ padding-top : 0px;margin-top : 0px;padding-right : 0px;padding-bottom : 0px;margin-bottom : 0px;padding-left : 0px;}<\/style><\/section><\/div><div id=\"massgeschneiderte-teile\"><section class=\"fusion-fullwidth fullwidth-box fusion-builder-row-3 fusion-flex-container has-pattern-background has-mask-background nonhundred-percent-fullwidth non-hundred-percent-height-scrolling\" style=\"background-color: #0e0e0e;background-position: center center;background-repeat: no-repeat;border-width: 0 0 0 0;border-color:var(--awb-color3);border-style:solid;\" ><div class=\"fusion-builder-row fusion-row fusion-flex-align-items-flex-start\" style=\"max-width:calc( 83rem + 1.25rem );margin-left: calc(-1.25rem \/ 2 );margin-right: calc(-1.25rem \/ 2 );\"><div class=\"fusion-layout-column fusion_builder_column fusion-builder-column-4 fusion_builder_column_1_2 1_2 fusion-flex-column fusion-flex-align-self-stretch fusion-animated\" data-animationType=\"fadeInRight\" data-animationDuration=\"1.0\" data-animationOffset=\"top-into-view\"><div class=\"fusion-column-wrapper fusion-flex-justify-content-flex-start fusion-content-layout-column\" style=\"background-position:left top;background-repeat:no-repeat;-webkit-background-size:cover;-moz-background-size:cover;-o-background-size:cover;background-size:cover;padding: 2rem 0px 2rem 0px;\"><div ><span class=\" fusion-imageframe imageframe-none imageframe-2 hover-type-none\" style=\"border-radius:.5rem;\"><img decoding=\"async\" width=\"1190\" height=\"794\" title=\"massgeschneiderte-teile\" src=\"https:\/\/php74.dfirma.pl\/wp-content\/uploads\/2022\/07\/zakazkova-vyroba.jpg\" data-orig-src=\"https:\/\/php74.dfirma.pl\/wp-content\/uploads\/2022\/07\/zakazkova-vyroba.jpg\" alt class=\"lazyload img-responsive wp-image-6740\" srcset=\"data:image\/svg+xml,%3Csvg%20xmlns%3D%27http%3A%2F%2Fwww.w3.org%2F2000%2Fsvg%27%20width%3D%271190%27%20height%3D%27794%27%20viewBox%3D%270%200%201190%20794%27%3E%3Crect%20width%3D%271190%27%20height%3D%27794%27%20fill-opacity%3D%220%22%2F%3E%3C%2Fsvg%3E\" data-srcset=\"https:\/\/php74.dfirma.pl\/wp-content\/uploads\/2022\/07\/zakazkova-vyroba-200x133.jpg 200w, https:\/\/php74.dfirma.pl\/wp-content\/uploads\/2022\/07\/zakazkova-vyroba-400x267.jpg 400w, https:\/\/php74.dfirma.pl\/wp-content\/uploads\/2022\/07\/zakazkova-vyroba-600x400.jpg 600w, https:\/\/php74.dfirma.pl\/wp-content\/uploads\/2022\/07\/zakazkova-vyroba-800x534.jpg 800w, https:\/\/php74.dfirma.pl\/wp-content\/uploads\/2022\/07\/zakazkova-vyroba.jpg 1190w\" data-sizes=\"auto\" data-orig-sizes=\"(max-width: 640px) 100vw, 800px\" \/><\/span><\/div><\/div><style type=\"text\/css\">.fusion-body .fusion-builder-column-4{width:50% !important;margin-top : 0px;margin-bottom : 0px;}.fusion-builder-column-4 > .fusion-column-wrapper {padding-top : 2rem !important;padding-right : 0px !important;margin-right : 1rem;padding-bottom : 2rem !important;padding-left : 0px !important;margin-left : 0.625rem;}@media only screen and (max-width:1024px) {.fusion-body .fusion-builder-column-4{width:50% !important;order : 2;}.fusion-builder-column-4 > .fusion-column-wrapper {margin-right : 1rem;margin-left : 1rem;}}@media only screen and (max-width:640px) {.fusion-body .fusion-builder-column-4{width:100% !important;order : 2;}.fusion-builder-column-4 > .fusion-column-wrapper {margin-right : 0.625rem;margin-left : 0.625rem;}}<\/style><\/div><div class=\"fusion-layout-column fusion_builder_column fusion-builder-column-5 fusion_builder_column_1_2 1_2 fusion-flex-column fusion-flex-align-self-stretch fusion-animated\" data-animationType=\"fadeInRight\" data-animationDuration=\"1.0\" data-animationOffset=\"top-into-view\"><div class=\"fusion-column-wrapper fusion-flex-justify-content-center fusion-content-layout-column\" style=\"background-position:left top;background-repeat:no-repeat;-webkit-background-size:cover;-moz-background-size:cover;-o-background-size:cover;background-size:cover;padding: 2rem 0px 2rem 0px;\"><style type=\"text\/css\">@media only screen and (max-width:1024px) {.fusion-title.fusion-title-4{margin-top:0px!important; margin-right:0px!important;margin-bottom:3.5rem!important;margin-left:0px!important;}}@media only screen and (max-width:640px) {.fusion-title.fusion-title-4{margin-top:0px!important; margin-right:0px!important;margin-bottom:1.25rem!important; margin-left:0px!important;}}<\/style><div class=\"fusion-title title fusion-title-4 fusion-sep-none fusion-title-text fusion-title-size-two tab-name\" style=\"font-size:2rem;margin-top:0px;margin-right:0px;margin-bottom:3.5rem;margin-left:0px;\"><h2 class=\"title-heading-left fusion-responsive-typography-calculated\" style=\"margin:0;font-size:1em;--fontSize:30;line-height:var(--awb-typography1-line-height);\">MASSGESCHNEIDERTE TEILE<\/h2><\/div><div class=\"fusion-text fusion-text-2\"><p>Sonderanfertigungen sind ein fester Bestandteil unseres Produktionsportfolios. Wir sind in der Lage, Kundenanforderungen zu erf\u00fcllen, die von Produktdesigns auf der Grundlage von Kundenkonzepten bis zur Lieferung des Endprodukts reichen. Selbstverst\u00e4ndlich ist eine technische Dokumentation enthalten und in den meisten F\u00e4llen k\u00f6nnen wir auch Musterger\u00e4te zum Testen zur Verf\u00fcgung stellen. Bei der Produktentwicklung ist es unser Hauptziel, das Produkt so weit wie m\u00f6glich an die Bed\u00fcrfnisse des Kunden anzupassen und gleichzeitig die geeignete Produktionstechnologie auszuw\u00e4hlen, die die gew\u00fcnschte Qualit\u00e4t und preisliche Wettbewerbsf\u00e4higkeit gew\u00e4hrleistet.<\/p>\n<\/div><\/div><style type=\"text\/css\">.fusion-body .fusion-builder-column-5{width:50% !important;margin-top : 0px;margin-bottom : 0px;}.fusion-builder-column-5 > .fusion-column-wrapper {padding-top : 2rem !important;padding-right : 0px !important;margin-right : 0.625rem;padding-bottom : 2rem !important;padding-left : 0px !important;margin-left : 1rem;}@media only screen and (max-width:1024px) {.fusion-body .fusion-builder-column-5{width:50% !important;order : 1;}.fusion-builder-column-5 > .fusion-column-wrapper {margin-right : 1rem;margin-left : 1rem;}}@media only screen and (max-width:640px) {.fusion-body .fusion-builder-column-5{width:100% !important;order : 1;}.fusion-builder-column-5 > .fusion-column-wrapper {margin-right : 0.625rem;margin-left : 0.625rem;}}<\/style><\/div><\/div><style type=\"text\/css\">.fusion-body .fusion-flex-container.fusion-builder-row-3{ padding-top : 0px;margin-top : 0px;padding-right : 0px;padding-bottom : 0px;margin-bottom : 0px;padding-left : 0px;}<\/style><\/section><\/div><\/p>\n","protected":false},"excerpt":{"rendered":"","protected":false},"author":3,"featured_media":0,"parent":0,"menu_order":0,"comment_status":"closed","ping_status":"closed","template":"100-width.php","meta":{"footnotes":""},"class_list":["post-6734","page","type-page","status-publish","hentry"],"acf":[],"_links":{"self":[{"href":"https:\/\/php74.dfirma.pl\/de\/wp-json\/wp\/v2\/pages\/6734","targetHints":{"allow":["GET"]}}],"collection":[{"href":"https:\/\/php74.dfirma.pl\/de\/wp-json\/wp\/v2\/pages"}],"about":[{"href":"https:\/\/php74.dfirma.pl\/de\/wp-json\/wp\/v2\/types\/page"}],"author":[{"embeddable":true,"href":"https:\/\/php74.dfirma.pl\/de\/wp-json\/wp\/v2\/users\/3"}],"replies":[{"embeddable":true,"href":"https:\/\/php74.dfirma.pl\/de\/wp-json\/wp\/v2\/comments?post=6734"}],"version-history":[{"count":0,"href":"https:\/\/php74.dfirma.pl\/de\/wp-json\/wp\/v2\/pages\/6734\/revisions"}],"wp:attachment":[{"href":"https:\/\/php74.dfirma.pl\/de\/wp-json\/wp\/v2\/media?parent=6734"}],"curies":[{"name":"wp","href":"https:\/\/api.w.org\/{rel}","templated":true}]}}