{"id":6721,"date":"2022-10-07T14:35:24","date_gmt":"2022-10-07T12:35:24","guid":{"rendered":"https:\/\/php74.dfirma.pl\/unternehmenspolitik\/"},"modified":"2025-04-16T11:47:29","modified_gmt":"2025-04-16T09:47:29","slug":"unternehmenspolitik","status":"publish","type":"page","link":"https:\/\/php74.dfirma.pl\/de\/unternehmenspolitik\/","title":{"rendered":"Unternehmenspolitik"},"content":{"rendered":"<section class=\"fusion-fullwidth fullwidth-box fusion-builder-row-1 fusion-flex-container has-pattern-background has-mask-background nonhundred-percent-fullwidth non-hundred-percent-height-scrolling fusion-animated\" style=\"background-color: rgba(255,255,255,0);background-position: center center;background-repeat: no-repeat;border-width: 0 0 0 0;border-color:var(--awb-color3);border-style:solid;\" data-animationType=\"fadeInLeft\" data-animationDuration=\"1.0\" data-animationOffset=\"top-into-view\" ><div class=\"fusion-builder-row fusion-row fusion-flex-align-items-flex-start\" style=\"max-width:calc( 83rem + 1.25rem );margin-left: calc(-1.25rem \/ 2 );margin-right: calc(-1.25rem \/ 2 );\"><div class=\"fusion-layout-column fusion_builder_column fusion-builder-column-0 fusion_builder_column_2_3 2_3 fusion-flex-column\"><div class=\"fusion-column-wrapper fusion-flex-justify-content-flex-start fusion-content-layout-column\" style=\"background-position:left top;background-repeat:no-repeat;-webkit-background-size:cover;-moz-background-size:cover;-o-background-size:cover;background-size:cover;padding: 0px 0px 0px 0px;\"><div class=\"fusion-text fusion-text-1\"><p>Wir sind ein Familienunternehmen, das sich mit der Herstellung und Entwicklung von Industriekeramik und Porzellanprodukten besch\u00e4ftigt und auf eine langj\u00e4hrige Tradition zur\u00fcckblicken kann. Mit Hilfe der Normen ISO 9001 (Qualit\u00e4tsmanagementsystem) und 14001 (Umweltmanagement) bauen wir ein stabiles, florierendes Unternehmen auf, dessen Hauptziel es ist, die Bed\u00fcrfnisse unserer Kunden mit R\u00fccksicht auf die Umwelt zu erf\u00fcllen. Um wettbewerbsf\u00e4hig zu sein, planen wir, unseren Produktionsprozess schrittweise zu automatisieren und weiter zu rationalisieren. Dies wird uns nicht nur erm\u00f6glichen, bestehende Produkte kosteng\u00fcnstiger und mit weniger Abfall zu produzieren, sondern auch unser Produktportfolio zu erweitern.<\/p>\n<\/div><\/div><style type=\"text\/css\">.fusion-body .fusion-builder-column-0{width:66.666666666667% !important;margin-top : 0px;margin-bottom : 0px;}.fusion-builder-column-0 > .fusion-column-wrapper {padding-top : 0px !important;padding-right : 0px !important;margin-right : 0.625rem;padding-bottom : 0px !important;padding-left : 0px !important;margin-left : 0.625rem;}@media only screen and (max-width:1024px) {.fusion-body .fusion-builder-column-0{width:66.666666666667% !important;order : 0;}.fusion-builder-column-0 > .fusion-column-wrapper {margin-right : 0.625rem;margin-left : 0.625rem;}}@media only screen and (max-width:640px) {.fusion-body .fusion-builder-column-0{width:100% !important;order : 0;}.fusion-builder-column-0 > .fusion-column-wrapper {margin-right : 0.625rem;margin-left : 0.625rem;}}<\/style><\/div><div class=\"fusion-layout-column fusion_builder_column fusion-builder-column-1 fusion_builder_column_1_3 1_3 fusion-flex-column\"><div class=\"fusion-column-wrapper fusion-flex-justify-content-flex-start fusion-content-layout-column\" style=\"background-position:left top;background-repeat:no-repeat;-webkit-background-size:cover;-moz-background-size:cover;-o-background-size:cover;background-size:cover;padding: 0px 0px 0px 0px;\"><style type=\"text\/css\">.fusion-gallery-1 .fusion-gallery-image {border:0px solid var(--awb-color3);}<\/style><div class=\"awb-gallery-wrapper awb-gallery-wrapper-1 button-span-no\" style=\"--more-btn-alignment:center;\"><div class=\"fusion-gallery fusion-gallery-container fusion-grid-3 fusion-columns-total-3 fusion-gallery-layout-grid fusion-gallery-1\" style=\"margin:-5px;\"><div style=\"padding:5px;\" class=\"fusion-grid-column fusion-gallery-column fusion-gallery-column-3 hover-type-none\"><div class=\"fusion-gallery-image\"><a href=\"https:\/\/php74.dfirma.pl\/wp-content\/uploads\/2025\/04\/Politika-spolecnosti-CZ.jpg\" rel=\"noreferrer\" data-rel=\"iLightbox[gallery_image_1]\" class=\"fusion-lightbox\" target=\"_self\"><img decoding=\"async\" src=\"https:\/\/php74.dfirma.pl\/wp-content\/uploads\/2025\/04\/Politika-spolecnosti-CZ.jpg\" data-orig-src=\"https:\/\/php74.dfirma.pl\/wp-content\/uploads\/2025\/04\/Politika-spolecnosti-CZ.jpg\" width=\"887\" height=\"1280\" alt=\"\" title=\"Integrovan\u00e1 politika jakosti a environmentu\" aria-label=\"Integrovan\u00e1 politika jakosti a environmentu\" class=\"lazyload img-responsive wp-image-10324\" srcset=\"data:image\/svg+xml,%3Csvg%20xmlns%3D%27http%3A%2F%2Fwww.w3.org%2F2000%2Fsvg%27%20width%3D%27887%27%20height%3D%271280%27%20viewBox%3D%270%200%20887%201280%27%3E%3Crect%20width%3D%27887%27%20height%3D%271280%27%20fill-opacity%3D%220%22%2F%3E%3C%2Fsvg%3E\" data-srcset=\"https:\/\/php74.dfirma.pl\/wp-content\/uploads\/2025\/04\/Politika-spolecnosti-CZ-200x289.jpg 200w, https:\/\/php74.dfirma.pl\/wp-content\/uploads\/2025\/04\/Politika-spolecnosti-CZ-400x577.jpg 400w, https:\/\/php74.dfirma.pl\/wp-content\/uploads\/2025\/04\/Politika-spolecnosti-CZ-600x866.jpg 600w, https:\/\/php74.dfirma.pl\/wp-content\/uploads\/2025\/04\/Politika-spolecnosti-CZ-800x1154.jpg 800w, https:\/\/php74.dfirma.pl\/wp-content\/uploads\/2025\/04\/Politika-spolecnosti-CZ.jpg 887w\" data-sizes=\"auto\" data-orig-sizes=\"(min-width: 2200px) 100vw, (min-width: 784px) 439px, (min-width: 712px) 659px, (min-width: 640px) 712px, \" \/><\/a><\/div><\/div><div style=\"padding:5px;\" class=\"fusion-grid-column fusion-gallery-column fusion-gallery-column-3 hover-type-none\"><div class=\"fusion-gallery-image\"><a href=\"https:\/\/php74.dfirma.pl\/wp-content\/uploads\/2025\/04\/Company-policy-EN.jpg\" rel=\"noreferrer\" data-rel=\"iLightbox[gallery_image_1]\" class=\"fusion-lightbox\" target=\"_self\"><img decoding=\"async\" src=\"https:\/\/php74.dfirma.pl\/wp-content\/uploads\/2025\/04\/Company-policy-EN.jpg\" data-orig-src=\"https:\/\/php74.dfirma.pl\/wp-content\/uploads\/2025\/04\/Company-policy-EN.jpg\" width=\"887\" height=\"1280\" alt=\"\" title=\"Integrovan\u00e1 politika jakosti a environmentu\" aria-label=\"Integrovan\u00e1 politika jakosti a environmentu\" class=\"lazyload img-responsive wp-image-10327\" srcset=\"data:image\/svg+xml,%3Csvg%20xmlns%3D%27http%3A%2F%2Fwww.w3.org%2F2000%2Fsvg%27%20width%3D%27887%27%20height%3D%271280%27%20viewBox%3D%270%200%20887%201280%27%3E%3Crect%20width%3D%27887%27%20height%3D%271280%27%20fill-opacity%3D%220%22%2F%3E%3C%2Fsvg%3E\" data-srcset=\"https:\/\/php74.dfirma.pl\/wp-content\/uploads\/2025\/04\/Company-policy-EN-200x289.jpg 200w, https:\/\/php74.dfirma.pl\/wp-content\/uploads\/2025\/04\/Company-policy-EN-400x577.jpg 400w, https:\/\/php74.dfirma.pl\/wp-content\/uploads\/2025\/04\/Company-policy-EN-600x866.jpg 600w, https:\/\/php74.dfirma.pl\/wp-content\/uploads\/2025\/04\/Company-policy-EN-800x1154.jpg 800w, https:\/\/php74.dfirma.pl\/wp-content\/uploads\/2025\/04\/Company-policy-EN.jpg 887w\" data-sizes=\"auto\" data-orig-sizes=\"(min-width: 2200px) 100vw, (min-width: 784px) 439px, (min-width: 712px) 659px, (min-width: 640px) 712px, \" \/><\/a><\/div><\/div><div style=\"padding:5px;\" class=\"fusion-grid-column fusion-gallery-column fusion-gallery-column-3 hover-type-none\"><div class=\"fusion-gallery-image\"><a href=\"https:\/\/php74.dfirma.pl\/wp-content\/uploads\/2025\/04\/Unternehmenspolitik-DE.jpg\" rel=\"noreferrer\" data-rel=\"iLightbox[gallery_image_1]\" class=\"fusion-lightbox\" target=\"_self\"><img decoding=\"async\" src=\"https:\/\/php74.dfirma.pl\/wp-content\/uploads\/2025\/04\/Unternehmenspolitik-DE.jpg\" data-orig-src=\"https:\/\/php74.dfirma.pl\/wp-content\/uploads\/2025\/04\/Unternehmenspolitik-DE.jpg\" width=\"887\" height=\"1280\" alt=\"\" title=\"Integrovan\u00e1 politika jakosti a environmentu\" aria-label=\"Integrovan\u00e1 politika jakosti a environmentu\" class=\"lazyload img-responsive wp-image-10330\" srcset=\"data:image\/svg+xml,%3Csvg%20xmlns%3D%27http%3A%2F%2Fwww.w3.org%2F2000%2Fsvg%27%20width%3D%27887%27%20height%3D%271280%27%20viewBox%3D%270%200%20887%201280%27%3E%3Crect%20width%3D%27887%27%20height%3D%271280%27%20fill-opacity%3D%220%22%2F%3E%3C%2Fsvg%3E\" data-srcset=\"https:\/\/php74.dfirma.pl\/wp-content\/uploads\/2025\/04\/Unternehmenspolitik-DE-200x289.jpg 200w, https:\/\/php74.dfirma.pl\/wp-content\/uploads\/2025\/04\/Unternehmenspolitik-DE-400x577.jpg 400w, https:\/\/php74.dfirma.pl\/wp-content\/uploads\/2025\/04\/Unternehmenspolitik-DE-600x866.jpg 600w, https:\/\/php74.dfirma.pl\/wp-content\/uploads\/2025\/04\/Unternehmenspolitik-DE-800x1154.jpg 800w, https:\/\/php74.dfirma.pl\/wp-content\/uploads\/2025\/04\/Unternehmenspolitik-DE.jpg 887w\" data-sizes=\"auto\" data-orig-sizes=\"(min-width: 2200px) 100vw, (min-width: 784px) 439px, (min-width: 712px) 659px, (min-width: 640px) 712px, \" \/><\/a><\/div><\/div><div class=\"clearfix\"><\/div><\/div><\/div><\/div><style type=\"text\/css\">.fusion-body .fusion-builder-column-1{width:33.333333333333% !important;margin-top : 0px;margin-bottom : 0px;}.fusion-builder-column-1 > .fusion-column-wrapper {padding-top : 0px !important;padding-right : 0px !important;margin-right : 0.625rem;padding-bottom : 0px !important;padding-left : 0px !important;margin-left : 0.625rem;}@media only screen and (max-width:1024px) {.fusion-body .fusion-builder-column-1{width:33.333333333333% !important;order : 0;}.fusion-builder-column-1 > .fusion-column-wrapper {margin-right : 0.625rem;margin-left : 0.625rem;}}@media only screen and (max-width:640px) {.fusion-body .fusion-builder-column-1{width:100% !important;order : 0;}.fusion-builder-column-1 > .fusion-column-wrapper {margin-right : 0.625rem;margin-left : 0.625rem;}}<\/style><\/div><\/div><style type=\"text\/css\">.fusion-body .fusion-flex-container.fusion-builder-row-1{ padding-top : 0px;margin-top : 0px;padding-right : 0px;padding-bottom : 0px;margin-bottom : 0px;padding-left : 0px;}<\/style><\/section>\n","protected":false},"excerpt":{"rendered":"","protected":false},"author":3,"featured_media":0,"parent":0,"menu_order":0,"comment_status":"closed","ping_status":"closed","template":"100-width.php","meta":{"footnotes":""},"class_list":["post-6721","page","type-page","status-publish","hentry"],"acf":[],"_links":{"self":[{"href":"https:\/\/php74.dfirma.pl\/de\/wp-json\/wp\/v2\/pages\/6721","targetHints":{"allow":["GET"]}}],"collection":[{"href":"https:\/\/php74.dfirma.pl\/de\/wp-json\/wp\/v2\/pages"}],"about":[{"href":"https:\/\/php74.dfirma.pl\/de\/wp-json\/wp\/v2\/types\/page"}],"author":[{"embeddable":true,"href":"https:\/\/php74.dfirma.pl\/de\/wp-json\/wp\/v2\/users\/3"}],"replies":[{"embeddable":true,"href":"https:\/\/php74.dfirma.pl\/de\/wp-json\/wp\/v2\/comments?post=6721"}],"version-history":[{"count":3,"href":"https:\/\/php74.dfirma.pl\/de\/wp-json\/wp\/v2\/pages\/6721\/revisions"}],"predecessor-version":[{"id":10339,"href":"https:\/\/php74.dfirma.pl\/de\/wp-json\/wp\/v2\/pages\/6721\/revisions\/10339"}],"wp:attachment":[{"href":"https:\/\/php74.dfirma.pl\/de\/wp-json\/wp\/v2\/media?parent=6721"}],"curies":[{"name":"wp","href":"https:\/\/api.w.org\/{rel}","templated":true}]}}